{"id":18196,"date":"2017-12-19T10:42:42","date_gmt":"2017-12-19T10:42:42","guid":{"rendered":"http:\/\/www.padel-test.de\/padel-plaetze\/padel-osnabrueck\/"},"modified":"2022-11-01T19:28:43","modified_gmt":"2022-11-01T19:28:43","slug":"padel-osnabrueck","status":"publish","type":"page","link":"https:\/\/www.padel-test.de\/en\/paddle-courts\/padel-osnabrueck\/","title":{"rendered":"Padel Osnabr\u00fcck"},"content":{"rendered":"<p><strong>Playing padel in Osnabr\u00fcck and the surrounding area<\/strong><\/p>\n<p>Around Osnabr\u00fcck, padel can be played in Espelkamp, Herzebrock-Clarholz and M\u00fcnster. All three padel locations are only about 30-50 minutes away from Osnabr\u00fcck and can therefore be reached quickly by car.<\/p>\n<p>Who <a href=\"\/en\/padel-tv-espelkamp\/\">Padel in Espelkamp<\/a> would like to play can use one of the two outdoor padel courts on the sports grounds of the tennis club TV Espelkamp. The site now regularly plays host to national and local <a href=\"\/en\/padel-tournaments-2\/\">Paddle tournaments<\/a>.<\/p>\n<p>Conveniently, there is a spectator stand right next to the court. This makes not only playing padel fun, but also watching the numerous events.<\/p>\n<p>Only 20 minutes by car from G\u00fctersloh stands the <a href=\"\/en\/padel-point-center-herzebrock\/\">Padel Point Center Herzebrock<\/a>. Here is an outdoor padel court with artificial turf and floodlights. The padel court is operated by Tennis-Point GmbH.<\/p>\n<p>And in M\u00fcnster you can find the <a href=\"\/en\/padel-muenster\/\">Padel Hall M\u00fcnster<\/a>which, in addition to padel, also offers soccer and a large gastronomy!<\/p>\n<p><em>-&gt; Back to the <a href=\"\/en\/paddle-courts\/\">Map of German Padel Courts<\/a><\/em><\/p>\n\t<h3>Paddle Tennis Courts - Map<\/h3>\n\n<!-- iframe plugin v.6.0 wordpress.org\/plugins\/iframe\/ -->\n<iframe loading=\"lazy\" src=\"https:\/\/www.google.com\/maps\/d\/embed?mid=18OVW4FiG4noVz4vFAYmYzmjpOW8\" width=\"900\" 0=\"height=&quot;300&quot;&amp;gt;&amp;lt;\/iframe\" height=\"500\" scrolling=\"yes\" class=\"iframe-class\" frameborder=\"0\"><\/iframe>\n\n<h4>\n\t\tPadel News\n\t<\/h4>\n\t\t\t\t<a href=\"https:\/\/www.facebook.com\/sharer.php?u=https:\/\/www.padel-test.de\/?page_id=18196&#038;fl_builder&#038;title=Padel+Osnabr%C3%BCck\">\n\t\t\t\t\t\t\t\t\t\t\t\tShare on Facebook\n\t\t\t\t\t\t\t\t\t<\/a>\n\t\t\t\t<a href=\"https:\/\/twitter.com\/intent\/tweet?url=https:\/\/www.padel-test.de\/?page_id=18196&#038;fl_builder&#038;text=Padel+Osnabr%C3%BCck\">\n\t\t\t\t\t\t\t\t\t\t\t\tShare on Twitter\n\t\t\t\t\t\t\t\t\t<\/a>\n\t\t\t\t<a href=\"https:\/\/www.linkedin.com\/shareArticle?mini=true&#038;url=https:\/\/www.padel-test.de\/?page_id=18196&#038;fl_builder&#038;title=Padel+Osnabr%C3%BCck\">\n\t\t\t\t\t\t\t\t\t\t\t\tShare on Linkedin\n\t\t\t\t\t\t\t\t\t<\/a>\n\t\t\t\t<a href=\"mailto:?body=https:\/\/www.padel-test.de\/?page_id=18196&#038;fl_builder\">\n\t\t\t\t\t\t\t\t\t\t\t\tShare on e-mail\n\t\t\t\t\t\t\t\t\t<\/a>","protected":false},"excerpt":{"rendered":"<p>Playing padel in Osnabr\u00fcck and the surrounding area Around Osnabr\u00fcck, padel can be played in Espelkamp, Herzebrock-Clarholz and M\u00fcnster. All three padel locations are only about 30-50 minutes away from Osnabr\u00fcck and can therefore be reached quickly by car. If you want to play padel in Espelkamp, you can use one of the two outdoor padel courts on the sports grounds of the...<\/p>","protected":false},"author":1,"featured_media":16857,"parent":18160,"menu_order":16,"comment_status":"open","ping_status":"open","template":"","meta":{"_acf_changed":false,"_sitemap_exclude":false,"_sitemap_priority":"","_sitemap_frequency":"","_analytify_skip_tracking":false,"footnotes":""},"class_list":["post-18196","page","type-page","status-publish","has-post-thumbnail","hentry"],"acf":[],"_links":{"self":[{"href":"https:\/\/www.padel-test.de\/en\/wp-json\/wp\/v2\/pages\/18196","targetHints":{"allow":["GET"]}}],"collection":[{"href":"https:\/\/www.padel-test.de\/en\/wp-json\/wp\/v2\/pages"}],"about":[{"href":"https:\/\/www.padel-test.de\/en\/wp-json\/wp\/v2\/types\/page"}],"author":[{"embeddable":true,"href":"https:\/\/www.padel-test.de\/en\/wp-json\/wp\/v2\/users\/1"}],"replies":[{"embeddable":true,"href":"https:\/\/www.padel-test.de\/en\/wp-json\/wp\/v2\/comments?post=18196"}],"version-history":[{"count":0,"href":"https:\/\/www.padel-test.de\/en\/wp-json\/wp\/v2\/pages\/18196\/revisions"}],"up":[{"embeddable":true,"href":"https:\/\/www.padel-test.de\/en\/wp-json\/wp\/v2\/pages\/18160"}],"wp:featuredmedia":[{"embeddable":true,"href":"https:\/\/www.padel-test.de\/en\/wp-json\/wp\/v2\/media\/16857"}],"wp:attachment":[{"href":"https:\/\/www.padel-test.de\/en\/wp-json\/wp\/v2\/media?parent=18196"}],"curies":[{"name":"wp","href":"https:\/\/api.w.org\/{rel}","templated":true}]}}