{"id":18254,"date":"2022-02-07T14:50:37","date_gmt":"2022-02-07T14:50:37","guid":{"rendered":"http:\/\/www.padel-test.de\/padel-wissen\/padel-fans\/arjen-robben-padel\/"},"modified":"2022-10-31T22:03:43","modified_gmt":"2022-10-31T22:03:43","slug":"arjen-robben-padel","status":"publish","type":"page","link":"https:\/\/www.padel-test.de\/en\/padel-knowledge\/padel-fans\/arjen-robben-padel\/","title":{"rendered":"Arjen Robben Padel"},"content":{"rendered":"<p><strong>Arjen Robben<\/strong>: At the latest since his appearance as <a href=\"\/en\/padel-news\/padel-tennis-in-who-wants-to-be-a-millionaire\/\">Padel-Joker bei &#8222;Wer wird Million\u00e4r&#8220;<\/a> half of Germany knows that Arjen Robben is also an enthusiastic padel fan.<\/p>\n<p>&nbsp;<\/p>\n<p>Soon we will post some photos and videos of the Dutch ex-football pro and now padel enthusiast.<\/p>\n<p>&nbsp;<\/p>\n<p>Stay tuned!<\/p>\n<p>&nbsp;<\/p>\n<p>By the way, here is some info about <a href=\"\/en\/padel-news\/map-of-paddle-courts-in-the-netherlands\/\">Padel Tennis in the Netherlands<\/a>!<\/p>\n<p>&nbsp;<\/p>\n<h3>And here you can find more prominent <a href=\"\/en\/padel-knowledge\/padel-fans\/\">Padel fans<\/a> like J\u00fcrgen Klopp or Zinedine Zidane<\/h3>","protected":false},"excerpt":{"rendered":"<p>Arjen Robben: Sp\u00e4testens seit seinem Auftritt als Padel-Joker bei &#8222;Wer wird Million\u00e4r&#8220; wei\u00df halb Deutschland, dass auch Arjen Robben begeisterter Padel Fan ist. &nbsp; In K\u00fcrze werden wir hier ein paar Photos und Videos des holl\u00e4ndischen Ex-Fu\u00dfball Profis und nun Padel Enthusiasten posten. &nbsp; Stay tuned! &nbsp; Hier \u00fcbrigens ein paar Infos \u00fcber Padel Tennis&hellip;<\/p>","protected":false},"author":1,"featured_media":0,"parent":18251,"menu_order":0,"comment_status":"closed","ping_status":"closed","template":"","meta":{"_acf_changed":false,"_sitemap_exclude":false,"_sitemap_priority":"","_sitemap_frequency":"","_analytify_skip_tracking":false,"footnotes":""},"class_list":["post-18254","page","type-page","status-publish","hentry"],"acf":[],"_links":{"self":[{"href":"https:\/\/www.padel-test.de\/en\/wp-json\/wp\/v2\/pages\/18254","targetHints":{"allow":["GET"]}}],"collection":[{"href":"https:\/\/www.padel-test.de\/en\/wp-json\/wp\/v2\/pages"}],"about":[{"href":"https:\/\/www.padel-test.de\/en\/wp-json\/wp\/v2\/types\/page"}],"author":[{"embeddable":true,"href":"https:\/\/www.padel-test.de\/en\/wp-json\/wp\/v2\/users\/1"}],"replies":[{"embeddable":true,"href":"https:\/\/www.padel-test.de\/en\/wp-json\/wp\/v2\/comments?post=18254"}],"version-history":[{"count":0,"href":"https:\/\/www.padel-test.de\/en\/wp-json\/wp\/v2\/pages\/18254\/revisions"}],"up":[{"embeddable":true,"href":"https:\/\/www.padel-test.de\/en\/wp-json\/wp\/v2\/pages\/18251"}],"wp:attachment":[{"href":"https:\/\/www.padel-test.de\/en\/wp-json\/wp\/v2\/media?parent=18254"}],"curies":[{"name":"wp","href":"https:\/\/api.w.org\/{rel}","templated":true}]}}