{"id":17607,"date":"2022-10-31T22:59:02","date_gmt":"2022-10-31T22:59:02","guid":{"rendered":"http:\/\/www.padel-test.de\/padel-nachrichten\/padelplatz-kosten\/"},"modified":"2023-01-09T10:13:20","modified_gmt":"2023-01-09T10:13:20","slug":"costas-judiciales","status":"publish","type":"page","link":"https:\/\/www.padel-test.de\/es\/conocimientos-de-padel\/costas-judiciales\/","title":{"rendered":"Costes de la pista de p\u00e1del: \u00a1as\u00ed de caro\/barato es una pista de p\u00e1del!"},"content":{"rendered":"<h2 class=\"has-medium-font-size\">\u00bfCu\u00e1nto cuesta una pista de p\u00e1del?<\/h2>\n<p>Escuchamos esta pregunta una y otra vez, pero desgraciadamente no puede responderse de forma tan sencilla.<\/p>\n<p>Para:<\/p>\n<ul>\n<li>\u00bfSe trata de construir una pista de p\u00e1del al aire libre?<\/li>\n<li>\u00bfO la conversi\u00f3n de una sala de tenis en una sala de p\u00e1del?<\/li>\n<li>\u00bfExiste ya una base adecuada?<\/li>\n<li>\u00bfCu\u00e1les son las diferencias entre los distintos fabricantes de pistas de p\u00e1del?<\/li>\n<li>&#8230;<\/li>\n<\/ul>\n<p>Pero, por supuesto, ya podemos dar algunas respuestas y un simple c\u00e1lculo aproximado.<\/p>\n<p>Una cosa por adelantado:<br \/>\nCon la construcci\u00f3n de pistas de p\u00e1del, los clubes de tenis pueden no s\u00f3lo mantener sus cifras de socios, sino volver a subirlas.<\/p>\n<p>Y, por supuesto, \u00a1el volumen de negocio volver\u00e1 a subir!<\/p>\n<p>&nbsp;<\/p>\n<h3>\u00bfPor qu\u00e9? \u00bfY qu\u00e9 tama\u00f1o tiene una pista de p\u00e1del?<\/h3>\n<p>Porque en una pista de tenis al aire libre se pueden construir 2-3 pistas de p\u00e1del (cada una de 10x20m, que es el tama\u00f1o de una pista de p\u00e1del sin zona de salida).<\/p>\n<p>As\u00ed se aprovecha mucho mejor el espacio.<\/p>\n<p>&nbsp;<\/p>\n<p>Y mientras que en una pista de tenis normalmente s\u00f3lo se juegan individuales (es decir, 2 jugadores), en el p\u00e1del siempre hay s\u00f3lo dobles; as\u00ed que siempre hay 4 jugadores en la pista de p\u00e1del (v\u00e9ase tambi\u00e9n <a href=\"\/es\/conocimientos-de-padel\/reglas-del-padel\/\">Reglas del p\u00e1del<\/a>).<\/p>\n<p>As\u00ed, cuando 2-3 pistas de p\u00e1del est\u00e1n completamente ocupadas, 8-12 jugadores de p\u00e1del juegan en la superficie de una pista de tenis al mismo tiempo.<\/p>\n<p>Aunque las tarifas del p\u00e1del suelen ser m\u00e1s bajas que las del tenis, con un uso tan elevado del espacio, naturalmente se pueden generar m\u00e1s ingresos por metro cuadrado.<\/p>\n<p>&nbsp;<\/p>\n<p><strong>Pero hay otro factor:<\/strong><\/p>\n<p>M\u00e1s jugadores = m\u00e1s convivencia.<\/p>\n<p>El p\u00e1del es un deporte muy social. A la gente le gusta sentarse junta despu\u00e9s del partido y tomarse una o dos cervezas. As\u00ed que la gastronom\u00eda tambi\u00e9n se lleva la palma.<\/p>\n<p>En este contexto, es decir, el aumento de los ingresos, tambi\u00e9n se pueden clasificar mejor las inversiones en la construcci\u00f3n de pistas de p\u00e1del.<\/p>\n<p>&nbsp;<\/p>\n<h3 class=\"has-medium-font-size\">\u00bfCu\u00e1nto cuesta una pista de p\u00e1del?<\/h3>\n<p>Una pista de p\u00e1del cubierta sin obras de cimentaci\u00f3n cuesta entre 15.000 y 25.000 euros, seg\u00fan el constructor de la pista. Las pistas panor\u00e1micas pueden ser un poco m\u00e1s caras, pero son m\u00e1s bien algo para la vista y no son absolutamente necesarias.<\/p>\n<p>Los trabajos de cimentaci\u00f3n pueden variar mucho en funci\u00f3n de la naturaleza del suelo o del uso anterior. Deber\u00eda calcular entre 10.000 y 20.000 euros. Tambi\u00e9n existe la opci\u00f3n de comprar una pista de p\u00e1del de segunda mano, pero es necesario comprobar previamente la pista de p\u00e1del y regular en detalle el transporte y la construcci\u00f3n.<\/p>\n<p>&nbsp;<\/p>\n<h3>C\u00e1lculo para la construcci\u00f3n de una pista de p\u00e1del<\/h3>\n<table style=\"height: 111px;\" width=\"619\">\n<thead>\n<tr class=\"ui-sortable\">\n<th class=\"wps-sort-row ui-sortable-handle\"><\/th>\n<th class=\"wps-sort-row ui-sortable-handle\">Costes<\/th>\n<\/tr>\n<\/thead>\n<tbody>\n<tr>\n<td>Pista de p\u00e1del incl. montaje, est\u00e1tica y pruebas<\/td>\n<td>21.500,- euros<\/td>\n<\/tr>\n<tr>\n<td>Trabajos de cimentaci\u00f3n<\/td>\n<td>13.500 euros<\/td>\n<\/tr>\n<tr>\n<td><strong>Costes totales<\/strong><\/td>\n<td><strong>35.000 euros<\/strong><\/td>\n<\/tr>\n<\/tbody>\n<\/table>\n<p>&nbsp;<\/p>\n<p>&nbsp;<\/p>\n<p>Por supuesto, a\u00fan no se han respondido todas las preguntas.<\/p>\n<p>Pero aqu\u00ed se puede ver el individuo <a href=\"\/es\/constructor-de-cursos-de-padel-2\/\">Comparar fabricantes de pistas de p\u00e1del<\/a> y <a href=\"\/es\/conocimientos-de-padel\/construir-una-pista-de-padel\/\">contacte con<\/a>.<\/p>\n<p>Y entonces, con suerte, obtendr\u00e1s una respuesta a todas tus preguntas \ud83d\ude42 .<\/p>","protected":false},"excerpt":{"rendered":"<p>\u00bfCu\u00e1nto cuesta una pista de p\u00e1del? Escuchamos esta pregunta una y otra vez, pero desgraciadamente no es tan f\u00e1cil de responder. No obstante, puede obtener un primer c\u00e1lculo aproximado aqu\u00ed...<\/p>","protected":false},"author":1,"featured_media":14384,"parent":18170,"menu_order":0,"comment_status":"closed","ping_status":"closed","template":"","meta":{"_acf_changed":false,"_sitemap_exclude":false,"_sitemap_priority":"","_sitemap_frequency":"","_analytify_skip_tracking":false,"footnotes":""},"class_list":["post-17607","page","type-page","status-publish","has-post-thumbnail","hentry"],"acf":[],"_links":{"self":[{"href":"https:\/\/www.padel-test.de\/es\/wp-json\/wp\/v2\/pages\/17607","targetHints":{"allow":["GET"]}}],"collection":[{"href":"https:\/\/www.padel-test.de\/es\/wp-json\/wp\/v2\/pages"}],"about":[{"href":"https:\/\/www.padel-test.de\/es\/wp-json\/wp\/v2\/types\/page"}],"author":[{"embeddable":true,"href":"https:\/\/www.padel-test.de\/es\/wp-json\/wp\/v2\/users\/1"}],"replies":[{"embeddable":true,"href":"https:\/\/www.padel-test.de\/es\/wp-json\/wp\/v2\/comments?post=17607"}],"version-history":[{"count":0,"href":"https:\/\/www.padel-test.de\/es\/wp-json\/wp\/v2\/pages\/17607\/revisions"}],"up":[{"embeddable":true,"href":"https:\/\/www.padel-test.de\/es\/wp-json\/wp\/v2\/pages\/18170"}],"wp:featuredmedia":[{"embeddable":true,"href":"https:\/\/www.padel-test.de\/es\/wp-json\/wp\/v2\/media\/14384"}],"wp:attachment":[{"href":"https:\/\/www.padel-test.de\/es\/wp-json\/wp\/v2\/media?parent=17607"}],"curies":[{"name":"wp","href":"https:\/\/api.w.org\/{rel}","templated":true}]}}