{"id":18154,"date":"2017-10-25T15:34:31","date_gmt":"2017-10-25T15:34:31","guid":{"rendered":"http:\/\/www.padel-test.de\/media\/"},"modified":"2025-08-05T21:02:31","modified_gmt":"2025-08-05T21:02:31","slug":"medios-de-comunicacion","status":"publish","type":"page","link":"https:\/\/www.padel-test.de\/es\/medios-de-comunicacion\/","title":{"rendered":"Medios de comunicaci\u00f3n"},"content":{"rendered":"<h1>Medios de comunicaci\u00f3n<\/h1>\n<p>Padel-Test.de es el portal deportivo m\u00e1s antiguo en lengua alemana sobre el deporte que m\u00e1s crece en el mundo: \u00a1el p\u00e1del!<\/p>\n<p>Y Padel-Test tambi\u00e9n est\u00e1 creciendo r\u00e1pidamente de a\u00f1o en a\u00f1o y ahora se publica en 8 idiomas en todo el mundo.<\/p>\n<p>Gran alcance y a\u00fan as\u00ed muy espec\u00edfico para el grupo objetivo.<\/p>\n<p>Tambi\u00e9n estaremos encantados de facilitarle nuestros datos sobre los medios de comunicaci\u00f3n:<\/p>\n<p><a href=\"https:\/\/www.ernsting.com\/kontakt\/media\/\" target=\"_blank\" rel=\"noopener noreferrer nofollow\">https:\/\/www.ernsting.com\/kontakt\/media\/<\/a><\/p>\n<p>&nbsp;<\/p>\n<p>Si est\u00e1 interesado en campa\u00f1as de imagen o respuesta en Padel-Test.de, no dude en ponerse en contacto con nosotros.<\/p>\n<p>&nbsp;<\/p>\n\t\t\t\t\t\t\t\t<a href=\"https:\/\/www.facebook.com\/sharer.php?u=https:\/\/www.padel-test.de\/?page_id=18154&#038;fl_builder&#038;title=Media\">\n\t\t\t\t\t\t\t\t\t\t\t\tCompartir en Facebook\n\t\t\t\t\t\t\t\t\t<\/a>\n\t\t\t\t\t\t\t\t<a href=\"https:\/\/twitter.com\/intent\/tweet?url=https:\/\/www.padel-test.de\/?page_id=18154&#038;fl_builder&#038;text=Media\">\n\t\t\t\t\t\t\t\t\t\t\t\t\t<i>\ud835\udd4f<\/i>\n\t\t\t\t\t\t\t\t\t\t\t\tShare on X\n\t\t\t\t\t\t\t\t\t<\/a>\n\t\t\t\t\t\t\t\t<a href=\"https:\/\/www.linkedin.com\/shareArticle?mini=true&#038;url=https:\/\/www.padel-test.de\/?page_id=18154&#038;fl_builder&#038;title=Media\">\n\t\t\t\t\t\t\t\t\t\t\t\tCompartir en Linkedin\n\t\t\t\t\t\t\t\t\t<\/a>\n\t\t\t\t\t\t\t\t<a href=\"mailto:?body=https:\/\/www.padel-test.de\/?page_id=18154&#038;fl_builder\">\n\t\t\t\t\t\t\t\t\t\t\t\tCompartir en el correo electr\u00f3nico\n\t\t\t\t\t\t\t\t\t<\/a>","protected":false},"excerpt":{"rendered":"<p>Media Padel-Test.de es el portal deportivo en lengua alemana m\u00e1s antiguo sobre el deporte de mayor crecimiento en el mundo: \u00a1el p\u00e1del! Y Padel-Test tambi\u00e9n crece r\u00e1pidamente de a\u00f1o en a\u00f1o y ahora se publica en 8 idiomas en todo el mundo. Cobertura elevada y, aun as\u00ed, muy espec\u00edfica para cada grupo destinatario. Tambi\u00e9n estamos encantados de facilitarle nuestros datos de medios de comunicaci\u00f3n: https:\/\/www.ernsting.com\/kontakt\/media\/ Si est\u00e1 interesado en imagen o...<\/p>","protected":false},"author":1,"featured_media":0,"parent":0,"menu_order":7,"comment_status":"closed","ping_status":"closed","template":"","meta":{"_acf_changed":false,"_sitemap_exclude":false,"_sitemap_priority":"","_sitemap_frequency":"","_analytify_skip_tracking":false,"footnotes":""},"class_list":["post-18154","page","type-page","status-publish","hentry"],"acf":[],"_links":{"self":[{"href":"https:\/\/www.padel-test.de\/es\/wp-json\/wp\/v2\/pages\/18154","targetHints":{"allow":["GET"]}}],"collection":[{"href":"https:\/\/www.padel-test.de\/es\/wp-json\/wp\/v2\/pages"}],"about":[{"href":"https:\/\/www.padel-test.de\/es\/wp-json\/wp\/v2\/types\/page"}],"author":[{"embeddable":true,"href":"https:\/\/www.padel-test.de\/es\/wp-json\/wp\/v2\/users\/1"}],"replies":[{"embeddable":true,"href":"https:\/\/www.padel-test.de\/es\/wp-json\/wp\/v2\/comments?post=18154"}],"version-history":[{"count":2,"href":"https:\/\/www.padel-test.de\/es\/wp-json\/wp\/v2\/pages\/18154\/revisions"}],"predecessor-version":[{"id":24157,"href":"https:\/\/www.padel-test.de\/es\/wp-json\/wp\/v2\/pages\/18154\/revisions\/24157"}],"wp:attachment":[{"href":"https:\/\/www.padel-test.de\/es\/wp-json\/wp\/v2\/media?parent=18154"}],"curies":[{"name":"wp","href":"https:\/\/api.w.org\/{rel}","templated":true}]}}