{"id":18159,"date":"2017-10-26T09:39:36","date_gmt":"2017-10-26T09:39:36","guid":{"rendered":"http:\/\/www.padel-test.de\/padel-tennis\/"},"modified":"2022-11-28T21:31:13","modified_gmt":"2022-11-28T21:31:13","slug":"padel-tenis","status":"publish","type":"page","link":"https:\/\/www.padel-test.de\/es\/conocimientos-de-padel\/padel-tenis\/","title":{"rendered":"P\u00e1del"},"content":{"rendered":"<p><strong>P\u00e1del<\/strong> es una mezcla de tenis y squash y tiene la enorme ventaja de que puedes ponerte en marcha despu\u00e9s de la primera sesi\u00f3n de entrenamiento. El p\u00e1del se juega siempre de cuatro en cuatro, es decir, dos dobles se enfrentan entre s\u00ed. Se utilizan pelotas tan parecidas a las de tenis que apenas se nota la diferencia.<\/p>\r\n<p>B\u00e1sicamente, las pelotas de p\u00e1del y de tenis tambi\u00e9n son iguales, pero tienen diferentes cantidades de presi\u00f3n de aire. <a href=\"https:\/\/www.padel-test.de\/es\/conocimientos-de-padel\/pelotas-de-padel\/\">Pelotas de p\u00e1del<\/a> son algo m\u00e1s suaves y no rebotan tanto.<\/p>\r\n<p>Aqu\u00ed encontrar\u00e1 una explicaci\u00f3n de lo que es exactamente el <a href=\"\/es\/conocimientos-de-padel\/pelotas-de-padel\/\">Diferencia entre pelotas de tenis y pelotas de p\u00e1del<\/a> es.<\/p>\r\n<p>En el p\u00e1del, se juega con raquetas de p\u00e1del. Son del tama\u00f1o de las raquetas de tablero de bacon, pesan entre 350 y 400 gramos y suelen ser de carbono y\/o aluminio.<\/p>\r\n<p>Aqu\u00ed encontrar\u00e1 una descripci\u00f3n precisa de lo que es especial en las raquetas de p\u00e1del y que <a href=\"\/es\/conocimientos-de-padel\/batidor-de-palas\/\">Raqueta de p\u00e1del<\/a> se adapta mejor a cada tipo de jugador.<\/p>\r\n<p>Por supuesto, hay otras similitudes entre el p\u00e1del y el tenis. Por ejemplo, el sistema de conteo (0, 15, 30 y 40) o los sets, que se juegan a 6 y se deciden en un tie break a 6:6.<\/p>\r\n<p>&nbsp;<\/p>\r\n<p style=\"text-align: center;\"><strong>V\u00eddeo de p\u00e1del<\/strong><\/p>\r\n<p><iframe loading=\"lazy\" title=\"Reproductor de v\u00eddeo de YouTube\" src=\"https:\/\/www.youtube.com\/embed\/P6yfa7rfc6o\" width=\"840\" height=\"473\" frameborder=\"0\" allowfullscreen=\"allowfullscreen\"><\/iframe><\/p>\r\n<h2>P\u00e1del<\/h2>\r\n<p>Aunque hay muchas similitudes entre el tenis y el p\u00e1del, las diferencias las superan. A m\u00e1s tardar, cuando te pares en una pista de p\u00e1del por primera vez, notar\u00e1s el <a href=\"\/es\/conocimientos-de-padel\/diferencias-padel-tenis\/\">Diferencias entre el tenis y el p\u00e1del<\/a> aviso. Por suerte, todos los meses se a\u00f1aden nuevos lugares para jugar al p\u00e1del cerca de ti.<\/p>\r\n<p>&nbsp;<\/p>\r\n<h3>P\u00e1del<\/h3>\r\n<p>Algunos todav\u00eda se refieren a \u00e9l como p\u00e1del o tenis de paleta. En los pa\u00edses de habla alemana, sin embargo, se ha popularizado el p\u00e1del o simplemente el tenis de pala. <strong>P\u00e1del<\/strong> establecido.<\/p>\r\n<p>A continuaci\u00f3n, un resumen de los lugares m\u00e1s importantes del p\u00e1del:<\/p>\r\n<ul>\r\n<li><a href=\"\/es\/lugares-de-padel-3\/padel-tenis-berlin\/\">Padel Berl\u00edn<\/a><\/li>\r\n<li><a href=\"\/es\/lugares-de-padel-3\/padel-bremen\/\">Padel Bremen<\/a><\/li>\r\n<li><a href=\"\/es\/lugares-de-padel-3\/padel-cuxhaven\/\">Padel Cuxhaven<\/a><\/li>\r\n<li><a href=\"\/es\/lugares-de-padel-3\/padel-frankfurt\/\">Padel Frankfurt<\/a><\/li>\r\n<li><a href=\"\/es\/lugares-de-padel-3\/padel-hamburgo-2\/\">Padel Hamburgo<\/a><\/li>\r\n<li><a href=\"\/es\/lugares-de-padel-3\/padel-karlsruhe\/\">Padel Karlsruhe<\/a><\/li>\r\n<li><a href=\"\/es\/lugares-de-padel-3\/padel-koeln\/\">Padel Colonia<\/a><\/li>\r\n<li><a href=\"\/es\/lugares-de-padel-3\/padel-muenchen\/\">P\u00e1del en M\u00fanich<\/a><\/li>\r\n<li><a href=\"\/es\/lugares-de-padel-3\/padel-ruhrgebiet\/\">Padel Zona del Ruhr<\/a><\/li>\r\n<li><a href=\"\/es\/lugares-de-padel-3\/\">Mapa de las pistas de p\u00e1del en Alemania, Austria y Suiza<\/a><\/li>\r\n<li><a href=\"\/es\/lugares-de-padel-alemania\/\">P\u00e1del Alemania<\/a><\/li>\r\n<li><a href=\"\/es\/pistas-de-padel-austria\/\">Padel Austria<\/a><\/li>\r\n<li><a href=\"\/es\/pistas-de-padel-suiza\/\">Padel Suiza<\/a><\/li>\r\n<li><a href=\"\/es\/federacion-alemana-de-padel\/\">Asociaci\u00f3n de P\u00e1del<\/a><\/li>\r\n<\/ul>\r\n<p>&nbsp;<\/p>\r\n<h3>Pistas de p\u00e1del en Alemania<\/h3>\r\n<ul id=\"menu-padel-standorte-deutschland\">\r\n<li id=\"menu-item-2903\"><a href=\"https:\/\/www.padel-test.de\/es\/lugares-de-padel-alemania\/\">Lugares de p\u00e1del en Alemania<\/a><\/li>\r\n<li id=\"menu-item-3022\"><a href=\"https:\/\/www.padel-test.de\/es\/padel-court4-baden-baden\/\">Padel Baden-Baden - Corte4<\/a><\/li>\r\n<li><a href=\"\/es\/lugares-de-padel-2\/padel-world-bochum\/\">Padel Bochum<\/a><\/li>\r\n<li id=\"menu-item-2906\"><a href=\"https:\/\/www.padel-test.de\/es\/padel-berlin-friedrichshain\/\">Padel Berl\u00edn - Friedrichshain<\/a><\/li>\r\n<li id=\"menu-item-2904\"><a href=\"https:\/\/www.padel-test.de\/es\/padel-club-berlin-international\/\">Padel Berl\u00edn - Club Internacional<\/a><\/li>\r\n<li id=\"menu-item-2905\"><a href=\"https:\/\/www.padel-test.de\/es\/padel-berlin-reinickendorf\/\">Padel Berlin Reinickendorf<\/a><\/li>\r\n<li id=\"menu-item-3023\"><a href=\"https:\/\/www.padel-test.de\/es\/padel-bremen-weyhe\/\">Padel Bremen - Weyhe<\/a><\/li>\r\n<li id=\"menu-item-3025\"><a href=\"https:\/\/www.padel-test.de\/es\/padel-sc-cuxhaven\/\">Padel SC Cuxhaven<\/a><\/li>\r\n<li><a href=\"\/es\/lugares-de-padel-2\/padel-dortmund\/\">Padel Dortmund<\/a><\/li>\r\n<li id=\"menu-item-3027\"><a href=\"https:\/\/www.padel-test.de\/es\/padel-tv-espelkamp\/\">Padel Espelkamp<\/a><\/li>\r\n<li id=\"menu-item-3028\"><a href=\"https:\/\/www.padel-test.de\/es\/tvn-padel-essen\/\">Padel TVN Essen<\/a><\/li>\r\n<li id=\"menu-item-3029\"><a href=\"https:\/\/www.padel-test.de\/es\/padel-frankfurt-niddapark\/\">Padel Frankfurt Niddapark<\/a><\/li>\r\n<li id=\"menu-item-3030\"><a href=\"https:\/\/www.padel-test.de\/es\/padel-hamburguesa-sc-condor\/\">Padel Hamburgo - Condor<\/a><\/li>\r\n<li id=\"menu-item-3031\"><a href=\"https:\/\/www.padel-test.de\/es\/padel-hamburgo-hsv\/\">Padel Hamburgo HSV<\/a><\/li>\r\n<li id=\"menu-item-3032\"><a href=\"https:\/\/www.padel-test.de\/es\/padel-heilbronn-schwaigern\/\">Padel Heilbronn-Schwaigern<\/a><\/li>\r\n<li id=\"menu-item-3033\"><a href=\"https:\/\/www.padel-test.de\/es\/padel-point-center-herzebrock\/\">Padel Point Herzebrock<\/a><\/li>\r\n<li id=\"menu-item-3034\"><a href=\"https:\/\/www.padel-test.de\/es\/padel-durlach-aue\/\">Padel Karlsruhe Durlach-Aue<\/a><\/li>\r\n<li id=\"menu-item-4097\"><a href=\"https:\/\/www.padel-test.de\/es\/padel-tenis-ettlingen\/\">Padel Karlsruhe Ettlingen<\/a><\/li>\r\n<li id=\"menu-item-3035\"><a href=\"https:\/\/www.padel-test.de\/es\/padel-karlsruhe-ketv\/\">Padel Karlsruhe KETV<\/a><\/li>\r\n<li id=\"menu-item-3036\"><a href=\"https:\/\/www.padel-test.de\/es\/padel-karlsruhe-tc-groetzingen\/\">Padel Karlsruhe TC Gr\u00f6tzingen<\/a><\/li>\r\n<li id=\"menu-item-3037\"><a href=\"https:\/\/www.padel-test.de\/es\/padel-colonia\/\">Padel Colonia - Colonia<\/a><\/li>\r\n<li id=\"menu-item-3038\"><a href=\"https:\/\/www.padel-test.de\/es\/padel-koeln-walls\/\">Padel Cologne - Paredes<\/a><\/li>\r\n<li id=\"menu-item-3039\"><a href=\"https:\/\/www.padel-test.de\/es\/padel-club-muenchen\/\">Padel M\u00fanich - Club<\/a><\/li>\r\n<li id=\"menu-item-4287\"><a href=\"https:\/\/www.padel-test.de\/es\/padel-muenchen-geretsried\/\">Padel Munich Geretsried<\/a><\/li>\r\n<li id=\"menu-item-3040\"><a href=\"https:\/\/www.padel-test.de\/es\/padelwelt-muenchen\/\">Padel Munich - SportScheck<\/a><\/li>\r\n<li id=\"menu-item-3041\"><a href=\"https:\/\/www.padel-test.de\/es\/padel-muenster\/\">Club de P\u00e1del M\u00fcnster<\/a><\/li>\r\n<li id=\"menu-item-3042\"><a href=\"https:\/\/www.padel-test.de\/es\/padel-nuernberg-marienberg\/\">Padel Nuremberg - CAM<\/a><\/li>\r\n<li><a href=\"\/es\/lugares-de-padel-2\/padel-osnabrueck-racket-sport-park\/\">Padel Osnabr\u00fcck<\/a><\/li>\r\n<li id=\"menu-item-3044\"><a href=\"https:\/\/www.padel-test.de\/es\/padel-trier\/\">Padel Trier<\/a><\/li>\r\n<li id=\"menu-item-3045\"><a href=\"https:\/\/www.padel-test.de\/es\/padel-wiesbaden-wallau\/\">Padel RheinMain<\/a><\/li>\r\n<li id=\"menu-item-4279\"><a href=\"https:\/\/www.padel-test.de\/es\/padel-tenis-werne\/\">Padel Base Werne<\/a><\/li>\r\n<li id=\"menu-item-3046\"><a href=\"https:\/\/www.padel-test.de\/es\/gusanos-de-padel\/\">Gusanos de p\u00e1del<\/a><\/li>\r\n<\/ul>\r\n<p>&nbsp;<\/p>\r\n<p>&nbsp;<\/p>","protected":false},"excerpt":{"rendered":"<p>P\u00e1del: El p\u00e1del es una mezcla de tenis y squash y tiene la enorme ventaja de que puedes ponerte en marcha desde la primera sesi\u00f3n de entrenamiento. El p\u00e1del se juega siempre de cuatro en cuatro, es decir, dos dobles se enfrentan entre s\u00ed. Se utilizan pelotas tan parecidas a las de tenis que ...<\/p>","protected":false},"author":1,"featured_media":0,"parent":18170,"menu_order":8,"comment_status":"closed","ping_status":"closed","template":"","meta":{"_acf_changed":false,"_sitemap_exclude":false,"_sitemap_priority":"","_sitemap_frequency":"","_analytify_skip_tracking":false,"footnotes":""},"class_list":["post-18159","page","type-page","status-publish","hentry"],"acf":[],"_links":{"self":[{"href":"https:\/\/www.padel-test.de\/es\/wp-json\/wp\/v2\/pages\/18159","targetHints":{"allow":["GET"]}}],"collection":[{"href":"https:\/\/www.padel-test.de\/es\/wp-json\/wp\/v2\/pages"}],"about":[{"href":"https:\/\/www.padel-test.de\/es\/wp-json\/wp\/v2\/types\/page"}],"author":[{"embeddable":true,"href":"https:\/\/www.padel-test.de\/es\/wp-json\/wp\/v2\/users\/1"}],"replies":[{"embeddable":true,"href":"https:\/\/www.padel-test.de\/es\/wp-json\/wp\/v2\/comments?post=18159"}],"version-history":[{"count":0,"href":"https:\/\/www.padel-test.de\/es\/wp-json\/wp\/v2\/pages\/18159\/revisions"}],"up":[{"embeddable":true,"href":"https:\/\/www.padel-test.de\/es\/wp-json\/wp\/v2\/pages\/18170"}],"wp:attachment":[{"href":"https:\/\/www.padel-test.de\/es\/wp-json\/wp\/v2\/media?parent=18159"}],"curies":[{"name":"wp","href":"https:\/\/api.w.org\/{rel}","templated":true}]}}