{"id":18161,"date":"2017-12-23T20:05:11","date_gmt":"2017-12-23T20:05:11","guid":{"rendered":"http:\/\/www.padel-test.de\/padel-bundesliga\/"},"modified":"2022-11-01T19:55:41","modified_gmt":"2022-11-01T19:55:41","slug":"padel-bundesliga","status":"publish","type":"page","link":"https:\/\/www.padel-test.de\/es\/padel-bundesliga\/","title":{"rendered":"Padel Bundesliga"},"content":{"rendered":"<p>\u00a1Pronto habr\u00e1 una Bundesliga de P\u00e1del en Alemania por primera vez!<\/p>\n<p>El <a href=\"\/es\/federacion-alemana-de-padel\/\">Federaci\u00f3n Alemana de P\u00e1del<\/a> se ha hecho cargo de la organizaci\u00f3n en calidad de organizaci\u00f3n paraguas del deporte del p\u00e1del alem\u00e1n y pronto anunciar\u00e1 los detalles de los calendarios de los partidos, las fechas de los mismos y las normas y reglamentos correspondientes.<\/p>\n<p>Cualquier persona interesada en participar en la Padelbundesliga puede ponerse en contacto con nosotros directamente. <a href=\"\/es\/kontakt\/\">contacte con<\/a>.<\/p>\n<p>Nos complace remitir las solicitudes a Deutscher Padel Bund.<\/p>\n<p>Mientras tanto, puedes participar en el German Padel Tour y competir con los mejores jugadores de p\u00e1del.<\/p>\n<p>Aqu\u00ed encontrar\u00e1 un resumen de todos los <a href=\"\/es\/torneos-de-padel-2\/\">Torneos de p\u00e1del<\/a>!<\/p>\n\t<h3>Pistas de p\u00e1del de la Bundesliga - Mapa<\/h3>\n\n<!-- iframe plugin v.6.0 wordpress.org\/plugins\/iframe\/ -->\n<iframe loading=\"lazy\" src=\"https:\/\/www.google.com\/maps\/d\/embed?mid=18OVW4FiG4noVz4vFAYmYzmjpOW8\" width=\"900\" 0=\"height=&quot;300&quot;&amp;gt;&amp;lt;\/iframe\" height=\"500\" scrolling=\"yes\" class=\"iframe-class\" frameborder=\"0\"><\/iframe>\n\n<h4>\n\t\tNoticias de la Bundesliga de P\u00e1del\n\t<\/h4>\n\t\t\t\t<a href=\"https:\/\/www.facebook.com\/sharer.php?u=https:\/\/www.padel-test.de\/?page_id=18161&#038;fl_builder&#038;title=Padel+Bundesliga\">\n\t\t\t\t\t\t\t\t\t\t\t\tCompartir en Facebook\n\t\t\t\t\t\t\t\t\t<\/a>\n\t\t\t\t<a href=\"https:\/\/twitter.com\/intent\/tweet?url=https:\/\/www.padel-test.de\/?page_id=18161&#038;fl_builder&#038;text=Padel+Bundesliga\">\n\t\t\t\t\t\t\t\t\t\t\t\tCompartir en Twitter\n\t\t\t\t\t\t\t\t\t<\/a>\n\t\t\t\t<a href=\"https:\/\/www.linkedin.com\/shareArticle?mini=true&#038;url=https:\/\/www.padel-test.de\/?page_id=18161&#038;fl_builder&#038;title=Padel+Bundesliga\">\n\t\t\t\t\t\t\t\t\t\t\t\tCompartir en Linkedin\n\t\t\t\t\t\t\t\t\t<\/a>\n\t\t\t\t<a href=\"mailto:?body=https:\/\/www.padel-test.de\/?page_id=18161&#038;fl_builder\">\n\t\t\t\t\t\t\t\t\t\t\t\tCompartir en el correo electr\u00f3nico\n\t\t\t\t\t\t\t\t\t<\/a>","protected":false},"excerpt":{"rendered":"<p>Pronto habr\u00e1 por primera vez una Bundesliga de p\u00e1del en Alemania. La Federaci\u00f3n Alemana de P\u00e1del, como organizaci\u00f3n paraguas de los deportes de p\u00e1del alemanes, se ha hecho cargo de la organizaci\u00f3n y pronto anunciar\u00e1 los detalles sobre los horarios de juego, las fechas de los partidos y las normas y reglamentos asociados. Cualquier persona interesada en participar en la Padelbundesliga puede ponerse directamente en contacto con nosotros. Dirigimos...<\/p>","protected":false},"author":1,"featured_media":18162,"parent":0,"menu_order":6,"comment_status":"open","ping_status":"open","template":"","meta":{"_acf_changed":false,"_sitemap_exclude":false,"_sitemap_priority":"","_sitemap_frequency":"","_analytify_skip_tracking":false,"footnotes":""},"class_list":["post-18161","page","type-page","status-publish","has-post-thumbnail","hentry"],"acf":[],"_links":{"self":[{"href":"https:\/\/www.padel-test.de\/es\/wp-json\/wp\/v2\/pages\/18161","targetHints":{"allow":["GET"]}}],"collection":[{"href":"https:\/\/www.padel-test.de\/es\/wp-json\/wp\/v2\/pages"}],"about":[{"href":"https:\/\/www.padel-test.de\/es\/wp-json\/wp\/v2\/types\/page"}],"author":[{"embeddable":true,"href":"https:\/\/www.padel-test.de\/es\/wp-json\/wp\/v2\/users\/1"}],"replies":[{"embeddable":true,"href":"https:\/\/www.padel-test.de\/es\/wp-json\/wp\/v2\/comments?post=18161"}],"version-history":[{"count":0,"href":"https:\/\/www.padel-test.de\/es\/wp-json\/wp\/v2\/pages\/18161\/revisions"}],"wp:featuredmedia":[{"embeddable":true,"href":"https:\/\/www.padel-test.de\/es\/wp-json\/wp\/v2\/media\/18162"}],"wp:attachment":[{"href":"https:\/\/www.padel-test.de\/es\/wp-json\/wp\/v2\/media?parent=18161"}],"curies":[{"name":"wp","href":"https:\/\/api.w.org\/{rel}","templated":true}]}}