{"id":18176,"date":"2017-10-26T10:03:54","date_gmt":"2017-10-26T10:03:54","guid":{"rendered":"http:\/\/www.padel-test.de\/padel-plaetze\/padel-cuxhaven\/"},"modified":"2022-11-01T18:34:18","modified_gmt":"2022-11-01T18:34:18","slug":"padel-cuxhaven","status":"publish","type":"page","link":"https:\/\/www.padel-test.de\/es\/lugares-de-padel-3\/padel-cuxhaven\/","title":{"rendered":"Padel Cuxhaven"},"content":{"rendered":"<p>En lo alto del norte, en la costa del Mar del Norte, se encuentra el <a href=\"\/es\/lugares-de-padel-2\/padel-sc-cuxhaven\/\">Padel Club Schwarz Wei\u00df Cuxhaven<\/a>. <\/p>\n<p>Pero aqu\u00ed no hay aspereza frisona, sino que tanto los jugadores de p\u00e1del locales como los cracks del p\u00e1del de toda Europa son bienvenidos a las instalaciones locales de p\u00e1del de forma abierta y amistosa.<\/p>\n\t<h3>Pistas de p\u00e1del - Mapa<\/h3>\n\n<!-- iframe plugin v.6.0 wordpress.org\/plugins\/iframe\/ -->\n<iframe loading=\"lazy\" src=\"https:\/\/www.google.com\/maps\/d\/embed?mid=18OVW4FiG4noVz4vFAYmYzmjpOW8\" width=\"900\" 0=\"height=&quot;300&quot;&amp;gt;&amp;lt;\/iframe\" height=\"500\" scrolling=\"yes\" class=\"iframe-class\" frameborder=\"0\"><\/iframe>\n\n<h4>\n\t\tNoticias de Padel Cuxhaven\n\t<\/h4>\n\t\t\t\t<a href=\"https:\/\/www.facebook.com\/sharer.php?u=https:\/\/www.padel-test.de\/?page_id=18176&#038;fl_builder&#038;title=Padel+Cuxhaven\">\n\t\t\t\t\t\t\t\t\t\t\t\tCompartir en Facebook\n\t\t\t\t\t\t\t\t\t<\/a>\n\t\t\t\t<a href=\"https:\/\/twitter.com\/intent\/tweet?url=https:\/\/www.padel-test.de\/?page_id=18176&#038;fl_builder&#038;text=Padel+Cuxhaven\">\n\t\t\t\t\t\t\t\t\t\t\t\tCompartir en Twitter\n\t\t\t\t\t\t\t\t\t<\/a>\n\t\t\t\t<a href=\"https:\/\/www.linkedin.com\/shareArticle?mini=true&#038;url=https:\/\/www.padel-test.de\/?page_id=18176&#038;fl_builder&#038;title=Padel+Cuxhaven\">\n\t\t\t\t\t\t\t\t\t\t\t\tCompartir en Linkedin\n\t\t\t\t\t\t\t\t\t<\/a>\n\t\t\t\t<a href=\"mailto:?body=https:\/\/www.padel-test.de\/?page_id=18176&#038;fl_builder\">\n\t\t\t\t\t\t\t\t\t\t\t\tCompartir en el correo electr\u00f3nico\n\t\t\t\t\t\t\t\t\t<\/a>","protected":false},"excerpt":{"rendered":"<p>El Padel Club Schwarz Wei\u00df Cuxhaven se encuentra en el norte, en la costa del Mar del Norte. Sin embargo, aqu\u00ed las cosas no son frisias, sino abiertas y amistosas, \u00a1tanto los jugadores de p\u00e1del locales como los cracks del p\u00e1del de toda Europa son bienvenidos en las instalaciones locales de p\u00e1del! Pistas de P\u00e1del - Mapa Noticias P\u00e1del Cuxhaven Compartir en...<\/p>","protected":false},"author":1,"featured_media":16862,"parent":18160,"menu_order":10,"comment_status":"open","ping_status":"open","template":"","meta":{"_acf_changed":false,"_sitemap_exclude":false,"_sitemap_priority":"","_sitemap_frequency":"","_analytify_skip_tracking":false,"footnotes":""},"class_list":["post-18176","page","type-page","status-publish","has-post-thumbnail","hentry"],"acf":[],"_links":{"self":[{"href":"https:\/\/www.padel-test.de\/es\/wp-json\/wp\/v2\/pages\/18176","targetHints":{"allow":["GET"]}}],"collection":[{"href":"https:\/\/www.padel-test.de\/es\/wp-json\/wp\/v2\/pages"}],"about":[{"href":"https:\/\/www.padel-test.de\/es\/wp-json\/wp\/v2\/types\/page"}],"author":[{"embeddable":true,"href":"https:\/\/www.padel-test.de\/es\/wp-json\/wp\/v2\/users\/1"}],"replies":[{"embeddable":true,"href":"https:\/\/www.padel-test.de\/es\/wp-json\/wp\/v2\/comments?post=18176"}],"version-history":[{"count":0,"href":"https:\/\/www.padel-test.de\/es\/wp-json\/wp\/v2\/pages\/18176\/revisions"}],"up":[{"embeddable":true,"href":"https:\/\/www.padel-test.de\/es\/wp-json\/wp\/v2\/pages\/18160"}],"wp:featuredmedia":[{"embeddable":true,"href":"https:\/\/www.padel-test.de\/es\/wp-json\/wp\/v2\/media\/16862"}],"wp:attachment":[{"href":"https:\/\/www.padel-test.de\/es\/wp-json\/wp\/v2\/media?parent=18176"}],"curies":[{"name":"wp","href":"https:\/\/api.w.org\/{rel}","templated":true}]}}