{"id":18178,"date":"2017-10-26T10:06:22","date_gmt":"2017-10-26T10:06:22","guid":{"rendered":"http:\/\/www.padel-test.de\/padel-plaetze\/padel-hamburg\/"},"modified":"2022-11-01T18:42:36","modified_gmt":"2022-11-01T18:42:36","slug":"padel-hamburgo-2","status":"publish","type":"page","link":"https:\/\/www.padel-test.de\/es\/lugares-de-padel-3\/padel-hamburgo-2\/","title":{"rendered":"Padel Hamburgo"},"content":{"rendered":"<p>En Hamburgo ya hay dos instalaciones de p\u00e1del: Tim Neidhart, junto con su esposa Bernadett, dirige con \u00e9xito dos pistas de p\u00e1del al aire libre en el SC Condor de Farmsen, llamado <a href=\"\/es\/padel-hamburguesa-sc-condor\/\">P\u00e1del C\u00f3ndor<\/a> y los llena de vida con una gran variedad de eventos.<\/p>\n<p>Ya sea de primera clase <a href=\"\/es\/torneos-de-padel-2\/\">Torneo de p\u00e1del<\/a> o campamento de vacaciones de p\u00e1del para ni\u00f1os o entrenamiento profesional de p\u00e1del con los padelcracks de Padeltrainer.com de Andaluc\u00eda.<\/p>\n<p>Y mientras tanto, la Hamburger Sport Verein tambi\u00e9n tiene su propia pista de p\u00e1del (las instalaciones de p\u00e1del de la HSV Fu\u00dfball AG no son p\u00fablicas). <a href=\"\/es\/padel-hamburgo-hsv\/\"><strong>Pista de p\u00e1del HSV<\/strong><\/a>.<\/p>\n<p>Actualmente se est\u00e1 planificando una tercera sede de Padel en Hamburgo (v\u00e9ase tambi\u00e9n <a href=\"\/es\/lugares-de-padel-alemania\/\">Pistas de p\u00e1del en Alemania<\/a>). La informaci\u00f3n seguir\u00e1 en breve.<\/p>\n<p>Conclusi\u00f3n: en Hamburgo hay mucho que hacer en materia de remo.<\/p>\n\t<h3>Pistas de p\u00e1del - Mapa<\/h3>\n\n<!-- iframe plugin v.6.0 wordpress.org\/plugins\/iframe\/ -->\n<iframe loading=\"lazy\" src=\"https:\/\/www.google.com\/maps\/d\/embed?mid=18OVW4FiG4noVz4vFAYmYzmjpOW8\" width=\"900\" 0=\"height=&quot;300&quot;&amp;gt;&amp;lt;\/iframe\" height=\"500\" scrolling=\"yes\" class=\"iframe-class\" frameborder=\"0\"><\/iframe>\n\n<h4>\n\t\tNoticias de Padel Hamburgo\n\t<\/h4>\n\t\t\t\t<a href=\"https:\/\/www.facebook.com\/sharer.php?u=https:\/\/www.padel-test.de\/?page_id=18178&#038;fl_builder&#038;title=Padel+Hamburg\">\n\t\t\t\t\t\t\t\t\t\t\t\tCompartir en Facebook\n\t\t\t\t\t\t\t\t\t<\/a>\n\t\t\t\t<a href=\"https:\/\/twitter.com\/intent\/tweet?url=https:\/\/www.padel-test.de\/?page_id=18178&#038;fl_builder&#038;text=Padel+Hamburg\">\n\t\t\t\t\t\t\t\t\t\t\t\tCompartir en Twitter\n\t\t\t\t\t\t\t\t\t<\/a>\n\t\t\t\t<a href=\"https:\/\/www.linkedin.com\/shareArticle?mini=true&#038;url=https:\/\/www.padel-test.de\/?page_id=18178&#038;fl_builder&#038;title=Padel+Hamburg\">\n\t\t\t\t\t\t\t\t\t\t\t\tCompartir en Linkedin\n\t\t\t\t\t\t\t\t\t<\/a>\n\t\t\t\t<a href=\"mailto:?body=https:\/\/www.padel-test.de\/?page_id=18178&#038;fl_builder\">\n\t\t\t\t\t\t\t\t\t\t\t\tCompartir en el correo electr\u00f3nico\n\t\t\t\t\t\t\t\t\t<\/a>","protected":false},"excerpt":{"rendered":"<p>Ya hay dos instalaciones de p\u00e1del en Hamburgo: Tim Neidhart y su esposa Bernadett dirigen con \u00e9xito dos pistas de p\u00e1del al aire libre llamadas Padel Condor en SC Condor, en Farmsen, y las llenan de vida con una gran variedad de eventos. Tanto si se trata de un torneo de p\u00e1del de primera categor\u00eda como de un campamento de vacaciones de p\u00e1del para ni\u00f1os o de un entrenamiento de p\u00e1del profesional con los cracks del p\u00e1del de...<\/p>","protected":false},"author":1,"featured_media":16842,"parent":18160,"menu_order":11,"comment_status":"open","ping_status":"open","template":"","meta":{"_acf_changed":false,"_sitemap_exclude":false,"_sitemap_priority":"","_sitemap_frequency":"","_analytify_skip_tracking":false,"footnotes":""},"class_list":["post-18178","page","type-page","status-publish","has-post-thumbnail","hentry"],"acf":[],"_links":{"self":[{"href":"https:\/\/www.padel-test.de\/es\/wp-json\/wp\/v2\/pages\/18178","targetHints":{"allow":["GET"]}}],"collection":[{"href":"https:\/\/www.padel-test.de\/es\/wp-json\/wp\/v2\/pages"}],"about":[{"href":"https:\/\/www.padel-test.de\/es\/wp-json\/wp\/v2\/types\/page"}],"author":[{"embeddable":true,"href":"https:\/\/www.padel-test.de\/es\/wp-json\/wp\/v2\/users\/1"}],"replies":[{"embeddable":true,"href":"https:\/\/www.padel-test.de\/es\/wp-json\/wp\/v2\/comments?post=18178"}],"version-history":[{"count":0,"href":"https:\/\/www.padel-test.de\/es\/wp-json\/wp\/v2\/pages\/18178\/revisions"}],"up":[{"embeddable":true,"href":"https:\/\/www.padel-test.de\/es\/wp-json\/wp\/v2\/pages\/18160"}],"wp:featuredmedia":[{"embeddable":true,"href":"https:\/\/www.padel-test.de\/es\/wp-json\/wp\/v2\/media\/16842"}],"wp:attachment":[{"href":"https:\/\/www.padel-test.de\/es\/wp-json\/wp\/v2\/media?parent=18178"}],"curies":[{"name":"wp","href":"https:\/\/api.w.org\/{rel}","templated":true}]}}