{"id":18181,"date":"2017-10-26T10:14:37","date_gmt":"2017-10-26T10:14:37","guid":{"rendered":"http:\/\/www.padel-test.de\/padel-plaetze\/padel-karlsruhe\/"},"modified":"2022-11-01T18:48:41","modified_gmt":"2022-11-01T18:48:41","slug":"padel-karlsruhe","status":"publish","type":"page","link":"https:\/\/www.padel-test.de\/es\/lugares-de-padel-3\/padel-karlsruhe\/","title":{"rendered":"Padel Karlsruhe"},"content":{"rendered":"<p>En Karlsruhe hay actualmente 4 instalaciones donde se puede jugar al p\u00e1del. Estos son <a href=\"\/es\/padel-durlach-aue\/\">Padel Durlach-Aue<\/a>, <a href=\"\/es\/padel-karlsruhe-ketv\/\">P\u00e1del en la KETV<\/a> y <a href=\"\/es\/padel-karlsruhe-tc-groetzingen\/\">Padel Gr\u00f6tzingen<\/a>\u00a0y padel indoor en el <a href=\"\/es\/padel-tenis-ettlingen\/\">Sala de P\u00e1del Ettlingen<\/a>.<\/p>\n<p>Estos 4\u00a0<a href=\"\/es\/lugares-de-padel-3\/\">Lugares de p\u00e1del<\/a> no s\u00f3lo son utilizados por muchos jugadores de p\u00e1del recreativos, sino que tambi\u00e9n son frecuentemente el lugar de <a href=\"\/es\/torneos-de-padel-2\/\">Torneos de p\u00e1del<\/a> y campeonatos de p\u00e1del (por ejemplo, el Campeonato de P\u00e1del del Sur de Alemania).<\/p>\n<p>La Universidad de Karlsruhe tambi\u00e9n ha incluido el p\u00e1del en su programa deportivo universitario y ofrece cursos de p\u00e1del. <\/p>\n<p>En el futuro, la Universidad de Karlsruhe quiere incluso tener su propia <a href=\"\/es\/constructor-de-cursos-de-padel-2\/\">Construir pistas de p\u00e1del<\/a> y operar.<\/p>\n\t<h3>Pistas de p\u00e1del - Mapa<\/h3>\n\n<!-- iframe plugin v.6.0 wordpress.org\/plugins\/iframe\/ -->\n<iframe loading=\"lazy\" src=\"https:\/\/www.google.com\/maps\/d\/embed?mid=18OVW4FiG4noVz4vFAYmYzmjpOW8\" width=\"900\" 0=\"height=&quot;300&quot;&amp;gt;&amp;lt;\/iframe\" height=\"500\" scrolling=\"yes\" class=\"iframe-class\" frameborder=\"0\"><\/iframe>\n\n<h4>\n\t\tNoticias de Padel Karlsruhe\n\t<\/h4>\n\t\t\t\t<a href=\"https:\/\/www.facebook.com\/sharer.php?u=https:\/\/www.padel-test.de\/?page_id=18181&#038;fl_builder&#038;title=Padel+Karlsruhe\">\n\t\t\t\t\t\t\t\t\t\t\t\tCompartir en Facebook\n\t\t\t\t\t\t\t\t\t<\/a>\n\t\t\t\t<a href=\"https:\/\/twitter.com\/intent\/tweet?url=https:\/\/www.padel-test.de\/?page_id=18181&#038;fl_builder&#038;text=Padel+Karlsruhe\">\n\t\t\t\t\t\t\t\t\t\t\t\tCompartir en Twitter\n\t\t\t\t\t\t\t\t\t<\/a>\n\t\t\t\t<a href=\"https:\/\/www.linkedin.com\/shareArticle?mini=true&#038;url=https:\/\/www.padel-test.de\/?page_id=18181&#038;fl_builder&#038;title=Padel+Karlsruhe\">\n\t\t\t\t\t\t\t\t\t\t\t\tCompartir en Linkedin\n\t\t\t\t\t\t\t\t\t<\/a>\n\t\t\t\t<a href=\"mailto:?body=https:\/\/www.padel-test.de\/?page_id=18181&#038;fl_builder\">\n\t\t\t\t\t\t\t\t\t\t\t\tCompartir en el correo electr\u00f3nico\n\t\t\t\t\t\t\t\t\t<\/a>","protected":false},"excerpt":{"rendered":"<p>En Karlsruhe hay actualmente 4 instalaciones donde se puede jugar al p\u00e1del. Se trata de Padel Durlach-Aue, Padel en KETV y Padel Gr\u00f6tzingen, as\u00ed como Padel Indoor en el Padel Halle Ettlingen. Estas 4 localidades de p\u00e1del no s\u00f3lo son utilizadas por muchos jugadores de p\u00e1del recreativos, sino que tambi\u00e9n suelen ser sede de torneos y campeonatos de p\u00e1del (por ejemplo, el...<\/p>","protected":false},"author":1,"featured_media":16821,"parent":18160,"menu_order":12,"comment_status":"open","ping_status":"open","template":"","meta":{"_acf_changed":false,"_sitemap_exclude":false,"_sitemap_priority":"","_sitemap_frequency":"","_analytify_skip_tracking":false,"footnotes":""},"class_list":["post-18181","page","type-page","status-publish","has-post-thumbnail","hentry"],"acf":[],"_links":{"self":[{"href":"https:\/\/www.padel-test.de\/es\/wp-json\/wp\/v2\/pages\/18181","targetHints":{"allow":["GET"]}}],"collection":[{"href":"https:\/\/www.padel-test.de\/es\/wp-json\/wp\/v2\/pages"}],"about":[{"href":"https:\/\/www.padel-test.de\/es\/wp-json\/wp\/v2\/types\/page"}],"author":[{"embeddable":true,"href":"https:\/\/www.padel-test.de\/es\/wp-json\/wp\/v2\/users\/1"}],"replies":[{"embeddable":true,"href":"https:\/\/www.padel-test.de\/es\/wp-json\/wp\/v2\/comments?post=18181"}],"version-history":[{"count":0,"href":"https:\/\/www.padel-test.de\/es\/wp-json\/wp\/v2\/pages\/18181\/revisions"}],"up":[{"embeddable":true,"href":"https:\/\/www.padel-test.de\/es\/wp-json\/wp\/v2\/pages\/18160"}],"wp:featuredmedia":[{"embeddable":true,"href":"https:\/\/www.padel-test.de\/es\/wp-json\/wp\/v2\/media\/16821"}],"wp:attachment":[{"href":"https:\/\/www.padel-test.de\/es\/wp-json\/wp\/v2\/media?parent=18181"}],"curies":[{"name":"wp","href":"https:\/\/api.w.org\/{rel}","templated":true}]}}