{"id":18183,"date":"2017-10-26T10:17:28","date_gmt":"2017-10-26T10:17:28","guid":{"rendered":"http:\/\/www.padel-test.de\/padel-plaetze\/padel-koeln\/"},"modified":"2022-11-01T18:58:33","modified_gmt":"2022-11-01T18:58:33","slug":"padel-koeln","status":"publish","type":"page","link":"https:\/\/www.padel-test.de\/es\/lugares-de-padel-3\/padel-koeln\/","title":{"rendered":"Padel Colonia"},"content":{"rendered":"<p>Actualmente existen 3 instalaciones deportivas de p\u00e1del en Colonia: en primer lugar, el Cologne Outdoor <a href=\"\/es\/padel-colonia\/\">Pistas de p\u00e1del en la Universidad de Colonia<\/a> y por otro lado 4 pistas de p\u00e1del cubiertas en el <a href=\"\/es\/padel-koeln-walls\/\">Padelbox Walls Colonia<\/a> y justo al lado, pistas de p\u00e1del al aire libre en el TC Weiden K\u00f6ln.<\/p>\n<p>As\u00ed que en Colonia encontrar\u00e1 la oportunidad perfecta para jugar un partido de p\u00e1del en todas las condiciones meteorol\u00f3gicas.<\/p>\n<p>Pero Colonia no es s\u00f3lo un lugar ideal para los jugadores de p\u00e1del locales: los numerosos y mejor situados <a href=\"\/es\/torneos-de-padel-2\/\">Torneos de p\u00e1del<\/a> con jugadores internacionales de p\u00e1del procedentes de Holanda, B\u00e9lgica, Suecia, Espa\u00f1a y muchos otros pa\u00edses, han hecho que Colonia tenga una reputaci\u00f3n m\u00e1s que respetable en el panorama del p\u00e1del alem\u00e1n.<\/p>\n\t<h3>Pistas de padeltenis - Mapa<\/h3>\n\n<!-- iframe plugin v.6.0 wordpress.org\/plugins\/iframe\/ -->\n<iframe loading=\"lazy\" src=\"https:\/\/www.google.com\/maps\/d\/embed?mid=18OVW4FiG4noVz4vFAYmYzmjpOW8\" width=\"900\" 0=\"height=&quot;300&quot;&amp;gt;&amp;lt;\/iframe\" height=\"500\" scrolling=\"yes\" class=\"iframe-class\" frameborder=\"0\"><\/iframe>\n\n<h4>\n\t\tNoticias de Padel Colonia\n\t<\/h4>\n\t\t\t\t<a href=\"https:\/\/www.facebook.com\/sharer.php?u=https:\/\/www.padel-test.de\/?page_id=18183&#038;fl_builder&#038;title=Padel+K%C3%B6ln\">\n\t\t\t\t\t\t\t\t\t\t\t\tCompartir en Facebook\n\t\t\t\t\t\t\t\t\t<\/a>\n\t\t\t\t<a href=\"https:\/\/twitter.com\/intent\/tweet?url=https:\/\/www.padel-test.de\/?page_id=18183&#038;fl_builder&#038;text=Padel+K%C3%B6ln\">\n\t\t\t\t\t\t\t\t\t\t\t\tCompartir en Twitter\n\t\t\t\t\t\t\t\t\t<\/a>\n\t\t\t\t<a href=\"https:\/\/www.linkedin.com\/shareArticle?mini=true&#038;url=https:\/\/www.padel-test.de\/?page_id=18183&#038;fl_builder&#038;title=Padel+K%C3%B6ln\">\n\t\t\t\t\t\t\t\t\t\t\t\tCompartir en Linkedin\n\t\t\t\t\t\t\t\t\t<\/a>\n\t\t\t\t<a href=\"mailto:?body=https:\/\/www.padel-test.de\/?page_id=18183&#038;fl_builder\">\n\t\t\t\t\t\t\t\t\t\t\t\tCompartir en el correo electr\u00f3nico\n\t\t\t\t\t\t\t\t\t<\/a>","protected":false},"excerpt":{"rendered":"<p>En Colonia hay actualmente 3 instalaciones deportivas de p\u00e1del: por un lado, las pistas de p\u00e1del al aire libre de Colonia en la Universidad de Colonia y, por otro, 4 pistas de p\u00e1del cubiertas en el Padelbox Walls Cologne, as\u00ed como pistas de p\u00e1del al aire libre directamente adyacentes en el TC Weiden Cologne. En Colonia, encontrar\u00e1 la oportunidad ideal para jugar un partido de p\u00e1del en todas las condiciones meteorol\u00f3gicas....<\/p>","protected":false},"author":1,"featured_media":16743,"parent":18160,"menu_order":13,"comment_status":"open","ping_status":"open","template":"","meta":{"_acf_changed":false,"_sitemap_exclude":false,"_sitemap_priority":"","_sitemap_frequency":"","_analytify_skip_tracking":false,"footnotes":""},"class_list":["post-18183","page","type-page","status-publish","has-post-thumbnail","hentry"],"acf":[],"_links":{"self":[{"href":"https:\/\/www.padel-test.de\/es\/wp-json\/wp\/v2\/pages\/18183","targetHints":{"allow":["GET"]}}],"collection":[{"href":"https:\/\/www.padel-test.de\/es\/wp-json\/wp\/v2\/pages"}],"about":[{"href":"https:\/\/www.padel-test.de\/es\/wp-json\/wp\/v2\/types\/page"}],"author":[{"embeddable":true,"href":"https:\/\/www.padel-test.de\/es\/wp-json\/wp\/v2\/users\/1"}],"replies":[{"embeddable":true,"href":"https:\/\/www.padel-test.de\/es\/wp-json\/wp\/v2\/comments?post=18183"}],"version-history":[{"count":0,"href":"https:\/\/www.padel-test.de\/es\/wp-json\/wp\/v2\/pages\/18183\/revisions"}],"up":[{"embeddable":true,"href":"https:\/\/www.padel-test.de\/es\/wp-json\/wp\/v2\/pages\/18160"}],"wp:featuredmedia":[{"embeddable":true,"href":"https:\/\/www.padel-test.de\/es\/wp-json\/wp\/v2\/media\/16743"}],"wp:attachment":[{"href":"https:\/\/www.padel-test.de\/es\/wp-json\/wp\/v2\/media?parent=18183"}],"curies":[{"name":"wp","href":"https:\/\/api.w.org\/{rel}","templated":true}]}}