{"id":18185,"date":"2017-11-09T13:07:08","date_gmt":"2017-11-09T13:07:08","guid":{"rendered":"http:\/\/www.padel-test.de\/padel-plaetze\/padel-frankfurt\/"},"modified":"2022-11-01T19:32:13","modified_gmt":"2022-11-01T19:32:13","slug":"padel-frankfurt","status":"publish","type":"page","link":"https:\/\/www.padel-test.de\/es\/lugares-de-padel-3\/padel-frankfurt\/","title":{"rendered":"Padel Frankfurt"},"content":{"rendered":"<p>En Hesse, se puede jugar al p\u00e1del principalmente en Fr\u00e1ncfort del Meno y sus alrededores. Un tribunal est\u00e1 disponible en <a href=\"\/es\/padel-frankfurt-niddapark\/\">Padel Frankfurt Niddapark<\/a>. Desde la finalizaci\u00f3n de la pista de p\u00e1del al aire libre, ya se han celebrado aqu\u00ed algunos torneos de primera categor\u00eda y campeonatos nacionales de p\u00e1del.<\/p>\n<p>Un poco m\u00e1s all\u00e1, en direcci\u00f3n al Taunus, se encuentra <a href=\"\/es\/padel-wiesbaden-wallau\/\">Padel RheinMain Wiesbaden-Wallau<\/a>. En las instalaciones polideportivas, podr\u00e1 jugar en 2 pistas de p\u00e1del cubiertas con un moderno equipamiento. Gracias a la escuela de p\u00e1del cualificada, cualquier persona interesada puede probar el p\u00e1del y seguir desarrollando sus habilidades.<\/p>\n<p>Tambi\u00e9n est\u00e1 previsto construir otras dos pistas de p\u00e1del en Wiesbaden-Schierstein.<\/p>\n\t<h3>Pistas de p\u00e1del - Mapa<\/h3>\n\n<!-- iframe plugin v.6.0 wordpress.org\/plugins\/iframe\/ -->\n<iframe loading=\"lazy\" src=\"https:\/\/www.google.com\/maps\/d\/embed?mid=18OVW4FiG4noVz4vFAYmYzmjpOW8\" width=\"900\" 0=\"height=&quot;300&quot;&amp;gt;&amp;lt;\/iframe\" height=\"500\" scrolling=\"yes\" class=\"iframe-class\" frameborder=\"0\"><\/iframe>\n\n<h4>\n\t\tNoticias sobre el p\u00e1del\n\t<\/h4>\n\t\t\t\t<a href=\"https:\/\/www.facebook.com\/sharer.php?u=https:\/\/www.padel-test.de\/?page_id=18185&#038;fl_builder&#038;title=Padel+Frankfurt\">\n\t\t\t\t\t\t\t\t\t\t\t\tCompartir en Facebook\n\t\t\t\t\t\t\t\t\t<\/a>\n\t\t\t\t<a href=\"https:\/\/twitter.com\/intent\/tweet?url=https:\/\/www.padel-test.de\/?page_id=18185&#038;fl_builder&#038;text=Padel+Frankfurt\">\n\t\t\t\t\t\t\t\t\t\t\t\tCompartir en Twitter\n\t\t\t\t\t\t\t\t\t<\/a>\n\t\t\t\t<a href=\"https:\/\/www.linkedin.com\/shareArticle?mini=true&#038;url=https:\/\/www.padel-test.de\/?page_id=18185&#038;fl_builder&#038;title=Padel+Frankfurt\">\n\t\t\t\t\t\t\t\t\t\t\t\tCompartir en Linkedin\n\t\t\t\t\t\t\t\t\t<\/a>\n\t\t\t\t<a href=\"mailto:?body=https:\/\/www.padel-test.de\/?page_id=18185&#038;fl_builder\">\n\t\t\t\t\t\t\t\t\t\t\t\tCompartir en el correo electr\u00f3nico\n\t\t\t\t\t\t\t\t\t<\/a>","protected":false},"excerpt":{"rendered":"<p>En Hesse se puede jugar al p\u00e1del, sobre todo en Fr\u00e1ncfort del Meno y sus alrededores. Una pista se encuentra en Padel Frankfurt Niddapark. Desde la finalizaci\u00f3n de la pista exterior de p\u00e1del, ya se han celebrado aqu\u00ed varios torneos de primera categor\u00eda y campeonatos nacionales de p\u00e1del. Padel RheinMain Wiesbaden-Wallau se encuentra un poco m\u00e1s lejos, en direcci\u00f3n al Taunus. En las instalaciones polideportivas podr\u00e1 jugar en 2 pistas cubiertas de p\u00e1del con...<\/p>","protected":false},"author":1,"featured_media":18186,"parent":18160,"menu_order":14,"comment_status":"open","ping_status":"open","template":"","meta":{"_acf_changed":false,"_sitemap_exclude":false,"_sitemap_priority":"","_sitemap_frequency":"","_analytify_skip_tracking":false,"footnotes":""},"class_list":["post-18185","page","type-page","status-publish","has-post-thumbnail","hentry"],"acf":[],"_links":{"self":[{"href":"https:\/\/www.padel-test.de\/es\/wp-json\/wp\/v2\/pages\/18185","targetHints":{"allow":["GET"]}}],"collection":[{"href":"https:\/\/www.padel-test.de\/es\/wp-json\/wp\/v2\/pages"}],"about":[{"href":"https:\/\/www.padel-test.de\/es\/wp-json\/wp\/v2\/types\/page"}],"author":[{"embeddable":true,"href":"https:\/\/www.padel-test.de\/es\/wp-json\/wp\/v2\/users\/1"}],"replies":[{"embeddable":true,"href":"https:\/\/www.padel-test.de\/es\/wp-json\/wp\/v2\/comments?post=18185"}],"version-history":[{"count":0,"href":"https:\/\/www.padel-test.de\/es\/wp-json\/wp\/v2\/pages\/18185\/revisions"}],"up":[{"embeddable":true,"href":"https:\/\/www.padel-test.de\/es\/wp-json\/wp\/v2\/pages\/18160"}],"wp:featuredmedia":[{"embeddable":true,"href":"https:\/\/www.padel-test.de\/es\/wp-json\/wp\/v2\/media\/18186"}],"wp:attachment":[{"href":"https:\/\/www.padel-test.de\/es\/wp-json\/wp\/v2\/media?parent=18185"}],"curies":[{"name":"wp","href":"https:\/\/api.w.org\/{rel}","templated":true}]}}