{"id":18188,"date":"2017-12-03T20:36:58","date_gmt":"2017-12-03T20:36:58","guid":{"rendered":"http:\/\/www.padel-test.de\/padel-plaetze\/padel-ruhrgebiet\/"},"modified":"2022-10-25T22:44:36","modified_gmt":"2022-10-25T22:44:36","slug":"padel-ruhrgebiet","status":"publish","type":"page","link":"https:\/\/www.padel-test.de\/es\/lugares-de-padel-3\/padel-ruhrgebiet\/","title":{"rendered":"Padel Zona del Ruhr"},"content":{"rendered":"<p>Por supuesto, el deporte del p\u00e1del alem\u00e1n tambi\u00e9n cuenta con numerosos seguidores en la regi\u00f3n del Ruhr, con algunos jugadores de renombre y, sobre todo, con pistas de p\u00e1del.<\/p>\n<p>&nbsp;<\/p>\n<strong>Actualmente se puede jugar al p\u00e1del en los siguientes lugares de la regi\u00f3n del Ruhr:<\/strong><br \/>\nLa comida: <a href=\"\/es\/lugares-de-padel-2\/tvn-padel-essen\/\">Padel Essen<\/a>\u00a0(2 pistas de p\u00e1del cubiertas)<br \/>\nKamen: <a href=\"\/es\/lugares-de-padel-2\/padel-kamen-heeren\/\">Padel Kamen-Heeren<\/a> (2 pistas exteriores)<br \/>\nGladbeck: en planificaci\u00f3n<br \/>\nBochum: <a href=\"\/es\/lugares-de-padel-2\/padel-world-bochum\/\">PadelWorld Bochum<\/a> (4 pistas de p\u00e1del exteriores para empezar, otras 4 pistas de p\u00e1del para seguir)<br \/>\nHerne (lamentablemente cerrado): <a href=\"\/es\/padel-point-nrw-herne\/\">Padel Point Herne<\/a> (una vez 3 pistas de p\u00e1del cubiertas)<br \/>\nWerne: <a href=\"\/es\/lugares-de-padel-2\/padel-tenis-werne\/\">Padel Base Werne<\/a> (2 pistas de p\u00e1del cubiertas y 1 pista de p\u00e1del exterior)<br \/>\nDortmund: <a href=\"\/es\/lugares-de-padel-2\/padel-dortmund\/\">Padel Dortmund<\/a> - Hay 8 pistas de p\u00e1del cerca del Signal Iduna Park: 6 pistas de p\u00e1del al aire libre y 2 pistas de p\u00e1del cubiertas.\n<p>Otros clubes de p\u00e1del de la regi\u00f3n del Ruhr colaboran con el <a href=\"\/es\/federacion-alemana-de-padel\/\">Federaci\u00f3n Alemana de P\u00e1del<\/a> ya se est\u00e1n planificando y abrir\u00e1n sus puertas en breve. Habr\u00e1 noticias separadas sobre esto.<\/p>\n<p>Y no muy lejos de aqu\u00ed todav\u00eda est\u00e1 el sitio de\u00a0<a href=\"\/es\/lugares-de-padel-3\/padel-koeln\/\">Padel Colonia<\/a> y el <a href=\"\/es\/lugares-de-padel-2\/padel-muenster\/\">Club de P\u00e1del M\u00fcnster<\/a>.<\/p>\n<p>Una pista: <a href=\"\/es\/lugares-de-padel-3\/\">Resumen de todas las pistas de p\u00e1del de Alemania<\/a><\/p>\n\t<h3>Pistas de p\u00e1del - Mapa<\/h3>\n\n<!-- iframe plugin v.6.0 wordpress.org\/plugins\/iframe\/ -->\n<iframe loading=\"lazy\" src=\"https:\/\/www.google.com\/maps\/d\/embed?mid=18OVW4FiG4noVz4vFAYmYzmjpOW8\" width=\"900\" 0=\"height=&quot;300&quot;&amp;gt;&amp;lt;\/iframe\" height=\"500\" scrolling=\"yes\" class=\"iframe-class\" frameborder=\"0\"><\/iframe>\n\n<h4>\n\t\tNoticias sobre el p\u00e1del\n\t<\/h4>\n\t\t\t\t<a href=\"https:\/\/www.facebook.com\/sharer.php?u=https:\/\/www.padel-test.de\/padel-plaetze\/padel-ruhrgebiet\/?fl_builder&#038;title=Padel+Ruhrgebiet\">\n\t\t\t\t\t\t\t\t\t\t\t\tCompartir en Facebook\n\t\t\t\t\t\t\t\t\t<\/a>\n\t\t\t\t<a href=\"https:\/\/twitter.com\/intent\/tweet?url=https:\/\/www.padel-test.de\/padel-plaetze\/padel-ruhrgebiet\/?fl_builder&#038;text=Padel+Ruhrgebiet\">\n\t\t\t\t\t\t\t\t\t\t\t\tCompartir en Twitter\n\t\t\t\t\t\t\t\t\t<\/a>\n\t\t\t\t<a href=\"https:\/\/www.linkedin.com\/shareArticle?mini=true&#038;url=https:\/\/www.padel-test.de\/padel-plaetze\/padel-ruhrgebiet\/?fl_builder&#038;title=Padel+Ruhrgebiet\">\n\t\t\t\t\t\t\t\t\t\t\t\tCompartir en Linkedin\n\t\t\t\t\t\t\t\t\t<\/a>\n\t\t\t\t<a href=\"mailto:?body=https:\/\/www.padel-test.de\/padel-plaetze\/padel-ruhrgebiet\/?fl_builder\">\n\t\t\t\t\t\t\t\t\t\t\t\tCompartir por correo electr\u00f3nico\n\t\t\t\t\t\t\t\t\t<\/a>","protected":false},"excerpt":{"rendered":"<p>Por supuesto, el p\u00e1del alem\u00e1n tambi\u00e9n cuenta con numerosos seguidores en la cuenca del Ruhr, algunos jugadores de renombre y, sobre todo: \u00a1pistas de p\u00e1del!   Actualmente se puede jugar al p\u00e1del en los siguientes lugares de la regi\u00f3n del Ruhr: Essen: Padel Essen (2 pistas de padel cubiertas) Kamen: Padel Kamen-Heeren (2 pistas al aire libre) Gladbeck: en proyecto Bochum: PadelWorld Bochum (para empezar con 4 pistas de p\u00e1del al aire...<\/p>","protected":false},"author":1,"featured_media":16852,"parent":18160,"menu_order":7,"comment_status":"open","ping_status":"open","template":"","meta":{"_acf_changed":false,"_sitemap_exclude":false,"_sitemap_priority":"","_sitemap_frequency":"","_analytify_skip_tracking":false,"footnotes":""},"class_list":["post-18188","page","type-page","status-publish","has-post-thumbnail","hentry"],"acf":[],"_links":{"self":[{"href":"https:\/\/www.padel-test.de\/es\/wp-json\/wp\/v2\/pages\/18188","targetHints":{"allow":["GET"]}}],"collection":[{"href":"https:\/\/www.padel-test.de\/es\/wp-json\/wp\/v2\/pages"}],"about":[{"href":"https:\/\/www.padel-test.de\/es\/wp-json\/wp\/v2\/types\/page"}],"author":[{"embeddable":true,"href":"https:\/\/www.padel-test.de\/es\/wp-json\/wp\/v2\/users\/1"}],"replies":[{"embeddable":true,"href":"https:\/\/www.padel-test.de\/es\/wp-json\/wp\/v2\/comments?post=18188"}],"version-history":[{"count":0,"href":"https:\/\/www.padel-test.de\/es\/wp-json\/wp\/v2\/pages\/18188\/revisions"}],"up":[{"embeddable":true,"href":"https:\/\/www.padel-test.de\/es\/wp-json\/wp\/v2\/pages\/18160"}],"wp:featuredmedia":[{"embeddable":true,"href":"https:\/\/www.padel-test.de\/es\/wp-json\/wp\/v2\/media\/16852"}],"wp:attachment":[{"href":"https:\/\/www.padel-test.de\/es\/wp-json\/wp\/v2\/media?parent=18188"}],"curies":[{"name":"wp","href":"https:\/\/api.w.org\/{rel}","templated":true}]}}