{"id":18196,"date":"2017-12-19T10:42:42","date_gmt":"2017-12-19T10:42:42","guid":{"rendered":"http:\/\/www.padel-test.de\/padel-plaetze\/padel-osnabrueck\/"},"modified":"2022-11-01T19:28:43","modified_gmt":"2022-11-01T19:28:43","slug":"padel-osnabrueck","status":"publish","type":"page","link":"https:\/\/www.padel-test.de\/es\/lugares-de-padel-3\/padel-osnabrueck\/","title":{"rendered":"Padel Osnabr\u00fcck"},"content":{"rendered":"<p><strong>Jugar al p\u00e1del en Osnabr\u00fcck y sus alrededores<\/strong><\/p>\n<p>En los alrededores de Osnabr\u00fcck se puede jugar al p\u00e1del en Espelkamp, Herzebrock-Clarholz y M\u00fcnster. Las tres localidades de p\u00e1del est\u00e1n a s\u00f3lo unos 30-50 minutos de Osnabr\u00fcck, por lo que se puede llegar r\u00e1pidamente en coche.<\/p>\n<p>Qui\u00e9n <a href=\"\/es\/padel-tv-espelkamp\/\">P\u00e1del en Espelkamp<\/a> desea jugar puede utilizar una de las dos pistas de p\u00e1del al aire libre en los terrenos deportivos del club de tenis TV Espelkamp. En la actualidad, el sitio acoge regularmente a los <a href=\"\/es\/torneos-de-padel-2\/\">Torneos de p\u00e1del<\/a>.<\/p>\n<p>Convenientemente, hay una tribuna de espectadores justo al lado de la cancha. Esto hace que no s\u00f3lo sea divertido jugar al p\u00e1del, sino tambi\u00e9n ver los numerosos eventos.<\/p>\n<p>A s\u00f3lo 20 minutos en coche de G\u00fctersloh se encuentra el <a href=\"\/es\/padel-point-center-herzebrock\/\">Padel Point Center Herzebrock<\/a>. Aqu\u00ed hay una pista de p\u00e1del al aire libre con c\u00e9sped artificial y focos. La pista de p\u00e1del est\u00e1 gestionada por Tennis-Point GmbH.<\/p>\n<p>Y en M\u00fcnster se encuentra el <a href=\"\/es\/padel-muenster\/\">Sala de P\u00e1del de M\u00fcnster<\/a>que, adem\u00e1s de p\u00e1del, tambi\u00e9n ofrece f\u00fatbol y una amplia gastronom\u00eda.<\/p>\n<p><em>-&gt; Volver a la <a href=\"\/es\/lugares-de-padel-3\/\">Mapa de las pistas de p\u00e1del alemanas<\/a><\/em><\/p>\n\t<h3>Pistas de p\u00e1del - Mapa<\/h3>\n\n<!-- iframe plugin v.6.0 wordpress.org\/plugins\/iframe\/ -->\n<iframe loading=\"lazy\" src=\"https:\/\/www.google.com\/maps\/d\/embed?mid=18OVW4FiG4noVz4vFAYmYzmjpOW8\" width=\"900\" 0=\"height=&quot;300&quot;&amp;gt;&amp;lt;\/iframe\" height=\"500\" scrolling=\"yes\" class=\"iframe-class\" frameborder=\"0\"><\/iframe>\n\n<h4>\n\t\tNoticias sobre el p\u00e1del\n\t<\/h4>\n\t\t\t\t<a href=\"https:\/\/www.facebook.com\/sharer.php?u=https:\/\/www.padel-test.de\/?page_id=18196&#038;fl_builder&#038;title=Padel+Osnabr%C3%BCck\">\n\t\t\t\t\t\t\t\t\t\t\t\tCompartir en Facebook\n\t\t\t\t\t\t\t\t\t<\/a>\n\t\t\t\t<a href=\"https:\/\/twitter.com\/intent\/tweet?url=https:\/\/www.padel-test.de\/?page_id=18196&#038;fl_builder&#038;text=Padel+Osnabr%C3%BCck\">\n\t\t\t\t\t\t\t\t\t\t\t\tCompartir en Twitter\n\t\t\t\t\t\t\t\t\t<\/a>\n\t\t\t\t<a href=\"https:\/\/www.linkedin.com\/shareArticle?mini=true&#038;url=https:\/\/www.padel-test.de\/?page_id=18196&#038;fl_builder&#038;title=Padel+Osnabr%C3%BCck\">\n\t\t\t\t\t\t\t\t\t\t\t\tCompartir en Linkedin\n\t\t\t\t\t\t\t\t\t<\/a>\n\t\t\t\t<a href=\"mailto:?body=https:\/\/www.padel-test.de\/?page_id=18196&#038;fl_builder\">\n\t\t\t\t\t\t\t\t\t\t\t\tCompartir en el correo electr\u00f3nico\n\t\t\t\t\t\t\t\t\t<\/a>","protected":false},"excerpt":{"rendered":"<p>Jugar al p\u00e1del en Osnabr\u00fcck y sus alrededores En los alrededores de Osnabr\u00fcck se puede jugar al p\u00e1del en Espelkamp, Herzebrock-Clarholz y M\u00fcnster. Las tres localidades de p\u00e1del est\u00e1n a s\u00f3lo unos 30-50 minutos de Osnabr\u00fcck, por lo que se puede llegar r\u00e1pidamente en coche. Si quieres jugar al p\u00e1del en Espelkamp, puedes utilizar una de las dos pistas de p\u00e1del al aire libre...<\/p>","protected":false},"author":1,"featured_media":16857,"parent":18160,"menu_order":16,"comment_status":"open","ping_status":"open","template":"","meta":{"_acf_changed":false,"_sitemap_exclude":false,"_sitemap_priority":"","_sitemap_frequency":"","_analytify_skip_tracking":false,"footnotes":""},"class_list":["post-18196","page","type-page","status-publish","has-post-thumbnail","hentry"],"acf":[],"_links":{"self":[{"href":"https:\/\/www.padel-test.de\/es\/wp-json\/wp\/v2\/pages\/18196","targetHints":{"allow":["GET"]}}],"collection":[{"href":"https:\/\/www.padel-test.de\/es\/wp-json\/wp\/v2\/pages"}],"about":[{"href":"https:\/\/www.padel-test.de\/es\/wp-json\/wp\/v2\/types\/page"}],"author":[{"embeddable":true,"href":"https:\/\/www.padel-test.de\/es\/wp-json\/wp\/v2\/users\/1"}],"replies":[{"embeddable":true,"href":"https:\/\/www.padel-test.de\/es\/wp-json\/wp\/v2\/comments?post=18196"}],"version-history":[{"count":0,"href":"https:\/\/www.padel-test.de\/es\/wp-json\/wp\/v2\/pages\/18196\/revisions"}],"up":[{"embeddable":true,"href":"https:\/\/www.padel-test.de\/es\/wp-json\/wp\/v2\/pages\/18160"}],"wp:featuredmedia":[{"embeddable":true,"href":"https:\/\/www.padel-test.de\/es\/wp-json\/wp\/v2\/media\/16857"}],"wp:attachment":[{"href":"https:\/\/www.padel-test.de\/es\/wp-json\/wp\/v2\/media?parent=18196"}],"curies":[{"name":"wp","href":"https:\/\/api.w.org\/{rel}","templated":true}]}}