{"id":18199,"date":"2017-12-24T15:58:34","date_gmt":"2017-12-24T15:58:34","guid":{"rendered":"http:\/\/www.padel-test.de\/padel-plaetze\/padel-duesseldorf\/"},"modified":"2022-10-31T22:20:39","modified_gmt":"2022-10-31T22:20:39","slug":"padel-duesseldorf","status":"publish","type":"page","link":"https:\/\/www.padel-test.de\/es\/lugares-de-padel-3\/padel-duesseldorf\/","title":{"rendered":"Padel D\u00fcsseldorf"},"content":{"rendered":"<p>D\u00fcsseldorf cuenta ahora tambi\u00e9n con pistas de p\u00e1del. Despu\u00e9s de que su rival local, Colonia, disponga desde hace tiempo de 3 pistas de p\u00e1del, D\u00fcsseldorf puede por fin ponerse al d\u00eda.<\/p>\n<p>Porque ha nacido un nuevo proyecto de p\u00e1del en TG Nord Lohausen:<\/p>\n<p><a href=\"\/es\/padel-duesseldorf-tg-nord\/\">Padel D\u00fcsseldorf TG Norte<\/a><\/p>\n<p>&nbsp;<\/p>\n<p>El potencial de los jugadores de p\u00e1del est\u00e1 definitivamente ah\u00ed en la regi\u00f3n de D\u00fcsseldorf y esperamos que haya m\u00e1s pistas de p\u00e1del en D\u00fcsseldorf.<\/p>\n<p>En caso contrario, la pista de p\u00e1del m\u00e1s cercana es la instalaci\u00f3n de p\u00e1del del <a href=\"https:\/\/www.padel-test.de\/es\/tvn-padel-essen\/\">TVN Padel Essen<\/a>. Tambi\u00e9n hay pistas de p\u00e1del como <a href=\"https:\/\/www.padel-test.de\/es\/padel-colonia\/\">Padel Colonia en Colonia<\/a>\u00a0a s\u00f3lo 40 minutos en coche del centro de D\u00fcsseldorf.<\/p>\n<p>En general, hay muchos <a href=\"\/es\/lugares-de-padel-3\/padel-ruhrgebiet\/\">Pistas de p\u00e1del en la cuenca del Ruhr<\/a>\u00a0- por ejemplo, en Werne, Essen, Herne y pronto tambi\u00e9n en Bochum.<\/p>\n<p><em>En nuestro mapa de p\u00e1del puede ver d\u00f3nde hay ya <a href=\"https:\/\/www.padel-test.de\/es\/lugares-de-padel-3\/\">Pistas de p\u00e1del en Alemania<\/a> da.<\/em><\/p>","protected":false},"excerpt":{"rendered":"<p>D\u00fcsseldorf cuenta ahora tambi\u00e9n con pistas de p\u00e1del. Despu\u00e9s de que su rival local, Colonia, disponga desde hace tiempo de 3 pistas de p\u00e1del, D\u00fcsseldorf puede por fin ponerse a su altura. Ha nacido un nuevo proyecto de p\u00e1del en TG Nord Lohausen: Padel D\u00fcsseldorf TG Nord El potencial de jugadores de padel est\u00e1 definitivamente ah\u00ed en la regi\u00f3n de D\u00fcsseldorf y nosotros...<\/p>","protected":false},"author":1,"featured_media":0,"parent":18160,"menu_order":17,"comment_status":"closed","ping_status":"closed","template":"","meta":{"_acf_changed":false,"_sitemap_exclude":false,"_sitemap_priority":"","_sitemap_frequency":"","_analytify_skip_tracking":false,"footnotes":""},"class_list":["post-18199","page","type-page","status-publish","hentry"],"acf":[],"_links":{"self":[{"href":"https:\/\/www.padel-test.de\/es\/wp-json\/wp\/v2\/pages\/18199","targetHints":{"allow":["GET"]}}],"collection":[{"href":"https:\/\/www.padel-test.de\/es\/wp-json\/wp\/v2\/pages"}],"about":[{"href":"https:\/\/www.padel-test.de\/es\/wp-json\/wp\/v2\/types\/page"}],"author":[{"embeddable":true,"href":"https:\/\/www.padel-test.de\/es\/wp-json\/wp\/v2\/users\/1"}],"replies":[{"embeddable":true,"href":"https:\/\/www.padel-test.de\/es\/wp-json\/wp\/v2\/comments?post=18199"}],"version-history":[{"count":0,"href":"https:\/\/www.padel-test.de\/es\/wp-json\/wp\/v2\/pages\/18199\/revisions"}],"up":[{"embeddable":true,"href":"https:\/\/www.padel-test.de\/es\/wp-json\/wp\/v2\/pages\/18160"}],"wp:attachment":[{"href":"https:\/\/www.padel-test.de\/es\/wp-json\/wp\/v2\/media?parent=18199"}],"curies":[{"name":"wp","href":"https:\/\/api.w.org\/{rel}","templated":true}]}}