{"id":18202,"date":"2017-12-24T16:16:32","date_gmt":"2017-12-24T16:16:32","guid":{"rendered":"http:\/\/www.padel-test.de\/padel-plaetze\/padel-stuttgart\/"},"modified":"2022-10-25T23:58:25","modified_gmt":"2022-10-25T23:58:25","slug":"padel-stuttgart","status":"publish","type":"page","link":"https:\/\/www.padel-test.de\/es\/lugares-de-padel-3\/padel-stuttgart\/","title":{"rendered":"Padel Stuttgart"},"content":{"rendered":"<p>Las pistas de p\u00e1del de Stuttgart, la capital de Baden-W\u00fcrttemberg, estuvieron en fase de planificaci\u00f3n durante mucho tiempo. Hasta ahora, la regla era: si ven\u00edas de Stuttgart, ten\u00edas que tener movilidad para jugar al p\u00e1del.<\/p>\n<p>Pero desde junio de 2019, ya no hay mucho que conducir.<\/p>\n<p>Porque ahora hay una pista de p\u00e1del al aire libre en el Stuttgarter Kickers.<\/p>\n<p>Aqu\u00ed puede encontrar m\u00e1s informaci\u00f3n sobre <a href=\"\/es\/lugares-de-padel-2\/padel-stuttgarter-kickers\/\">Padel Stuttgart Kickers<\/a>.<\/p>\n<p>&nbsp;<\/p>\n<p>Y en las cercan\u00edas hay un fuerte <a href=\"\/es\/lugares-de-padel-3\/padel-karlsruhe\/\">Comunidad de P\u00e1del en Karlsruhe<\/a> con mientras 6 pistas de p\u00e1del (pistas de p\u00e1del interiores y exteriores, nuevas pistas de p\u00e1del cada a\u00f1o) o en el <a href=\"\/es\/lugares-de-padel-2\/padel-heilbronn-schwaigern\/\">Pista de p\u00e1del en Schwaigern<\/a> puede evitarse. La duraci\u00f3n del viaje en coche es de unos 60 minutos desde Stuttgart.<\/p>\n<p>Dado que ya exist\u00eda una pista de p\u00e1del m\u00f3vil en Stuttgart a modo de prueba, que fue muy bien recibida por los deportistas de Stuttgart, nos alegramos de que el p\u00e1del est\u00e9 por fin firmemente anclado en Stuttgart y deseamos que la localidad de p\u00e1del de Stuttgart crezca adecuadamente con muchas m\u00e1s pistas de p\u00e1del.<\/p>\n\t<h3>Pistas de p\u00e1del - Mapa<\/h3>\n\n<!-- iframe plugin v.6.0 wordpress.org\/plugins\/iframe\/ -->\n<iframe loading=\"lazy\" src=\"https:\/\/www.google.com\/maps\/d\/embed?mid=18OVW4FiG4noVz4vFAYmYzmjpOW8\" width=\"900\" 0=\"height=&quot;300&quot;&amp;gt;&amp;lt;\/iframe\" height=\"500\" scrolling=\"yes\" class=\"iframe-class\" frameborder=\"0\"><\/iframe>\n\n<h4>\n\t\tNoticias de Padel Stuttgart\n\t<\/h4>\n\t\t\t\t<a href=\"https:\/\/www.facebook.com\/sharer.php?u=https:\/\/www.padel-test.de\/padel-plaetze\/padel-stuttgart\/?fl_builder&#038;title=Padel+Stuttgart\">\n\t\t\t\t\t\t\t\t\t\t\t\tCompartir en Facebook\n\t\t\t\t\t\t\t\t\t<\/a>\n\t\t\t\t<a href=\"https:\/\/twitter.com\/intent\/tweet?url=https:\/\/www.padel-test.de\/padel-plaetze\/padel-stuttgart\/?fl_builder&#038;text=Padel+Stuttgart\">\n\t\t\t\t\t\t\t\t\t\t\t\tCompartir en Twitter\n\t\t\t\t\t\t\t\t\t<\/a>\n\t\t\t\t<a href=\"https:\/\/www.linkedin.com\/shareArticle?mini=true&#038;url=https:\/\/www.padel-test.de\/padel-plaetze\/padel-stuttgart\/?fl_builder&#038;title=Padel+Stuttgart\">\n\t\t\t\t\t\t\t\t\t\t\t\tCompartir en Linkedin\n\t\t\t\t\t\t\t\t\t<\/a>\n\t\t\t\t<a href=\"mailto:?body=https:\/\/www.padel-test.de\/padel-plaetze\/padel-stuttgart\/?fl_builder\">\n\t\t\t\t\t\t\t\t\t\t\t\tCompartir por correo electr\u00f3nico\n\t\t\t\t\t\t\t\t\t<\/a>","protected":false},"excerpt":{"rendered":"<p>Las pistas de p\u00e1del de Stuttgart, capital de Baden-Wurtemberg, llevaban mucho tiempo en fase de planificaci\u00f3n. Hasta ahora, la regla era: si ven\u00edas de Stuttgart, ten\u00edas que tener movilidad para jugar al p\u00e1del. Pero desde junio de 2019, ya no tienes que conducir mucho. Porque ahora hay una pista de p\u00e1del al aire libre en el Stuttgarter Kickers. Aqu\u00ed encontrar\u00e1 m\u00e1s informaci\u00f3n sobre...<\/p>","protected":false},"author":1,"featured_media":17038,"parent":18160,"menu_order":1,"comment_status":"closed","ping_status":"closed","template":"","meta":{"_acf_changed":false,"_sitemap_exclude":false,"_sitemap_priority":"","_sitemap_frequency":"","_analytify_skip_tracking":false,"footnotes":""},"class_list":["post-18202","page","type-page","status-publish","has-post-thumbnail","hentry"],"acf":[],"_links":{"self":[{"href":"https:\/\/www.padel-test.de\/es\/wp-json\/wp\/v2\/pages\/18202","targetHints":{"allow":["GET"]}}],"collection":[{"href":"https:\/\/www.padel-test.de\/es\/wp-json\/wp\/v2\/pages"}],"about":[{"href":"https:\/\/www.padel-test.de\/es\/wp-json\/wp\/v2\/types\/page"}],"author":[{"embeddable":true,"href":"https:\/\/www.padel-test.de\/es\/wp-json\/wp\/v2\/users\/1"}],"replies":[{"embeddable":true,"href":"https:\/\/www.padel-test.de\/es\/wp-json\/wp\/v2\/comments?post=18202"}],"version-history":[{"count":0,"href":"https:\/\/www.padel-test.de\/es\/wp-json\/wp\/v2\/pages\/18202\/revisions"}],"up":[{"embeddable":true,"href":"https:\/\/www.padel-test.de\/es\/wp-json\/wp\/v2\/pages\/18160"}],"wp:featuredmedia":[{"embeddable":true,"href":"https:\/\/www.padel-test.de\/es\/wp-json\/wp\/v2\/media\/17038"}],"wp:attachment":[{"href":"https:\/\/www.padel-test.de\/es\/wp-json\/wp\/v2\/media?parent=18202"}],"curies":[{"name":"wp","href":"https:\/\/api.w.org\/{rel}","templated":true}]}}