{"id":18206,"date":"2017-12-24T09:35:18","date_gmt":"2017-12-24T09:35:18","guid":{"rendered":"http:\/\/www.padel-test.de\/padel-plaetze\/padel-nuernberg\/"},"modified":"2022-10-25T23:36:50","modified_gmt":"2022-10-25T23:36:50","slug":"padel-nuernberg","status":"publish","type":"page","link":"https:\/\/www.padel-test.de\/es\/lugares-de-padel-3\/padel-nuernberg\/","title":{"rendered":"Padel Nuremberg"},"content":{"rendered":"<p>Los jugadores de p\u00e1del de Franconia pueden jugar partidos de p\u00e1del en N\u00faremberg en el Club am Marienberg (CAM). El <a href=\"\/es\/lugares-de-padel-2\/padel-nuernberg-marienberg\/\">Instalaci\u00f3n de p\u00e1del Nuremberg CAM<\/a> est\u00e1 equipado con dos pistas de p\u00e1del de \u00faltima generaci\u00f3n y forma parte de los amplios terrenos deportivos del Club am Marienberg. Adem\u00e1s del p\u00e1del, aqu\u00ed se ofrecen otros deportes, por lo que se forma parte de una gran comunidad deportiva.<\/p>\n<p>En las inmediaciones, tambi\u00e9n hay una pista de p\u00e1del cubierta desde principios de 2019 -en el <a href=\"\/es\/lugares-de-padel-2\/padel-nuernberg-sportpark-nord\/\">Padel Nuremberg Sportpark North<\/a>.<\/p>\n<p>Esto significa que los torneos m\u00e1s grandes pueden celebrarse ahora en ambos lugares de p\u00e1del juntos.<\/p>\n<p>Adem\u00e1s, se est\u00e1 planeando otra instalaci\u00f3n de p\u00e1del cerca de N\u00faremberg: en Herzogenaurach, posiblemente todav\u00eda en <a href=\"\/es\/adidas-padel\/\">adidas Padel<\/a>\u00a0se construir\u00e1 una pista de p\u00e1del<em>.<\/em><\/p>\n<p>&nbsp;<\/p>\n<p><em>M\u00e1s oportunidades de juego en Baviera: <a href=\"\/es\/lugares-de-padel-3\/padel-muenchen\/\">Pistas de p\u00e1del en M\u00fanich<\/a>\u00a0y el <a href=\"\/es\/padel-wuerzburg\/\">Padelarena W\u00fcrzburg<\/a><\/em><\/p>\n\t<h3>Pistas de p\u00e1del - Mapa<\/h3>\n\n<!-- iframe plugin v.6.0 wordpress.org\/plugins\/iframe\/ -->\n<iframe loading=\"lazy\" src=\"https:\/\/www.google.com\/maps\/d\/embed?mid=18OVW4FiG4noVz4vFAYmYzmjpOW8\" width=\"900\" 0=\"height=&quot;300&quot;&amp;gt;&amp;lt;\/iframe\" height=\"500\" scrolling=\"yes\" class=\"iframe-class\" frameborder=\"0\"><\/iframe>\n\n<h4>\n\t\tNoticias de Padel Nuremberg\n\t<\/h4>\n\t\t\t\t<a href=\"https:\/\/www.facebook.com\/sharer.php?u=https:\/\/www.padel-test.de\/padel-plaetze\/padel-nuernberg\/?fl_builder&#038;title=Padel+N%C3%BCrnberg\">\n\t\t\t\t\t\t\t\t\t\t\t\tCompartir en Facebook\n\t\t\t\t\t\t\t\t\t<\/a>\n\t\t\t\t<a href=\"https:\/\/twitter.com\/intent\/tweet?url=https:\/\/www.padel-test.de\/padel-plaetze\/padel-nuernberg\/?fl_builder&#038;text=Padel+N%C3%BCrnberg\">\n\t\t\t\t\t\t\t\t\t\t\t\tCompartir en Twitter\n\t\t\t\t\t\t\t\t\t<\/a>\n\t\t\t\t<a href=\"https:\/\/www.linkedin.com\/shareArticle?mini=true&#038;url=https:\/\/www.padel-test.de\/padel-plaetze\/padel-nuernberg\/?fl_builder&#038;title=Padel+N%C3%BCrnberg\">\n\t\t\t\t\t\t\t\t\t\t\t\tCompartir en Linkedin\n\t\t\t\t\t\t\t\t\t<\/a>\n\t\t\t\t<a href=\"mailto:?body=https:\/\/www.padel-test.de\/padel-plaetze\/padel-nuernberg\/?fl_builder\">\n\t\t\t\t\t\t\t\t\t\t\t\tCompartir por correo electr\u00f3nico\n\t\t\t\t\t\t\t\t\t<\/a>","protected":false},"excerpt":{"rendered":"<p>Los jugadores de p\u00e1del de Franconia pueden jugar partidos de p\u00e1del en N\u00faremberg en el Club am Marienberg (CAM). Las instalaciones de p\u00e1del del CAM de N\u00faremberg est\u00e1n equipadas con dos pistas de p\u00e1del de \u00faltima generaci\u00f3n y forman parte de los amplios terrenos deportivos del Club am Marienberg. Adem\u00e1s de p\u00e1del, aqu\u00ed tambi\u00e9n se ofrecen otros deportes, por lo que formar\u00e1 parte de una gran comunidad deportiva.....<\/p>","protected":false},"author":1,"featured_media":16718,"parent":18160,"menu_order":3,"comment_status":"closed","ping_status":"closed","template":"","meta":{"_acf_changed":false,"_sitemap_exclude":false,"_sitemap_priority":"","_sitemap_frequency":"","_analytify_skip_tracking":false,"footnotes":""},"class_list":["post-18206","page","type-page","status-publish","has-post-thumbnail","hentry"],"acf":[],"_links":{"self":[{"href":"https:\/\/www.padel-test.de\/es\/wp-json\/wp\/v2\/pages\/18206","targetHints":{"allow":["GET"]}}],"collection":[{"href":"https:\/\/www.padel-test.de\/es\/wp-json\/wp\/v2\/pages"}],"about":[{"href":"https:\/\/www.padel-test.de\/es\/wp-json\/wp\/v2\/types\/page"}],"author":[{"embeddable":true,"href":"https:\/\/www.padel-test.de\/es\/wp-json\/wp\/v2\/users\/1"}],"replies":[{"embeddable":true,"href":"https:\/\/www.padel-test.de\/es\/wp-json\/wp\/v2\/comments?post=18206"}],"version-history":[{"count":0,"href":"https:\/\/www.padel-test.de\/es\/wp-json\/wp\/v2\/pages\/18206\/revisions"}],"up":[{"embeddable":true,"href":"https:\/\/www.padel-test.de\/es\/wp-json\/wp\/v2\/pages\/18160"}],"wp:featuredmedia":[{"embeddable":true,"href":"https:\/\/www.padel-test.de\/es\/wp-json\/wp\/v2\/media\/16718"}],"wp:attachment":[{"href":"https:\/\/www.padel-test.de\/es\/wp-json\/wp\/v2\/media?parent=18206"}],"curies":[{"name":"wp","href":"https:\/\/api.w.org\/{rel}","templated":true}]}}