{"id":18212,"date":"2017-12-24T18:29:56","date_gmt":"2017-12-24T18:29:56","guid":{"rendered":"http:\/\/www.padel-test.de\/padel-plaetze\/padel-zuerich\/"},"modified":"2022-10-25T23:05:19","modified_gmt":"2022-10-25T23:05:19","slug":"padel-zuerich","status":"publish","type":"page","link":"https:\/\/www.padel-test.de\/es\/lugares-de-padel-3\/padel-zuerich\/","title":{"rendered":"P\u00e1del Z\u00farich"},"content":{"rendered":"<p><strong>P\u00e1del en Z\u00farich y alrededores<\/strong><\/p>\n<p>La zona de Z\u00farich es la que m\u00e1s pistas de p\u00e1del tiene en Suiza. Actualmente se puede jugar al p\u00e1del en 6 clubes. Se est\u00e1n planificando m\u00e1s instalaciones de p\u00e1del.<\/p>\n<p>En <a href=\"\/es\/padel-zuerich-unterland\/\">Padelclub Zurich Unterland<\/a> hay una pista de p\u00e1del exterior con focos. La pista forma parte de las instalaciones deportivas de Bassersdorf x aktiv y est\u00e1 a pocos minutos del aeropuerto de Z\u00farich.<\/p>\n<p><a href=\"\/es\/padel-tc-unterengstringen\/\">P\u00e1del en TC Unterengstringen<\/a> se puede jugar en tres pistas de p\u00e1del exteriores. Adem\u00e1s, all\u00ed se imparten clases de p\u00e1del para principiantes y se celebran importantes torneos de p\u00e1del como el Zurich Open.<\/p>\n<p>En el <a href=\"\/es\/padel-zuerich-sonnenberg\/\">Pista de p\u00e1del de las instalaciones deportivas de Sonnenberg<\/a> se puede remar en una pista exterior. El centro de p\u00e1del est\u00e1 muy cerca de Z\u00farich (3 km) y tambi\u00e9n ofrece instalaciones de bienestar.<\/p>\n<p>Al sur de Z\u00farich, a orillas del lago de Z\u00farich, se encuentra el <a href=\"\/es\/padel-horgen-zuerich\/\">Pista de p\u00e1del Horgen<\/a>. Aqu\u00ed tambi\u00e9n se puede jugar en una pista exterior con focos. Tambi\u00e9n hay una tienda de p\u00e1del con material de conocidos proveedores de p\u00e1del.<\/p>\n<p>No muy lejos, en el <a href=\"\/es\/padelarena-waedenswil-zuerich\/\">Padelarena W\u00e4denswil<\/a> se encuentra el <strong>La mayor sala de p\u00e1del cubierta de Suiza<\/strong>\u00a1! Las instalaciones de p\u00e1del cuentan con 5 pistas cubiertas y ofrecen regularmente campamentos y torneos de p\u00e1del.<\/p>\n<p>En el noroeste de Z\u00farich se encuentra el <a href=\"\/es\/padel-brugg\/\">Club de P\u00e1del Brugg<\/a>. Tambi\u00e9n hay una pista al aire libre. Hay una membres\u00eda de prueba para la temporada de verano disponible especialmente para los jugadores de p\u00e1del.<\/p>\n<ul>\n<li><em>Todo <a href=\"\/es\/pistas-de-padel-suiza\/\">Pistas de p\u00e1del en Suiza<\/a> \u00a1que puedes encontrar aqu\u00ed!<\/em><\/li>\n<li><em>Y un <a href=\"\/es\/lugares-de-padel-3\/\">Mapa de las pistas de p\u00e1del de Suiza<\/a> \u00a1que puedes encontrar aqu\u00ed!<\/em><\/li>\n<\/ul>\n\t<h3>Pistas de p\u00e1del - Mapa<\/h3>\n\n<!-- iframe plugin v.6.0 wordpress.org\/plugins\/iframe\/ -->\n<iframe loading=\"lazy\" src=\"https:\/\/www.google.com\/maps\/d\/embed?mid=18OVW4FiG4noVz4vFAYmYzmjpOW8\" width=\"900\" 0=\"height=&quot;300&quot;&amp;gt;&amp;lt;\/iframe\" height=\"500\" scrolling=\"yes\" class=\"iframe-class\" frameborder=\"0\"><\/iframe>\n\n<h4>\n\t\tNoticias de P\u00e1del Z\u00farich\n\t<\/h4>\n\t\t\t\t<a href=\"https:\/\/www.facebook.com\/sharer.php?u=https:\/\/www.padel-test.de\/padel-plaetze\/padel-zuerich\/?fl_builder&#038;title=Padel+Z%C3%BCrich\">\n\t\t\t\t\t\t\t\t\t\t\t\tCompartir en Facebook\n\t\t\t\t\t\t\t\t\t<\/a>\n\t\t\t\t<a href=\"https:\/\/twitter.com\/intent\/tweet?url=https:\/\/www.padel-test.de\/padel-plaetze\/padel-zuerich\/?fl_builder&#038;text=Padel+Z%C3%BCrich\">\n\t\t\t\t\t\t\t\t\t\t\t\tCompartir en Twitter\n\t\t\t\t\t\t\t\t\t<\/a>\n\t\t\t\t<a href=\"https:\/\/www.linkedin.com\/shareArticle?mini=true&#038;url=https:\/\/www.padel-test.de\/padel-plaetze\/padel-zuerich\/?fl_builder&#038;title=Padel+Z%C3%BCrich\">\n\t\t\t\t\t\t\t\t\t\t\t\tCompartir en Linkedin\n\t\t\t\t\t\t\t\t\t<\/a>\n\t\t\t\t<a href=\"mailto:?body=https:\/\/www.padel-test.de\/padel-plaetze\/padel-zuerich\/?fl_builder\">\n\t\t\t\t\t\t\t\t\t\t\t\tCompartir por correo electr\u00f3nico\n\t\t\t\t\t\t\t\t\t<\/a>","protected":false},"excerpt":{"rendered":"<p>P\u00e1del en Z\u00farich y alrededores Z\u00farich es la ciudad con m\u00e1s pistas de p\u00e1del de Suiza. Actualmente se puede jugar al p\u00e1del en 6 clubes. Se est\u00e1n planificando m\u00e1s instalaciones de p\u00e1del. El Padelclub Z\u00fcrich Unterland cuenta con una pista de p\u00e1del al aire libre con focos. La pista forma parte de las instalaciones deportivas bassersdorf x aktiv y est\u00e1 a s\u00f3lo...<\/p>","protected":false},"author":1,"featured_media":16989,"parent":18160,"menu_order":6,"comment_status":"closed","ping_status":"closed","template":"","meta":{"_acf_changed":false,"_sitemap_exclude":false,"_sitemap_priority":"","_sitemap_frequency":"","_analytify_skip_tracking":false,"footnotes":""},"class_list":["post-18212","page","type-page","status-publish","has-post-thumbnail","hentry"],"acf":[],"_links":{"self":[{"href":"https:\/\/www.padel-test.de\/es\/wp-json\/wp\/v2\/pages\/18212","targetHints":{"allow":["GET"]}}],"collection":[{"href":"https:\/\/www.padel-test.de\/es\/wp-json\/wp\/v2\/pages"}],"about":[{"href":"https:\/\/www.padel-test.de\/es\/wp-json\/wp\/v2\/types\/page"}],"author":[{"embeddable":true,"href":"https:\/\/www.padel-test.de\/es\/wp-json\/wp\/v2\/users\/1"}],"replies":[{"embeddable":true,"href":"https:\/\/www.padel-test.de\/es\/wp-json\/wp\/v2\/comments?post=18212"}],"version-history":[{"count":0,"href":"https:\/\/www.padel-test.de\/es\/wp-json\/wp\/v2\/pages\/18212\/revisions"}],"up":[{"embeddable":true,"href":"https:\/\/www.padel-test.de\/es\/wp-json\/wp\/v2\/pages\/18160"}],"wp:featuredmedia":[{"embeddable":true,"href":"https:\/\/www.padel-test.de\/es\/wp-json\/wp\/v2\/media\/16989"}],"wp:attachment":[{"href":"https:\/\/www.padel-test.de\/es\/wp-json\/wp\/v2\/media?parent=18212"}],"curies":[{"name":"wp","href":"https:\/\/api.w.org\/{rel}","templated":true}]}}