{"id":18216,"date":"2019-08-02T16:46:50","date_gmt":"2019-08-02T16:46:50","guid":{"rendered":"http:\/\/www.padel-test.de\/padel-wissen\/unterschiede-tennis-padel\/"},"modified":"2022-11-03T00:07:51","modified_gmt":"2022-11-03T00:07:51","slug":"diferencias-padel-tenis","status":"publish","type":"page","link":"https:\/\/www.padel-test.de\/es\/conocimientos-de-padel\/diferencias-padel-tenis\/","title":{"rendered":"\u00bfDiferencias entre el tenis y el p\u00e1del?"},"content":{"rendered":"<h2>\u00bfQu\u00e9 diferencias hay entre el p\u00e1del y el tenis?<\/h2>\n<ul>\n<li>El p\u00e1del se juega en un campo mucho m\u00e1s peque\u00f1o (10x20m). En una pista de tenis normal con una zona de salida de pista caben unas 2-3 pistas de p\u00e1del.<\/li>\n<li>El p\u00e1del se juega siempre en dobles. Hay algunas pistas de p\u00e1del individuales, pero s\u00f3lo son para practicar. Los torneos de p\u00e1del se juegan realmente s\u00f3lo en dobles.<\/li>\n<li>El p\u00e1del es mucho, mucho m\u00e1s r\u00e1pido de aprender que el tenis.<\/li>\n<li><a href=\"\/es\/conocimientos-de-padel\/batidor-de-palas\/\">Raquetas de p\u00e1del<\/a> son bastante m\u00e1s cortas que las raquetas de tenis y no tienen lados, pero est\u00e1n hechas completamente de pl\u00e1stico (fibra de vidrio, etileno acetato de vinilo (EVA), carbono, poliuretano (PUR), tecnolog\u00eda de carbono y aluminio, etc.).<\/li>\n<li>Bei Padel geht es mehr ums &#8222;K\u00f6pfchen&#8220;, also Spielwitz und weniger um Kraft und Athletik.<\/li>\n<li>Las concentraciones son mucho m\u00e1s largas en los deportes de p\u00e1del que en el tenis.<\/li>\n<li>Saque desde abajo (la pelota de p\u00e1del debe ser golpeada por debajo de la cadera)<\/li>\n<li>Las pelotas de p\u00e1del son ligeramente m\u00e1s blandas que las de tenis (menor presi\u00f3n de aire)<\/li>\n<li>El tenis ya existe desde el siglo XVI (en esa \u00e9poca <a title=\"\" href=\"https:\/\/de.wikipedia.org\/wiki\/Jeu_de_Paume\" target=\"_blank\" rel=\"nofollow noopener noreferrer\">Juego de Paume<\/a>\u00a0 pero: el tenis de aquella \u00e9poca era mucho m\u00e1s parecido al p\u00e1del actual. \u00bfAs\u00ed que el tenis desciende realmente del p\u00e1del? \ud83d\ude09 Aqu\u00ed hay m\u00e1s informaci\u00f3n sobre el <a href=\"https:\/\/www.padel-test.de\/es\/conocimientos-de-padel\/historia-del-padel\/\">Historia del p\u00e1del<\/a>!<\/li>\n<li>\u00a1El p\u00e1del es m\u00e1s guay! No es de extra\u00f1ar que muchas celebridades y profesionales del deporte, como J\u00fcrgen Klopp, jueguen ahora al p\u00e1del casi a diario.<\/li>\n<\/ul>\n<p>&nbsp;<\/p>\n<p>Y hay muchas m\u00e1s diferencias entre el tenis y el p\u00e1del: \u00a1pru\u00e9balo t\u00fa mismo!<\/p>\n<p>Aqu\u00ed encontrar\u00e1 un resumen de la <a href=\"\/es\/lugares-de-padel-3\/\">Pistas de p\u00e1del en Alemania<\/a> - \u00a1Seguro que hay una pista de p\u00e1del cerca de ti!<\/p>\n<p>&nbsp;<\/p>\n<div id=\"attachment_9038\" style=\"width: 356px\" class=\"wp-caption aligncenter\"><img loading=\"lazy\" decoding=\"async\" aria-describedby=\"caption-attachment-9038\" class=\"wp-image-9038 size-full\" src=\"https:\/\/www.padel-test.de\/wp-content\/uploads\/2022\/09\/Jeu_de_paume.jpg\" alt=\"Jeu De Paume - el precursor del tenis y el p\u00e1del\" width=\"346\" height=\"460\" \/><p id=\"caption-attachment-9038\" class=\"wp-caption-text\">Jeu De Paume - el precursor del tenis y el p\u00e1del<\/p><\/div>\n<p>&nbsp;<\/p>\n<p><span data-slate-fragment=\"JTVCJTdCJTIydHlwZSUyMiUzQSUyMnBhcmFncmFwaCUyMiUyQyUyMmNoaWxkcmVuJTIyJTNBJTVCJTdCJTIydGV4dCUyMiUzQSUyMldhcyUyMGlzdCUyMGJlc3NlciUyMGYlQzMlQkNyJTIwZGllJTIwS25pZWdlbGVua2UlMjAtJTIwUGFkZWwlMjBvZGVyJTIwVGVubmlzJTNGJTIwRWluaWdlJTIwU3R1ZGllbiUyMGhhYmVuJTIwZ2V6ZWlndCUyQyUyMGRhc3MlMjBQYWRlbCUyMGJlc3NlciUyMGYlQzMlQkNyJTIwZGllJTIwS25pZWdlbGVua2UlMjBpc3QlMkMlMjBkYSUyMGVzJTIwd2VuaWdlciUyMEVyc2NoJUMzJUJDdHRlcnVuZ2VuJTIwdmVydXJzYWNodC4lMjBBbmRlcmUlMjBTdHVkaWVuJTIwaGFiZW4lMjBqZWRvY2glMjBnZXplaWd0JTJDJTIwZGFzcyUyMFRlbm5pcyUyMGJlc3NlciUyMGYlQzMlQkNyJTIwZGllJTIwS25pZWdlbGVua2UlMjBpc3QlMkMlMjBkYSUyMGVzJTIwZGllJTIwR2VsZW5rZSUyMHN0JUMzJUE0cmt0LiUyMERhaGVyJTIwaXN0JTIwZXMlMjBzY2h3aWVyaWclMjB6dSUyMHNhZ2VuJTJDJTIwd2VsY2hlcyUyMFNwaWVsJTIwYmVzc2VyJTIwZiVDMyVCQ3IlMjBkaWUlMjBLbmllZ2VsZW5rZSUyMGlzdC4lMjAlMjIlN0QlNUQlN0QlNUQ=\">\u00bfY qu\u00e9 es mejor para las articulaciones de la rodilla, el p\u00e1del o el tenis? <\/span><\/p>\n<p><span data-slate-fragment=\"JTVCJTdCJTIydHlwZSUyMiUzQSUyMnBhcmFncmFwaCUyMiUyQyUyMmNoaWxkcmVuJTIyJTNBJTVCJTdCJTIydGV4dCUyMiUzQSUyMldhcyUyMGlzdCUyMGJlc3NlciUyMGYlQzMlQkNyJTIwZGllJTIwS25pZWdlbGVua2UlMjAtJTIwUGFkZWwlMjBvZGVyJTIwVGVubmlzJTNGJTIwRWluaWdlJTIwU3R1ZGllbiUyMGhhYmVuJTIwZ2V6ZWlndCUyQyUyMGRhc3MlMjBQYWRlbCUyMGJlc3NlciUyMGYlQzMlQkNyJTIwZGllJTIwS25pZWdlbGVua2UlMjBpc3QlMkMlMjBkYSUyMGVzJTIwd2VuaWdlciUyMEVyc2NoJUMzJUJDdHRlcnVuZ2VuJTIwdmVydXJzYWNodC4lMjBBbmRlcmUlMjBTdHVkaWVuJTIwaGFiZW4lMjBqZWRvY2glMjBnZXplaWd0JTJDJTIwZGFzcyUyMFRlbm5pcyUyMGJlc3NlciUyMGYlQzMlQkNyJTIwZGllJTIwS25pZWdlbGVua2UlMjBpc3QlMkMlMjBkYSUyMGVzJTIwZGllJTIwR2VsZW5rZSUyMHN0JUMzJUE0cmt0LiUyMERhaGVyJTIwaXN0JTIwZXMlMjBzY2h3aWVyaWclMjB6dSUyMHNhZ2VuJTJDJTIwd2VsY2hlcyUyMFNwaWVsJTIwYmVzc2VyJTIwZiVDMyVCQ3IlMjBkaWUlMjBLbmllZ2VsZW5rZSUyMGlzdC4lMjAlMjIlN0QlNUQlN0QlNUQ=\">\u00a1Ah\u00ed es donde los eruditos discuten! Algunos estudios han demostrado que el p\u00e1del es mejor para las articulaciones de la rodilla porque provoca menos vibraciones. <\/span><\/p>\n<p><span data-slate-fragment=\"JTVCJTdCJTIydHlwZSUyMiUzQSUyMnBhcmFncmFwaCUyMiUyQyUyMmNoaWxkcmVuJTIyJTNBJTVCJTdCJTIydGV4dCUyMiUzQSUyMldhcyUyMGlzdCUyMGJlc3NlciUyMGYlQzMlQkNyJTIwZGllJTIwS25pZWdlbGVua2UlMjAtJTIwUGFkZWwlMjBvZGVyJTIwVGVubmlzJTNGJTIwRWluaWdlJTIwU3R1ZGllbiUyMGhhYmVuJTIwZ2V6ZWlndCUyQyUyMGRhc3MlMjBQYWRlbCUyMGJlc3NlciUyMGYlQzMlQkNyJTIwZGllJTIwS25pZWdlbGVua2UlMjBpc3QlMkMlMjBkYSUyMGVzJTIwd2VuaWdlciUyMEVyc2NoJUMzJUJDdHRlcnVuZ2VuJTIwdmVydXJzYWNodC4lMjBBbmRlcmUlMjBTdHVkaWVuJTIwaGFiZW4lMjBqZWRvY2glMjBnZXplaWd0JTJDJTIwZGFzcyUyMFRlbm5pcyUyMGJlc3NlciUyMGYlQzMlQkNyJTIwZGllJTIwS25pZWdlbGVua2UlMjBpc3QlMkMlMjBkYSUyMGVzJTIwZGllJTIwR2VsZW5rZSUyMHN0JUMzJUE0cmt0LiUyMERhaGVyJTIwaXN0JTIwZXMlMjBzY2h3aWVyaWclMjB6dSUyMHNhZ2VuJTJDJTIwd2VsY2hlcyUyMFNwaWVsJTIwYmVzc2VyJTIwZiVDMyVCQ3IlMjBkaWUlMjBLbmllZ2VsZW5rZSUyMGlzdC4lMjAlMjIlN0QlNUQlN0QlNUQ=\">Sin embargo, otros estudios han demostrado que el tenis es mejor para las articulaciones de la rodilla porque las fortalece. <\/span><\/p>\n<p><span data-slate-fragment=\"JTVCJTdCJTIydHlwZSUyMiUzQSUyMnBhcmFncmFwaCUyMiUyQyUyMmNoaWxkcmVuJTIyJTNBJTVCJTdCJTIydGV4dCUyMiUzQSUyMldhcyUyMGlzdCUyMGJlc3NlciUyMGYlQzMlQkNyJTIwZGllJTIwS25pZWdlbGVua2UlMjAtJTIwUGFkZWwlMjBvZGVyJTIwVGVubmlzJTNGJTIwRWluaWdlJTIwU3R1ZGllbiUyMGhhYmVuJTIwZ2V6ZWlndCUyQyUyMGRhc3MlMjBQYWRlbCUyMGJlc3NlciUyMGYlQzMlQkNyJTIwZGllJTIwS25pZWdlbGVua2UlMjBpc3QlMkMlMjBkYSUyMGVzJTIwd2VuaWdlciUyMEVyc2NoJUMzJUJDdHRlcnVuZ2VuJTIwdmVydXJzYWNodC4lMjBBbmRlcmUlMjBTdHVkaWVuJTIwaGFiZW4lMjBqZWRvY2glMjBnZXplaWd0JTJDJTIwZGFzcyUyMFRlbm5pcyUyMGJlc3NlciUyMGYlQzMlQkNyJTIwZGllJTIwS25pZWdlbGVua2UlMjBpc3QlMkMlMjBkYSUyMGVzJTIwZGllJTIwR2VsZW5rZSUyMHN0JUMzJUE0cmt0LiUyMERhaGVyJTIwaXN0JTIwZXMlMjBzY2h3aWVyaWclMjB6dSUyMHNhZ2VuJTJDJTIwd2VsY2hlcyUyMFNwaWVsJTIwYmVzc2VyJTIwZiVDMyVCQ3IlMjBkaWUlMjBLbmllZ2VsZW5rZSUyMGlzdC4lMjAlMjIlN0QlNUQlN0QlNUQ=\">Por lo tanto, es dif\u00edcil decir qu\u00e9 juego es mejor para las articulaciones de la rodilla.<\/span><\/p>\n<p>Sin embargo, unas buenas zapatillas de p\u00e1del y\/o una suela deportiva de alta calidad que amortig\u00fce bien deber\u00edan ser \u00fatiles en ambos casos.<\/p>","protected":false},"excerpt":{"rendered":"<p>Diferencias P\u00e1del Tenis: \u00bfCu\u00e1les son las diferencias entre el p\u00e1del y el tenis? El p\u00e1del se juega en una pista mucho m\u00e1s peque\u00f1a (10x20m). Por lo tanto, en una pista de tenis normal con zona de escorrent\u00eda caben unos ...<\/p>","protected":false},"author":1,"featured_media":18217,"parent":18170,"menu_order":1,"comment_status":"closed","ping_status":"closed","template":"","meta":{"_acf_changed":false,"_sitemap_exclude":false,"_sitemap_priority":"","_sitemap_frequency":"","_analytify_skip_tracking":false,"footnotes":""},"class_list":["post-18216","page","type-page","status-publish","has-post-thumbnail","hentry"],"acf":[],"_links":{"self":[{"href":"https:\/\/www.padel-test.de\/es\/wp-json\/wp\/v2\/pages\/18216","targetHints":{"allow":["GET"]}}],"collection":[{"href":"https:\/\/www.padel-test.de\/es\/wp-json\/wp\/v2\/pages"}],"about":[{"href":"https:\/\/www.padel-test.de\/es\/wp-json\/wp\/v2\/types\/page"}],"author":[{"embeddable":true,"href":"https:\/\/www.padel-test.de\/es\/wp-json\/wp\/v2\/users\/1"}],"replies":[{"embeddable":true,"href":"https:\/\/www.padel-test.de\/es\/wp-json\/wp\/v2\/comments?post=18216"}],"version-history":[{"count":0,"href":"https:\/\/www.padel-test.de\/es\/wp-json\/wp\/v2\/pages\/18216\/revisions"}],"up":[{"embeddable":true,"href":"https:\/\/www.padel-test.de\/es\/wp-json\/wp\/v2\/pages\/18170"}],"wp:featuredmedia":[{"embeddable":true,"href":"https:\/\/www.padel-test.de\/es\/wp-json\/wp\/v2\/media\/18217"}],"wp:attachment":[{"href":"https:\/\/www.padel-test.de\/es\/wp-json\/wp\/v2\/media?parent=18216"}],"curies":[{"name":"wp","href":"https:\/\/api.w.org\/{rel}","templated":true}]}}