{"id":18221,"date":"2019-08-08T09:12:03","date_gmt":"2019-08-08T09:12:03","guid":{"rendered":"http:\/\/www.padel-test.de\/padel-wissen\/padel-schlaeger\/"},"modified":"2025-01-01T11:00:32","modified_gmt":"2025-01-01T11:00:32","slug":"batidor-de-palas","status":"publish","type":"page","link":"https:\/\/www.padel-test.de\/es\/conocimientos-de-padel\/batidor-de-palas\/","title":{"rendered":"Raquetas de p\u00e1del: \u00bfc\u00f3mo encontrar la raqueta de p\u00e1del adecuada?"},"content":{"rendered":"<h2>\u00bfC\u00f3mo puedo encontrar la raqueta de p\u00e1del adecuada?<\/h2>\n<p>A la hora de buscar la raqueta de p\u00e1del adecuada, depende en primer lugar del tipo de jugador que seas y del nivel de juego que tengas. Por supuesto, ambos pueden cambiar con el tiempo, especialmente con el entrenamiento intensivo de p\u00e1del y la participaci\u00f3n en torneos. Bueno, y por supuesto tambi\u00e9n depende de cu\u00e1nto quieras gastar.<\/p>\n<p>Las raquetas de p\u00e1del sencillas ya est\u00e1n disponibles a partir de 30 euros (por ejemplo, de <a href=\"\/es\/artengo\/\">Artengo<\/a> en Decathlon). Pero si buscas calidad, es mejor que empieces por 70 o 90 euros. Por supuesto, no hay un l\u00edmite m\u00e1ximo real. \u00a1Hay raquetas de p\u00e1del por m\u00e1s de 500 euros! La mayor\u00eda de las raquetas profesionales tienen un precio de entre 150 y 250 euros.<\/p>\n<p>Las marcas de p\u00e1del m\u00e1s conocidas son:<br \/>\nAdidas, Artengo, Asics, Babolat, Black Crown, Bullpadel, Dabber, Donnay, Dunlop, Enebe, Head, Lord, Nox, Wilson y muchas m\u00e1s marcas regionales que s\u00f3lo tienen un papel en uno o unos pocos pa\u00edses.<\/p>\n<p>&nbsp;<\/p>\n<p><strong> CONSEJO DE LECTURA <\/strong><\/p>\n<pre class=\"fl-heading\"><a title=\"Prueba de raquetas de p\u00e1del con Babolat y Dunlop en M\u00fcnster\" href=\"https:\/\/www.padel-test.de\/es\/noticias-de-padel\/test-raqueta-de-padel-babolat-dunlop\/\" target=\"_self\" rel=\"noopener\"><span class=\"fl-heading-text\">Prueba de raquetas de p\u00e1del con Babolat y Dunlop en M\u00fcnster<\/span><\/a><\/pre>\n<p>&nbsp;<\/p>\n<h3>Forma de la raqueta de p\u00e1del<\/h3>\n<p>B\u00e1sicamente, hay 3 formas diferentes de raquetas de p\u00e1del: Diamante, Redondo y Gota.<\/p>\n<ul>\n<li>Raquetas de p\u00e1del con forma de diamante: Con estas raquetas se consigue una mayor velocidad de golpeo.<\/li>\n<li>Raqueta de p\u00e1del de forma redonda: Tienes m\u00e1s control con una cabeza de raqueta redonda<\/li>\n<li>Forma de l\u00e1grima de la raqueta de p\u00e1del: B\u00e1sicamente una mezcla de redonda y diamante - perfecta para el tipo de jugador de p\u00e1del equilibrado.<\/li>\n<\/ul>\n<p>Por cierto, una raqueta de p\u00e1del tiene un m\u00e1ximo de 46 cm de largo y 26 cm de ancho. Seg\u00fan el reglamento oficial de p\u00e1del, la raqueta de p\u00e1del no debe tener un grosor superior a 38 mm. El peso suele oscilar entre 340 y 395 gramos.<\/p>\n<h3>Peso de la raqueta de p\u00e1del<\/h3>\n<p>B\u00e1sicamente, lo siguiente se aplica al peso de la raqueta: una raqueta ligera (de 340 a 360 gramos) simplifica el control de la pelota. Pero tiene menos poder de golpeo. Una raqueta de p\u00e1del pesada (370 a 390 gramos) tiene m\u00e1s potencia de golpeo pero menos control. Esto significa que las raquetas m\u00e1s pesadas tienen m\u00e1s probabilidades de encontrarse con buenos jugadores.<\/p>\n<p>Las raquetas de la categor\u00eda de peso de 360 a 370 gramos est\u00e1n en el medio y suelen ofrecer un buen compromiso entre el control de la pelota y la potencia de golpeo.<\/p>\n<p>Sin embargo, las raquetas de p\u00e1del tienden a desarrollarse m\u00e1s debido a las nuevas tecnolog\u00edas, de modo que las raquetas ya no tienen que ser tan pesadas para tener mucha potencia.<\/p>\n<h3>Dureza de la raqueta de p\u00e1del<\/h3>\n<p>Cuanto m\u00e1s dura sea la superficie de la raqueta, m\u00e1s control tendr\u00e1s sobre la pelota. Sin embargo, esto tambi\u00e9n supone una p\u00e9rdida de potencia. Y si alguna vez has tenido codo de tenista, te dar\u00e1s cuenta r\u00e1pidamente de que una superficie dura absorbe menos energ\u00eda y pone m\u00e1s tensi\u00f3n en tu brazo de golpeo.<\/p>\n<p>Hat der Schl\u00e4ger eine weichere Oberfl\u00e4che, die also mehr Energie absorbiert, dann ist dies auch armschonender. Gleichzeitig bleibt der Ball l\u00e4nger am Padelschl\u00e4ger &#8222;kleben&#8220; und Du hast einen schnelleren Schlag oder Smash. Allerdings geht im Vergleich zur harten Oberfl\u00e4che Kontrolle verloren.<\/p>\n<p>Por lo tanto, las raquetas blandas son m\u00e1s adecuadas para los jugadores con problemas en los brazos o los jugadores avanzados y de torneos.<\/p>\n<h3>Punto Dulce<\/h3>\n<p>Mit dem Begriff Sweet Spot wird beim Padel Tennis die &#8222;effektivste&#8220; Zone bezeichnet. Wenn Du die <a href=\"\/es\/conocimientos-de-padel\/pelotas-de-padel\/\">Pelotas de p\u00e1del<\/a>\u00a0con el punto dulce, el golpe tiene la eficiencia \u00f3ptima.<\/p>\n<p>Las raquetas de p\u00e1del con un gran punto dulce en el centro de la raqueta tienen m\u00e1s control. Las raquetas de p\u00e1del con un punto dulce m\u00e1s peque\u00f1o en el extremo de la raqueta te dan m\u00e1s potencia, por lo que puedes acelerar la pelota de p\u00e1del m\u00e1s r\u00e1pido, si la golpeas bien. Si no, se pierde mucho control. Por lo tanto, los principiantes deber\u00edan tomar una raqueta con un punto dulce grande. Los jugadores profesionales suelen tomar la versi\u00f3n con un punto dulce peque\u00f1o.<\/p>\n<p>Tambi\u00e9n hay raquetas que tienen un punto dulce el\u00edptico. Son una mezcla de las dos caracter\u00edsticas mencionadas y representan un compromiso entre control y potencia.<\/p>\n<p>&nbsp;<\/p>\n<h3>Equilibrio de la raqueta<\/h3>\n<p>El equilibrio del peso tambi\u00e9n juega un papel importante en las raquetas de p\u00e1del.<\/p>\n<p>Las raquetas cuyo centro de gravedad se encuentra m\u00e1s en la zona de agarre son m\u00e1s f\u00e1ciles de mover, requieren menos potencia y te dan mucho control. Pero: \u00a1m\u00e1s control tambi\u00e9n significa menos poder!<\/p>\n<p>La situaci\u00f3n es diferente con una raqueta de p\u00e1del m\u00e1s bien pesada. Con estas raquetas, se puede alcanzar una velocidad de golpeo mucho mayor, pero tambi\u00e9n se tiene mucho menos control. Por lo tanto, estas raquetas de p\u00e1del son m\u00e1s adecuadas para jugadores avanzados.<\/p>\n<p>Pero tambi\u00e9n hay raquetas en las que el peso est\u00e1 equilibrado. Aqu\u00ed todav\u00eda tienes un buen control y puedes jugar relativamente r\u00e1pido. Una buena opci\u00f3n para el jugador habitual que juega y practica regularmente.<\/p>\n<p>&nbsp;<\/p>\n<p>&nbsp;<\/p>\n<h3>Comprar raquetas de p\u00e1del<\/h3>\n<p>Aqu\u00ed puedes comprar f\u00e1cilmente raquetas de p\u00e1del (por ejemplo, raquetas de p\u00e1del Adidas o raquetas de p\u00e1del Wilson):<\/p>\n<table>\n<tbody>\n<tr>\n<th><iframe style=\"width: 120px; height: 240px;\" src=\"\/\/ws-eu.amazon-adsystem.com\/widgets\/q?ServiceVersion=20070822&amp;OneJS=1&amp;Operation=GetAdHtml&amp;MarketPlace=DE&amp;source=ac&amp;ref=tf_til&amp;ad_type=product_link&amp;tracking_id=brokertestde-21&amp;marketplace=amazon&amp;region=DE&amp;placement=B08NXG5FPR&amp;asins=B08NXG5FPR&amp;linkId=19135bef4d8f79bc30bab779f2427959&amp;show_border=true&amp;link_opens_in_new_window=true&amp;price_color=333333&amp;title_color=0066c0&amp;bg_color=ffffff\" frameborder=\"0\" marginwidth=\"0\" marginheight=\"0\" scrolling=\"no\"><br \/>\n<\/iframe><\/th>\n<th><iframe style=\"width: 120px; height: 240px;\" src=\"\/\/ws-eu.amazon-adsystem.com\/widgets\/q?ServiceVersion=20070822&amp;OneJS=1&amp;Operation=GetAdHtml&amp;MarketPlace=DE&amp;source=ac&amp;ref=tf_til&amp;ad_type=product_link&amp;tracking_id=brokertestde-21&amp;marketplace=amazon&amp;region=DE&amp;placement=B08T5Q5YZX&amp;asins=B08T5Q5YZX&amp;linkId=7dddad661c8a310d9f9ed7c873929a47&amp;show_border=true&amp;link_opens_in_new_window=true&amp;price_color=333333&amp;title_color=0066c0&amp;bg_color=ffffff\" frameborder=\"0\" marginwidth=\"0\" marginheight=\"0\" scrolling=\"no\"><br \/>\n<\/iframe><\/th>\n<th><iframe style=\"width: 120px; height: 240px;\" src=\"\/\/ws-eu.amazon-adsystem.com\/widgets\/q?ServiceVersion=20070822&amp;OneJS=1&amp;Operation=GetAdHtml&amp;MarketPlace=DE&amp;source=ac&amp;ref=tf_til&amp;ad_type=product_link&amp;tracking_id=brokertestde-21&amp;marketplace=amazon&amp;region=DE&amp;placement=B08NXG5FPR&amp;asins=B08NXG5FPR&amp;linkId=e6620d486a8799e8d3c827a08d98d196&amp;show_border=true&amp;link_opens_in_new_window=true&amp;price_color=333333&amp;title_color=0066c0&amp;bg_color=ffffff\" frameborder=\"0\" marginwidth=\"0\" marginheight=\"0\" scrolling=\"no\"><br \/>\n<\/iframe><\/th>\n<td><iframe style=\"width: 120px; height: 240px;\" src=\"\/\/ws-eu.amazon-adsystem.com\/widgets\/q?ServiceVersion=20070822&amp;OneJS=1&amp;Operation=GetAdHtml&amp;MarketPlace=DE&amp;source=ac&amp;ref=tf_til&amp;ad_type=product_link&amp;tracking_id=brokertestde-21&amp;marketplace=amazon&amp;region=DE&amp;placement=B08MBDH4RP&amp;asins=B08MBDH4RP&amp;linkId=912ece1315939e078b54e2189ae81af7&amp;show_border=true&amp;link_opens_in_new_window=true&amp;price_color=333333&amp;title_color=0066c0&amp;bg_color=ffffff\" frameborder=\"0\" marginwidth=\"0\" marginheight=\"0\" scrolling=\"no\"><br \/>\n<\/iframe><\/td>\n<\/tr>\n<\/tbody>\n<\/table>\n<p>&nbsp;<\/p>\n<p><strong>Consejo:<\/strong><\/p>\n<p>Pregunta a tu entrenador de p\u00e1del si puede darte unas cuantas raquetas de p\u00e1del para que las pruebes. As\u00ed sabr\u00e1 de antemano lo que est\u00e1 comprando.<\/p>\n<p>&nbsp;<\/p>\n<p><strong>\u00bfQu\u00e9 son las pelotas de p\u00e1del? <\/strong><\/p>\n<p>Aqu\u00ed puede leer sobre <a title=\"Pelotas de p\u00e1del\" href=\"\/es\/conocimientos-de-padel\/pelotas-de-padel\/\" target=\"_self\" rel=\"noopener\"><span class=\"fl-heading-text\">Pelotas de p\u00e1del<\/span><\/a> informar.<\/p>","protected":false},"excerpt":{"rendered":"<p>Raquetas de p\u00e1del: \u00bfC\u00f3mo encontrar la raqueta de p\u00e1del adecuada? A la hora de buscar la raqueta de p\u00e1del adecuada, depende en primer lugar del tipo de jugador que seas y del nivel de juego que tengas.  Las raquetas de p\u00e1del sencillas ya est\u00e1n disponibles desde un precio ...<\/p>","protected":false},"author":1,"featured_media":0,"parent":18170,"menu_order":4,"comment_status":"closed","ping_status":"closed","template":"","meta":{"_acf_changed":false,"_sitemap_exclude":false,"_sitemap_priority":"","_sitemap_frequency":"","_analytify_skip_tracking":false,"footnotes":""},"class_list":["post-18221","page","type-page","status-publish","hentry"],"acf":[],"_links":{"self":[{"href":"https:\/\/www.padel-test.de\/es\/wp-json\/wp\/v2\/pages\/18221","targetHints":{"allow":["GET"]}}],"collection":[{"href":"https:\/\/www.padel-test.de\/es\/wp-json\/wp\/v2\/pages"}],"about":[{"href":"https:\/\/www.padel-test.de\/es\/wp-json\/wp\/v2\/types\/page"}],"author":[{"embeddable":true,"href":"https:\/\/www.padel-test.de\/es\/wp-json\/wp\/v2\/users\/1"}],"replies":[{"embeddable":true,"href":"https:\/\/www.padel-test.de\/es\/wp-json\/wp\/v2\/comments?post=18221"}],"version-history":[{"count":1,"href":"https:\/\/www.padel-test.de\/es\/wp-json\/wp\/v2\/pages\/18221\/revisions"}],"predecessor-version":[{"id":22936,"href":"https:\/\/www.padel-test.de\/es\/wp-json\/wp\/v2\/pages\/18221\/revisions\/22936"}],"up":[{"embeddable":true,"href":"https:\/\/www.padel-test.de\/es\/wp-json\/wp\/v2\/pages\/18170"}],"wp:attachment":[{"href":"https:\/\/www.padel-test.de\/es\/wp-json\/wp\/v2\/media?parent=18221"}],"curies":[{"name":"wp","href":"https:\/\/api.w.org\/{rel}","templated":true}]}}