{"id":18222,"date":"2019-08-01T21:34:57","date_gmt":"2019-08-01T21:34:57","guid":{"rendered":"http:\/\/www.padel-test.de\/padel-wissen\/padel-baelle\/"},"modified":"2024-08-18T22:26:26","modified_gmt":"2024-08-18T22:26:26","slug":"pelotas-de-padel","status":"publish","type":"page","link":"https:\/\/www.padel-test.de\/es\/conocimientos-de-padel\/pelotas-de-padel\/","title":{"rendered":"Pelotas de p\u00e1del"},"content":{"rendered":"<p><strong>Padel B\u00e4lle: Was sind eigentlich Padel B\u00e4lle?<\/strong> Und was ist der Unterschied zu Tennisb\u00e4llen? Padel B\u00e4lle haben fast die gleiche Gr\u00f6\u00dfe wie Tennisb\u00e4lle. Allerdings ist der Luftdruck bei Padelb\u00e4llen leicht niedriger. Ansonsten ist alles gleich: innen Gummi, au\u00dfen Filz. Deswegen sind Padel B\u00e4lle langsamer als Tennis B\u00e4lle. Auf den ersten Blick sind Padel B\u00e4lle daher auch kaum von Tennisb\u00e4llen zu unterscheiden.<\/p>\n<p>Man sieht den Unterschied allerdings wenn man zwei B\u00e4lle gleichzeitig fallen l\u00e4\u00dft. Der Padel Ball h\u00fcpft nicht ganz so hoch wie der Tennisball.<\/p>\n<p>Die Farbe der Padel Tennis B\u00e4lle ist standardm\u00e4\u00dfig gelb. Nat\u00fcrlich gibt es einen Padelball, z.B. f\u00fcr Trainingszwecke, auch in anderen Farben. Aber bei Padelturnieren nimmt man die offiziellen gelben Filzb\u00e4lle.<\/p>\n<p>Der Durchmesser eines Padelballs sollte zwischen 6,35 und 6,67 cm sein. Das Gewicht eines Padel Balls sollte zwischen 56,0 und 59,4 Gramm liegen. Das ist nat\u00fcrlich auch alles in den <a href=\"\/padel-wissen\/padel-regeln\/\">Padel Regeln<\/a> geregelt.<\/p>\n<p>Unter den <a href=\"\/padel-ausruester\/\">Padel Ausr\u00fcstern<\/a> gibt es viele, die auch Padel B\u00e4lle im Sortiment haben.<\/p>\n<p>&nbsp;<\/p>\n<h3>Padel B\u00e4lle &#8211; Unterschied zu Tennis B\u00e4llen<\/h3>\n<p>Auch beim Tennis muss der Durchmesser der B\u00e4lle zwischen 6,35 und 6,67 cm liegen. Das Gewicht der Tennisb\u00e4lle muss zwischen 56,7 und 58,5 g liegen.<\/p>\n<p>Damit ist das Minimumgewicht oberhalb von Padelb\u00e4llen und das Maximumgewicht unterhalb von Paddelb\u00e4llen.<\/p>\n<p>&nbsp;<\/p>\n<h2>Padel B\u00e4lle kaufen<\/h2>\n<p>Hier kannst Du ganz einfach Padel Tennis B\u00e4lle kaufen:<\/p>\n<p>&nbsp;<\/p>\n<p>[amazon box =&#8220;B07SBHNKJF&#8220;]<\/p>\n<p>[amazon box =&#8220;B0B5253P1F&#8220;]<\/p>\n<p>&nbsp;<\/p>\n<p>Das k\u00f6nnte Dich auch interessieren:<\/p>\n<pre class=\"fl-heading\"><strong><a title=\"Padel Schl\u00e4ger \u2013 wie finde ich den richtigen Padelschl\u00e4ger?\" href=\"\/padel-wissen\/padel-schlaeger\/\" target=\"_self\" rel=\"noopener\"><span class=\"fl-heading-text\">Padel Schl\u00e4ger \u2013 wie finde ich den richtigen Padelschl\u00e4ger?<\/span><\/a><\/strong><\/pre>\n","protected":false},"excerpt":{"rendered":"<p>Las pelotas de p\u00e1del tienen el mismo tama\u00f1o que las de tenis. Sin embargo, la presi\u00f3n del aire es ligeramente inferior con las pelotas de p\u00e1del. Por lo dem\u00e1s, todo es igual: goma por dentro, fieltro por fuera. Por eso las pelotas de p\u00e1del son m\u00e1s lentas que las de tenis. A primera vista, las pelotas de p\u00e1del apenas se distinguen de las de tenis. Sin embargo, se puede ver la diferencia cuando ...<\/p>","protected":false},"author":1,"featured_media":0,"parent":18170,"menu_order":5,"comment_status":"closed","ping_status":"closed","template":"","meta":{"_acf_changed":false,"_sitemap_exclude":false,"_sitemap_priority":"","_sitemap_frequency":"","_analytify_skip_tracking":false,"footnotes":""},"class_list":["post-18222","page","type-page","status-publish","hentry"],"acf":[],"_links":{"self":[{"href":"https:\/\/www.padel-test.de\/es\/wp-json\/wp\/v2\/pages\/18222","targetHints":{"allow":["GET"]}}],"collection":[{"href":"https:\/\/www.padel-test.de\/es\/wp-json\/wp\/v2\/pages"}],"about":[{"href":"https:\/\/www.padel-test.de\/es\/wp-json\/wp\/v2\/types\/page"}],"author":[{"embeddable":true,"href":"https:\/\/www.padel-test.de\/es\/wp-json\/wp\/v2\/users\/1"}],"replies":[{"embeddable":true,"href":"https:\/\/www.padel-test.de\/es\/wp-json\/wp\/v2\/comments?post=18222"}],"version-history":[{"count":11,"href":"https:\/\/www.padel-test.de\/es\/wp-json\/wp\/v2\/pages\/18222\/revisions"}],"predecessor-version":[{"id":21149,"href":"https:\/\/www.padel-test.de\/es\/wp-json\/wp\/v2\/pages\/18222\/revisions\/21149"}],"up":[{"embeddable":true,"href":"https:\/\/www.padel-test.de\/es\/wp-json\/wp\/v2\/pages\/18170"}],"wp:attachment":[{"href":"https:\/\/www.padel-test.de\/es\/wp-json\/wp\/v2\/media?parent=18222"}],"curies":[{"name":"wp","href":"https:\/\/api.w.org\/{rel}","templated":true}]}}