{"id":18225,"date":"2019-08-04T18:59:18","date_gmt":"2019-08-04T18:59:18","guid":{"rendered":"http:\/\/www.padel-test.de\/padel-wissen\/padel-geschichte\/"},"modified":"2025-03-03T10:15:38","modified_gmt":"2025-03-03T10:15:38","slug":"historia-del-padel","status":"publish","type":"page","link":"https:\/\/www.padel-test.de\/es\/conocimientos-de-padel\/historia-del-padel\/","title":{"rendered":"Historia del p\u00e1del"},"content":{"rendered":"<p>El mexicano Enrique Corcuera es considerado el inventor del p\u00e1del actual. Tuvo la idea de un nuevo juego de pelota en 1962.<\/p>\n<div id=\"attachment_6956\" style=\"width: 310px\" class=\"wp-caption alignright\"><img loading=\"lazy\" decoding=\"async\" aria-describedby=\"caption-attachment-6956\" class=\"wp-image-6956 size-full\" src=\"https:\/\/www.padel-test.de\/wp-content\/uploads\/2022\/09\/Padel-Pista-Acapulco.jpg\" alt=\"La primera pista de p\u00e1del en Acapulco - aqu\u00ed comenz\u00f3 la historia del p\u00e1del\" width=\"300\" height=\"150\" \/><p id=\"caption-attachment-6956\" class=\"wp-caption-text\">La primera pista de p\u00e1del en Acapulco - aqu\u00ed comenz\u00f3 la historia del p\u00e1del<\/p><\/div>\n<p>En su residencia de Puerto Acapulco (M\u00e9xico), construy\u00f3 un muro de unos tres metros de altura en la parte delantera de un peque\u00f1o front\u00f3n adyacente al muro de su casa y cerr\u00f3 los dos lados del campo con una valla de malla met\u00e1lica. Adem\u00e1s, hab\u00eda una red en el centro (como en el tenis). Y se pusieron en marcha con los primeros fundamentos del p\u00e1del (o p\u00e1del tenis).<\/p>\n<p>Correcto <a href=\"\/es\/conocimientos-de-padel\/reglas-del-padel\/\">Reglas del p\u00e1del<\/a> y los equipos tal y como los conocemos hoy no exist\u00edan todav\u00eda, por supuesto. Incluso las raquetas de p\u00e1del segu\u00edan siendo de madera. Todo estaba a\u00fan en sus inicios...<\/p>\n<p>&nbsp;<\/p>\n<h2>Historia del p\u00e1del<\/h2>\n<h3>1974 - El p\u00e1del empieza a despuntar<\/h3>\n<p>En 1974, un buen amigo de Enrique Corcuera, el pr\u00edncipe Alfonso zu Hohenlohe de Espa\u00f1a, se dio cuenta del nuevo deporte de raqueta. Se entusiasm\u00f3 de inmediato y tambi\u00e9n vio el potencial del p\u00e1del. Pero hab\u00eda que mejorar.<\/p>\n<p>As\u00ed que empez\u00f3 a revisar las reglas del p\u00e1del y a definir el tama\u00f1o de la pista y el per\u00edmetro. Pero no lo dej\u00f3 en la teor\u00eda gris: tras su regreso a Espa\u00f1a, construy\u00f3 dos nuevas pistas de p\u00e1del en su hotel Marbella Club.<\/p>\n<p>Y comenz\u00f3 a comercializar inteligentemente el padel. Organiz\u00f3 los llamados torneos \"Pro-Am\", en los que las parejas estaban formadas por un jugador profesional y una celebridad. De este modo, el p\u00e1del se dio a conocer r\u00e1pidamente entre las celebridades y los deportistas. Entre ellos estaban Enrique Igl\u00e9sias, el duque de Borb\u00f3n y Guinlla von Bismark. Y el tenista Manolo Santana tambi\u00e9n estaba entre ellos. Organiz\u00f3 m\u00e1s torneos de p\u00e1del en el sur de Espa\u00f1a. As\u00ed, el p\u00e1del se convirti\u00f3 r\u00e1pidamente en un deporte de moda en la soleada Costa del Sol.<\/p>\n<p>&nbsp;<\/p>\n<h3>Desde 1975 - El p\u00e1del se extiende desde Espa\u00f1a, pasando por Argentina, a todo el mundo<\/h3>\n<p>Apenas un a\u00f1o despu\u00e9s, en 1975, el Pr\u00edncipe Alfonso zu Hohenlohe pudo presentar a su amigo argentino Julio Menditeguy y a los jugadores que le acompa\u00f1aban a la selecci\u00f3n argentina de p\u00e1del. Inmediatamente se contagiaron del virus del p\u00e1del y a su vez construyeron pistas de p\u00e1del en Argentina. Aqu\u00ed, el p\u00e1del creci\u00f3 a un ritmo similar al de Espa\u00f1a. En la actualidad, el p\u00e1del es el segundo deporte nacional en Argentina, por detr\u00e1s del f\u00fatbol.<\/p>\n<p>Pero el p\u00e1del tambi\u00e9n pudo extenderse a otros pa\u00edses de Sudam\u00e9rica y Centroam\u00e9rica.<\/p>\n<p>En Europa, sin embargo, no ha pasado mucho fuera de Espa\u00f1a por el momento.<\/p>\n<p>&nbsp;<\/p>\n<h3>A partir de 2010 - El p\u00e1del se extiende por toda Europa<\/h3>\n<p>Hasta 2010, se construy\u00f3 una pista de p\u00e1del aqu\u00ed y all\u00e1. Pero por el momento, no hubo un verdadero boom como en Espa\u00f1a o Am\u00e9rica Latina. Tambi\u00e9n la Alemania del p\u00e1del segu\u00eda sumida en un profundo sue\u00f1o.<\/p>\n<p>Sin embargo, a partir de 2010, esto cambi\u00f3 lentamente. Los primeros intentos serios de establecer el p\u00e1del en Europa comenzaron a tomar forma, por ejemplo en Portugal e Italia. En Italia, en particular, hubo una verdadera explosi\u00f3n de instalaciones y pistas de p\u00e1del en Roma y sus alrededores a partir de 2015. Mientras tanto, un club de p\u00e1del tras otro est\u00e1 surgiendo en Italia, en la actualidad especialmente en Lombard\u00eda. Y tambi\u00e9n en Francia (donde el ex tenista profesional Henri Leconte es muy activo con su empresa <a href=\"\/es\/henri-leconte-padel\/\">Henri Leconte Padel<\/a>), Suecia (el futbolista Zlatan Ibrahimovi\u0107 est\u00e1 invirtiendo mucho en el p\u00e1del y construyendo verdaderos estadios de p\u00e1del). En los \u00faltimos a\u00f1os, en B\u00e9lgica y en los Pa\u00edses Bajos, el p\u00e1del se ha hecho cada vez m\u00e1s fuerte.<\/p>\n<p>&nbsp;<\/p>\n<h2>Historia del p\u00e1del en Alemania<\/h2>\n<p>En Alemania, el p\u00e1del comenz\u00f3 en 2003. La primera pista de p\u00e1del de Alemania se construy\u00f3 en el centro deportivo \"Zuckerfabrik\" de Halberstadt (de <a href=\"\/es\/el-tribunal-de-la-ciudadela-biz-pared\/\">El Padelcourt Biz<\/a>). Esta fue la primera pista de p\u00e1del en Alemania. Desgraciadamente, esta pista de p\u00e1del permaneci\u00f3 sola durante muchos a\u00f1os y esta primera pista de p\u00e1del fue lamentablemente desmantelada de nuevo en 2012 debido a la quiebra del operador de la instalaci\u00f3n.<\/p>\n<p>Fue precisamente en ese momento cuando se construyeron las primeras pistas de p\u00e1del nuevas en Alemania. Entre otros, aqu\u00ed en Berl\u00edn estaban Alexander Hillbricht (<a href=\"\/es\/padel-berlin-friedrichshain\/\">Padel Berl\u00edn<\/a>) y Ralf Stoffers (Play the Wall) fueron de los primeros, junto con Hubert Bullach en Fr\u00e1ncfort (2011 al borde del Niddapark de Fr\u00e1ncfort), no s\u00f3lo en instalar pistas de p\u00e1del, sino tambi\u00e9n en dar a conocer por primera vez el p\u00e1del a un p\u00fablico m\u00e1s amplio.<\/p>\n<p>Despu\u00e9s, las cosas siguieron su curso, pero el gran auge, como en Italia, no se materializ\u00f3 por el momento.<\/p>\n<p>2018\/2019 kam dann aber noch mal deutlich Zug in die Entwicklung des Padelsports in Deutschland. Mit der Neustrukturierung des deutschen Padelverbands &#8222;<a href=\"\/es\/federacion-alemana-de-padel\/\">Federaci\u00f3n Alemana de P\u00e1del<\/a>&#8220; und der dazugeh\u00f6rigen <a href=\"\/es\/tour-de-la-ciudadela-alemana\/\">Tour de P\u00e1del en Alemania<\/a> El p\u00e1del tambi\u00e9n se est\u00e1 profesionalizando en Alemania.<\/p>\n<p>Mientras tanto, casi cada mes se abre un nuevo local de p\u00e1del, por lo que casi se pierde la visi\u00f3n de conjunto. As\u00ed que la historia del p\u00e1del contin\u00faa tambi\u00e9n en Alemania.<\/p>\n<p>Aqu\u00ed tenemos una corriente <a href=\"\/es\/lugares-de-padel-3\/\">Mapa de las pistas de p\u00e1del en Alemania<\/a>que se actualiza continuamente. Se muestran las instalaciones de p\u00e1del activas (naranja) y las ubicaciones de p\u00e1del planificadas (azul).<\/p>\n<p>&nbsp;<\/p>\n<div id=\"attachment_6962\" style=\"width: 610px\" class=\"wp-caption aligncenter\"><a href=\"\/es\/lugares-de-padel-3\/\"><img loading=\"lazy\" decoding=\"async\" aria-describedby=\"caption-attachment-6962\" class=\"wp-image-6962 size-full\" src=\"https:\/\/www.padel-test.de\/wp-content\/uploads\/2022\/09\/Padel-Pl\u00e4tze-Deutschland.jpg\" alt=\"Pistas de p\u00e1del en Alemania\" width=\"600\" height=\"400\" \/><\/a><p id=\"caption-attachment-6962\" class=\"wp-caption-text\">Canchas de p\u00e1del en Alemania, Austria y Suiza - Mapa<\/p><\/div>\n<p>&nbsp;<\/p>\n<p style=\"text-align: center;\"><strong>Directo a la <span style=\"text-decoration: underline;\">actual<\/span> Mapa del <a href=\"\/es\/lugares-de-padel-alemania\/\">Pistas de p\u00e1del en Alemania<\/a><\/strong><\/p>\n<p>&nbsp;<\/p>","protected":false},"excerpt":{"rendered":"<p>Historia del p\u00e1del: El mexicano Enrique Corcuera es considerado el inventor del p\u00e1del actual. Tuvo la idea de un nuevo juego de pelota en 1962. La primera pista de Padel en Acapulco - aqu\u00ed es donde comenz\u00f3 la historia del Padel. En su residencia de Puerto Acapulco (M\u00e9xico), construy\u00f3 un muro de unos tres metros de altura en la parte delantera de un peque\u00f1o front\u00f3n adyacente al muro de su casa y cerr\u00f3 los dos lados del mismo con una valla de malla met\u00e1lica. Adem\u00e1s, hab\u00eda una red en el centro (como en el tenis). Y ya...<\/p>","protected":false},"author":1,"featured_media":18226,"parent":18170,"menu_order":6,"comment_status":"closed","ping_status":"closed","template":"","meta":{"_acf_changed":false,"_sitemap_exclude":false,"_sitemap_priority":"","_sitemap_frequency":"","_analytify_skip_tracking":false,"footnotes":""},"class_list":["post-18225","page","type-page","status-publish","has-post-thumbnail","hentry"],"acf":[],"_links":{"self":[{"href":"https:\/\/www.padel-test.de\/es\/wp-json\/wp\/v2\/pages\/18225","targetHints":{"allow":["GET"]}}],"collection":[{"href":"https:\/\/www.padel-test.de\/es\/wp-json\/wp\/v2\/pages"}],"about":[{"href":"https:\/\/www.padel-test.de\/es\/wp-json\/wp\/v2\/types\/page"}],"author":[{"embeddable":true,"href":"https:\/\/www.padel-test.de\/es\/wp-json\/wp\/v2\/users\/1"}],"replies":[{"embeddable":true,"href":"https:\/\/www.padel-test.de\/es\/wp-json\/wp\/v2\/comments?post=18225"}],"version-history":[{"count":2,"href":"https:\/\/www.padel-test.de\/es\/wp-json\/wp\/v2\/pages\/18225\/revisions"}],"predecessor-version":[{"id":23255,"href":"https:\/\/www.padel-test.de\/es\/wp-json\/wp\/v2\/pages\/18225\/revisions\/23255"}],"up":[{"embeddable":true,"href":"https:\/\/www.padel-test.de\/es\/wp-json\/wp\/v2\/pages\/18170"}],"wp:featuredmedia":[{"embeddable":true,"href":"https:\/\/www.padel-test.de\/es\/wp-json\/wp\/v2\/media\/18226"}],"wp:attachment":[{"href":"https:\/\/www.padel-test.de\/es\/wp-json\/wp\/v2\/media?parent=18225"}],"curies":[{"name":"wp","href":"https:\/\/api.w.org\/{rel}","templated":true}]}}