{"id":18229,"date":"2019-08-02T16:45:49","date_gmt":"2019-08-02T16:45:49","guid":{"rendered":"http:\/\/www.padel-test.de\/padel-wissen\/padel-regeln\/"},"modified":"2022-11-28T21:31:47","modified_gmt":"2022-11-28T21:31:47","slug":"reglas-del-padel","status":"publish","type":"page","link":"https:\/\/www.padel-test.de\/es\/conocimientos-de-padel\/reglas-del-padel\/","title":{"rendered":"Reglas del p\u00e1del"},"content":{"rendered":"<p>Reglas del p\u00e1del: Las reglas del p\u00e1del son b\u00e1sicamente f\u00e1ciles de entender. Si has estado en la pista 2-3 veces, sabes todo lo que necesitas saber para jugar al p\u00e1del seg\u00fan las reglas. Sin embargo, el quid est\u00e1 en los detalles. Especialmente en los torneos de p\u00e1del, todo tiene que ser claro 100%.<\/p>\n<p>Por ello, hemos recopilado aqu\u00ed un resumen de las reglas m\u00e1s importantes del p\u00e1del. Y al final hay un enlace al reglamento oficial de p\u00e1del de la FIP.<\/p>\n<h2>Reglas de juego del P\u00e1del<\/h2>\n<p><strong>Las reglas m\u00e1s importantes del p\u00e1del de un vistazo:<\/strong><\/p>\n<p>El p\u00e1del se juega siempre en dobles, es decir, a cuatro jugadores. Los dos equipos se enfrentan en las dos mitades de la pista de p\u00e1del, separadas por una red (como en el tenis). El <a href=\"\/es\/conocimientos-de-padel\/batidor-de-palas\/\">Raquetas de p\u00e1del<\/a> tiene un bucle. Por favor, aseg\u00farese de utilizarlo (pase la mano y ci\u00e9rrelo) para que la raqueta no salga volando accidentalmente.<\/p>\n<p>Porque, en realidad, las lesiones son muy poco frecuentes cuando se juega al p\u00e1del, \u00a1y as\u00ed deber\u00eda seguir siendo!<\/p>\n<p>&nbsp;<\/p>\n<h3>Regla del saque de p\u00e1del<\/h3>\n<p>El saque debe ser jugado detr\u00e1s de la l\u00ednea de servicio como un golpe por debajo de la mano (la pelota puede ser golpeada a la altura m\u00e1xima de la cadera). La pelota debe jugarse cruzando el campo del adversario sin tocar la red o la pared. El <a href=\"\/es\/conocimientos-de-padel\/pelotas-de-padel\/\">Padelball<\/a> debe tocar primero el suelo en el lado de la cancha del oponente antes de tocar la pared trasera o la valla. El jugador de atr\u00e1s puede esperar a esto o devolver el bal\u00f3n directamente despu\u00e9s de que haya tocado el suelo. En esta situaci\u00f3n no se permite una volea.<\/p>\n<p>El equipo que saca cambia de lado en su propio campo despu\u00e9s de cada saque y luego vuelve a jugar en campo contrario. El equipo receptor permanece de pie, de modo que siempre sirve el mismo jugador en un juego, pero en el equipo receptor, los dos jugadores se alternan para la devoluci\u00f3n.<\/p>\n<p>El servidor tiene dos intentos de servicio.<\/p>\n<p>Una tirada neta da lugar a una repetici\u00f3n si el bal\u00f3n sigue entrando correctamente en la pista.<\/p>\n<p>En principio, la pelota de p\u00e1del s\u00f3lo puede tocar el suelo una vez. Si el bal\u00f3n golpea el suelo dos veces, el equipo que golpe\u00f3 el bal\u00f3n gana el punto.<\/p>\n<p>&nbsp;<\/p>\n<h3>Una pregunta muy com\u00fan se refiere a la posici\u00f3n de los jugadores en el saque:<\/h3>\n<ul>\n<li>\u00bfQui\u00e9n puede estar realmente en qu\u00e9 lugar?<\/li>\n<li>\u00bfPuede el compa\u00f1ero del jugador en servicio elegir su lado?<\/li>\n<\/ul>\n<p>&nbsp;<\/p>\n<p>El reglamento oficial de la FIP dice:<\/p>\n<blockquote><p><em>REGLA 3. POSICI\u00d3N DE LOS JUGADORES<\/em><br \/>\n<em>1. Cada pareja de jugadores se situar\u00e1 a ambos lados de la red de la pista. El jugador que sirve (servidor) pone la pelota en juego y el<\/em><br \/>\n<em>el jugador situado en diagonal delante de dicho jugador (receptor) recibe el bal\u00f3n servido.<\/em><br \/>\n<em>2. el jugador que recibe puede estar en cualquier parte de su lado de la pista, al igual que su compa\u00f1ero y el compa\u00f1ero del servidor.<\/em><\/p><\/blockquote>\n<p>&nbsp;<\/p>\n<blockquote><p>Traducido:<\/p>\n<p><em>REGLA 3. POSICI\u00d3N DE LOS JUGADORES<\/em><br \/>\n<em>1. Cada pareja de jugadores se encuentra a ambos lados de la red de la pista. El jugador que sirve (servidor) pone la pelota en juego y el jugador que sirve la pelota la pone en juego.<\/em><br \/>\n<em>El jugador situado en diagonal delante de este jugador (receptor) recibe el bal\u00f3n servido.<\/em><br \/>\n<em>2. el jugador que recibe la pelota puede estar en cualquier lugar de su lado de la pista, al igual que su compa\u00f1ero y el compa\u00f1ero del servidor.<\/em><\/p><\/blockquote>\n<p>&nbsp;<\/p>\n<p><strong>Esto significa:<\/strong><\/p>\n<p>El compa\u00f1ero del sacador puede situarse en cualquier lugar: siempre puede permanecer en el lado donde recibe el saque, pero tambi\u00e9n puede cambiar con el jugador de p\u00e1del que sirve y situarse donde quiera.<\/p>\n<p>En teor\u00eda, tambi\u00e9n podr\u00eda situarse detr\u00e1s del jugador que sirve.<\/p>\n<p>&nbsp;<\/p>\n<h3>M\u00e9todo de recuento Padel<\/h3>\n<p>El p\u00e1del se cuenta de la misma manera que el tenis: primero se canta el saque y luego la devoluci\u00f3n. El ganador es el equipo que puede ganar dos sets primero. Para ganar un set, un equipo gana un set si primero gana 6 juegos y tiene al menos dos juegos de ventaja (por ejemplo, 6:1, 6:2, 6:3 y 6:4) o, si el marcador es 5,5 mientras tanto, a 7:5 o en un tiebreak si el marcador es 6:6 mientras tanto; entonces el ganador del tiebreak ha ganado el set 7:6.<\/p>\n<p>As\u00ed que todo es igual que en el tenis. Al igual que el recuento dentro de un mismo juego: 15, 30 y 40.<\/p>\n<p>Con el cuarto punto, el juego se gana cuando un equipo tiene una ventaja de dos puntos. A partir de las 40:40, el juego se desarrolla hasta que un equipo tiene una ventaja de dos puntos.<\/p>\n<p>&nbsp;<\/p>\n<p><strong>M\u00e9todo de recuento de p\u00e1del resumido:<\/strong><\/p>\n<ul>\n<li><strong>Puntos<\/strong> se cuentan como en el tenis: 0, 15, 30, 40, juego<\/li>\n<li><strong>Juego<\/strong>Con 4 puntos ganas un partido - si tienes al menos 2 puntos m\u00e1s que el otro equipo. de lo contrario es un empate y eso significa...<\/li>\n<li><strong>Dibujar<\/strong>Si el juego es 40:40, es decir, un empate, el juego contin\u00faa y la pareja que gana dos puntos consecutivos gana.<\/li>\n<li><strong>Set<\/strong>Un equipo gana un set cuando ha ganado seis juegos por al menos 2 sets.<\/li>\n<li><strong>Desempate<\/strong>Si el resultado es de 6:6 juegos, se juega un tiebreak. La cuenta es 0, 1, 2, 3, etc. El desempate lo gana el equipo que haya anotado siete puntos primero. Y de nuevo, es necesaria una ventaja de 2 puntos \ud83d\ude42 .<\/li>\n<li><strong>Partido<\/strong>Para ganar el partido de p\u00e1del, un equipo debe ganar dos de los tres sets (al mejor de 3).<\/li>\n<\/ul>\n<p>&nbsp;<\/p>\n<h4>\u00bfCu\u00e1ndo se consigue un punto en el p\u00e1del?<\/h4>\n<p>El equipo obtiene un punto si realiza un tiro que el equipo contrario no puede devolver, por ejemplo:<\/p>\n<ul>\n<li>un golpe que sale volando de la jaula de p\u00e1del tras el impacto<\/li>\n<li>la pelota de p\u00e1del vuelve despu\u00e9s de un golpe sin que el equipo contrario haya tocado la pelota<\/li>\n<\/ul>\n<p>&nbsp;<\/p>\n<p>o la pareja contraria juega un golpe defectuoso - las jugadas defectuosas incluyen:<\/p>\n<ul>\n<li>la pelota de p\u00e1del cae en la red<\/li>\n<li>la pelota de p\u00e1del se golpea fuera de los l\u00edmites (por ejemplo, por encima de la jaula o a trav\u00e9s de la entrada\/salida)<\/li>\n<li>la pelota de fieltro toca el suelo dos veces<\/li>\n<li>las paredes de plexigl\u00e1s (tanto del lado propio como del contrario) son tocadas por la pelota de p\u00e1del antes de que \u00e9sta toque el suelo del equipo contrario<\/li>\n<li>la bola blanca toca la malla met\u00e1lica de la propia pista despu\u00e9s de haber sido golpeada (por ejemplo, cuando se intenta jugar contra el l\u00edmite propio (plexigl\u00e1s))<\/li>\n<li>el bal\u00f3n toca al jugador que golpea o a su compa\u00f1ero de juego<\/li>\n<\/ul>\n<p>&nbsp;<\/p>\n\n<p>&nbsp;<\/p>\n<h3>M\u00e1s reglas de p\u00e1del<\/h3>\n<ul>\n<li>La pala y el jugador no deben tocar la red. Un jugador que toca la red o cualquier parte del campo del equipo contrario con su pala o cuerpo pierde el punto.<\/li>\n<li>La pelota de p\u00e1del s\u00f3lo puede tocarse una vez con el palo de p\u00e1del por golpe. El jugador de p\u00e1del no puede tocar la pelota con el cuerpo.<\/li>\n<li>Si el resultado es impar (1:0, 2:1, 3:2, 4:1, etc.), se cambia el lado en cada caso.<\/li>\n<\/ul>\n<p>&nbsp;<\/p>\n<h2 style=\"text-align: left;\">FIP - Reglamento Oficial de P\u00e1del<\/h2>\n<p>Las reglas oficiales del p\u00e1del son, por desgracia, muy extensas, porque tambi\u00e9n aclaran muchos detalles que no son tan importantes para los jugadores aficionados. Pero en los grandes torneos de p\u00e1del del <a href=\"\/es\/padel_association\/federacion-mundial-de-padel\/\">FIP<\/a>El <a href=\"\/es\/padel_association\/world-padel-tour\/\">World Padel Tour<\/a> o el <a href=\"\/es\/tour-de-la-ciudadela-alemana\/\">Tour de P\u00e1del en Alemania<\/a> (donde los mejores jugadores de p\u00e1del juegan sus partidos), todo debe ser, por supuesto, despejado 100%.<\/p>\n<p>Y, por supuesto, estas normas de p\u00e1del se actualizan continuamente.<\/p>\n<p>As\u00ed que si quieres saberlo con exactitud, puedes consultar el reglamento oficial de la FIP Padel.<\/p>\n<p>Descargar (PDF) el reglamento oficial de p\u00e1del: <a class=\"button\" href=\"https:\/\/www.padelfip.com\/wp-content\/uploads\/2017\/06\/Rules-of-Padel.pdf\" target=\"_blank\" rel=\"nofollow noopener noreferrer\">Reglamento oficial de p\u00e1del de la FIP en ingl\u00e9s<\/a><\/p>\n<p>&nbsp;<\/p>\n<p style=\"text-align: center;\">Ahora ya has aprendido mucho sobre el p\u00e1del y sus reglas.<\/p>\n<p style=\"text-align: center;\"><strong>Pero, \u00bfcu\u00e1les son realmente los <a href=\"\/es\/conocimientos-de-padel\/diferencias-padel-tenis\/\">Diferencias entre el p\u00e1del y el tenis<\/a>?<\/strong><\/p>","protected":false},"excerpt":{"rendered":"<p>Reglas del p\u00e1del: Las reglas del p\u00e1del son b\u00e1sicamente f\u00e1ciles de entender. Si has estado en la pista 2-3 veces, sabes todo lo que necesitas saber para jugar al p\u00e1del seg\u00fan las reglas. Sin embargo, el quid est\u00e1 en los detalles. Especialmente en los torneos de p\u00e1del, ...<\/p>","protected":false},"author":1,"featured_media":0,"parent":18170,"menu_order":2,"comment_status":"closed","ping_status":"closed","template":"","meta":{"_acf_changed":false,"_sitemap_exclude":false,"_sitemap_priority":"","_sitemap_frequency":"","_analytify_skip_tracking":false,"footnotes":""},"class_list":["post-18229","page","type-page","status-publish","hentry"],"acf":[],"_links":{"self":[{"href":"https:\/\/www.padel-test.de\/es\/wp-json\/wp\/v2\/pages\/18229","targetHints":{"allow":["GET"]}}],"collection":[{"href":"https:\/\/www.padel-test.de\/es\/wp-json\/wp\/v2\/pages"}],"about":[{"href":"https:\/\/www.padel-test.de\/es\/wp-json\/wp\/v2\/types\/page"}],"author":[{"embeddable":true,"href":"https:\/\/www.padel-test.de\/es\/wp-json\/wp\/v2\/users\/1"}],"replies":[{"embeddable":true,"href":"https:\/\/www.padel-test.de\/es\/wp-json\/wp\/v2\/comments?post=18229"}],"version-history":[{"count":0,"href":"https:\/\/www.padel-test.de\/es\/wp-json\/wp\/v2\/pages\/18229\/revisions"}],"up":[{"embeddable":true,"href":"https:\/\/www.padel-test.de\/es\/wp-json\/wp\/v2\/pages\/18170"}],"wp:attachment":[{"href":"https:\/\/www.padel-test.de\/es\/wp-json\/wp\/v2\/media?parent=18229"}],"curies":[{"name":"wp","href":"https:\/\/api.w.org\/{rel}","templated":true}]}}