{"id":18246,"date":"2019-10-30T22:41:47","date_gmt":"2019-10-30T22:41:47","guid":{"rendered":"http:\/\/www.padel-test.de\/padel-wissen\/padel-spielfeld\/"},"modified":"2022-11-28T21:31:35","modified_gmt":"2022-11-28T21:31:35","slug":"pista-de-padel","status":"publish","type":"page","link":"https:\/\/www.padel-test.de\/es\/conocimientos-de-padel\/pista-de-padel\/","title":{"rendered":"Pista de p\u00e1del"},"content":{"rendered":"<p>El tama\u00f1o de una pista de p\u00e1del es s\u00f3lo ligeramente inferior al de una pista de tenis (23,77 m x 10,97 m para los dobles). Sin embargo, una pista de tenis sigue teniendo una zona de escorrent\u00eda muy grande.<\/p>\n<p>La pista de p\u00e1del, con su per\u00edmetro de paredes de cristal, tiene 20 metros de largo y 10 de ancho. En el centro, la pista de p\u00e1del est\u00e1 separada por una red, por lo que cada lado es cuadrado (10x10m). La desviaci\u00f3n m\u00e1xima de las dimensiones puede ser de 0,5%.<\/p>\n<p>La red tiene 10 metros de longitud y una altura de 0,88 metros en el centro; en el borde, la red puede tener una altura m\u00e1xima de 0,92 metros.<\/p>\n<p>Los postes en los que se cuelga la red de p\u00e1del no deben tener una altura superior a 1,05 metros.<\/p>\n<p>&nbsp;<\/p>\n<div id=\"attachment_11254\" style=\"width: 693px\" class=\"wp-caption aligncenter\"><img loading=\"lazy\" decoding=\"async\" aria-describedby=\"caption-attachment-11254\" class=\"wp-image-11254 size-full\" src=\"https:\/\/www.padel-test.de\/wp-content\/uploads\/2022\/09\/Padel-Court-Abmessungen.png\" alt=\"Dimensiones de la pista de p\u00e1del\" width=\"683\" height=\"566\" \/><p id=\"caption-attachment-11254\" class=\"wp-caption-text\">Dimensiones de la pista de p\u00e1del - Boceto de <a href=\"\/es\/constructor-de-cursos-de-padel-2\/padelcreations\/\">Padelcreations<\/a><\/p><\/div>\n<h2>Paredes de la pista de p\u00e1del<\/h2>\n<p>Toda la pista de p\u00e1del est\u00e1 enmarcada por una pared de cristal ESG (cristal de seguridad). Esto s\u00f3lo se interrumpe en los postes de la red por una entrada\/salida a trav\u00e9s de la cual los jugadores pueden entrar en la pista de p\u00e1del.<\/p>\n<p>Las paredes de los extremos tienen una altura de 4 m. En las paredes laterales, esta altura disminuye a 3 m despu\u00e9s de aproximadamente 1 m. La zona superior, es decir, la que se asienta sobre el vidrio templado, est\u00e1 formada por una malla met\u00e1lica (en las construcciones sencillas tambi\u00e9n se trata de una simple valla de malla met\u00e1lica).<\/p>\n<p>El uso de vidrio de seguridad templado y malla met\u00e1lica como materiales de delimitaci\u00f3n garantiza que los espectadores tengan una visi\u00f3n clara de la pista de p\u00e1del.<\/p>\n<p>&nbsp;<\/p>\n<h3>Iluminaci\u00f3n de la pista de p\u00e1del<\/h3>\n<p>Las pistas de p\u00e1del exteriores suelen estar iluminadas por 4 focos. Las pistas de p\u00e1del m\u00e1s antiguas siguen utilizando las l\u00e1mparas cl\u00e1sicas, pero las pistas de p\u00e1del modernas cuentan con focos LED, ya que son al menos tan buenos en t\u00e9rminos de rendimiento, pero m\u00e1s eficientes energ\u00e9ticamente. En total, una pista de p\u00e1del tiene unos 6 metros de altura.<\/p>\n<p>En los pabellones de p\u00e1del, la iluminaci\u00f3n suele dise\u00f1arse de forma muy individualizada; aqu\u00ed tambi\u00e9n suele depender de si hubo un uso anterior como pista de tenis, por ejemplo.<\/p>\n<div id=\"attachment_11253\" style=\"width: 439px\" class=\"wp-caption aligncenter\"><img loading=\"lazy\" decoding=\"async\" aria-describedby=\"caption-attachment-11253\" class=\"wp-image-11253 size-full\" src=\"https:\/\/www.padel-test.de\/wp-content\/uploads\/2022\/09\/Padelplatz-Skizze.png\" alt=\"Altura de la pista de p\u00e1del incl. focos\u00a0\" width=\"429\" height=\"225\" \/><p id=\"caption-attachment-11253\" class=\"wp-caption-text\">Altura de la pista de p\u00e1del incl. focos<\/p><\/div>\n<p>&nbsp;<\/p>\n<p><em>Consejo: Puede encontrar m\u00e1s informaci\u00f3n en el <a href=\"https:\/\/www.padel-test.de\/es\/conocimientos-de-padel\/reglas-del-padel\/\">Reglas del p\u00e1del<\/a>.<\/em><\/p>","protected":false},"excerpt":{"rendered":"<p>El tama\u00f1o de una pista de p\u00e1del es menor que el de una pista de tenis (23,77 m x 10,97 para los dobles). La pista de p\u00e1del, con sus paredes de plexigl\u00e1s, tiene 20 metros de longitud y<\/p>","protected":false},"author":1,"featured_media":11251,"parent":18170,"menu_order":3,"comment_status":"closed","ping_status":"closed","template":"","meta":{"_acf_changed":false,"_sitemap_exclude":false,"_sitemap_priority":"","_sitemap_frequency":"","_analytify_skip_tracking":false,"footnotes":""},"class_list":["post-18246","page","type-page","status-publish","has-post-thumbnail","hentry"],"acf":[],"_links":{"self":[{"href":"https:\/\/www.padel-test.de\/es\/wp-json\/wp\/v2\/pages\/18246","targetHints":{"allow":["GET"]}}],"collection":[{"href":"https:\/\/www.padel-test.de\/es\/wp-json\/wp\/v2\/pages"}],"about":[{"href":"https:\/\/www.padel-test.de\/es\/wp-json\/wp\/v2\/types\/page"}],"author":[{"embeddable":true,"href":"https:\/\/www.padel-test.de\/es\/wp-json\/wp\/v2\/users\/1"}],"replies":[{"embeddable":true,"href":"https:\/\/www.padel-test.de\/es\/wp-json\/wp\/v2\/comments?post=18246"}],"version-history":[{"count":0,"href":"https:\/\/www.padel-test.de\/es\/wp-json\/wp\/v2\/pages\/18246\/revisions"}],"up":[{"embeddable":true,"href":"https:\/\/www.padel-test.de\/es\/wp-json\/wp\/v2\/pages\/18170"}],"wp:featuredmedia":[{"embeddable":true,"href":"https:\/\/www.padel-test.de\/es\/wp-json\/wp\/v2\/media\/11251"}],"wp:attachment":[{"href":"https:\/\/www.padel-test.de\/es\/wp-json\/wp\/v2\/media?parent=18246"}],"curies":[{"name":"wp","href":"https:\/\/api.w.org\/{rel}","templated":true}]}}