{"id":18254,"date":"2022-02-07T14:50:37","date_gmt":"2022-02-07T14:50:37","guid":{"rendered":"http:\/\/www.padel-test.de\/padel-wissen\/padel-fans\/arjen-robben-padel\/"},"modified":"2022-10-31T22:03:43","modified_gmt":"2022-10-31T22:03:43","slug":"arjen-robben-padel","status":"publish","type":"page","link":"https:\/\/www.padel-test.de\/es\/conocimientos-de-padel\/aficionados-al-padel\/arjen-robben-padel\/","title":{"rendered":"Arjen Robben Padel"},"content":{"rendered":"<p><strong>Arjen Robben<\/strong>: A m\u00e1s tardar desde su aparici\u00f3n como <a href=\"\/es\/noticias-de-padel\/padel-en-quien-quiere-ser-millonario\/\">Padel-Joker bei &#8222;Wer wird Million\u00e4r&#8220;<\/a> media Alemania sabe que Arjen Robben es tambi\u00e9n un entusiasta del p\u00e1del.<\/p>\n<p>&nbsp;<\/p>\n<p>Pronto publicaremos algunas fotos y v\u00eddeos del exfutbolista holand\u00e9s y ahora aficionado al p\u00e1del.<\/p>\n<p>&nbsp;<\/p>\n<p>No se pierdan la oportunidad.<\/p>\n<p>&nbsp;<\/p>\n<p>Por cierto, aqu\u00ed hay informaci\u00f3n sobre <a href=\"\/es\/noticias-de-padel\/mapa-de-pistas-de-padel-en-los-paises-bajos\/\">P\u00e1del en los Pa\u00edses Bajos<\/a>!<\/p>\n<p>&nbsp;<\/p>\n<h3>Y aqu\u00ed puede encontrar m\u00e1s destacados <a href=\"\/es\/conocimientos-de-padel\/aficionados-al-padel\/\">Aficionados al p\u00e1del<\/a> como J\u00fcrgen Klopp o Zinedine Zidane<\/h3>","protected":false},"excerpt":{"rendered":"<p>Arjen Robben: Sp\u00e4testens seit seinem Auftritt als Padel-Joker bei &#8222;Wer wird Million\u00e4r&#8220; wei\u00df halb Deutschland, dass auch Arjen Robben begeisterter Padel Fan ist. &nbsp; In K\u00fcrze werden wir hier ein paar Photos und Videos des holl\u00e4ndischen Ex-Fu\u00dfball Profis und nun Padel Enthusiasten posten. &nbsp; Stay tuned! &nbsp; Hier \u00fcbrigens ein paar Infos \u00fcber Padel Tennis&hellip;<\/p>","protected":false},"author":1,"featured_media":0,"parent":18251,"menu_order":0,"comment_status":"closed","ping_status":"closed","template":"","meta":{"_acf_changed":false,"_sitemap_exclude":false,"_sitemap_priority":"","_sitemap_frequency":"","_analytify_skip_tracking":false,"footnotes":""},"class_list":["post-18254","page","type-page","status-publish","hentry"],"acf":[],"_links":{"self":[{"href":"https:\/\/www.padel-test.de\/es\/wp-json\/wp\/v2\/pages\/18254","targetHints":{"allow":["GET"]}}],"collection":[{"href":"https:\/\/www.padel-test.de\/es\/wp-json\/wp\/v2\/pages"}],"about":[{"href":"https:\/\/www.padel-test.de\/es\/wp-json\/wp\/v2\/types\/page"}],"author":[{"embeddable":true,"href":"https:\/\/www.padel-test.de\/es\/wp-json\/wp\/v2\/users\/1"}],"replies":[{"embeddable":true,"href":"https:\/\/www.padel-test.de\/es\/wp-json\/wp\/v2\/comments?post=18254"}],"version-history":[{"count":0,"href":"https:\/\/www.padel-test.de\/es\/wp-json\/wp\/v2\/pages\/18254\/revisions"}],"up":[{"embeddable":true,"href":"https:\/\/www.padel-test.de\/es\/wp-json\/wp\/v2\/pages\/18251"}],"wp:attachment":[{"href":"https:\/\/www.padel-test.de\/es\/wp-json\/wp\/v2\/media?parent=18254"}],"curies":[{"name":"wp","href":"https:\/\/api.w.org\/{rel}","templated":true}]}}