{"id":18256,"date":"2022-02-08T00:23:00","date_gmt":"2022-02-08T00:23:00","guid":{"rendered":"http:\/\/www.padel-test.de\/padel-tennis-twitter\/"},"modified":"2023-05-24T22:12:59","modified_gmt":"2023-05-24T22:12:59","slug":"padel-twitter","status":"publish","type":"page","link":"https:\/\/www.padel-test.de\/es\/padel-twitter\/","title":{"rendered":"Twitter sobre el p\u00e1del"},"content":{"rendered":"<p>Twitter de P\u00e1del: Aqu\u00ed puedes encontrar los \u00faltimos Tweets de P\u00e1del del <a href=\"\/es\/organizador-de-torneos-de-padel-2\/world-padel-tour\/\">World Padel Tour<\/a>:<\/p>\n<h1>\n\t\tTwitter sobre el p\u00e1del\n\t<\/h1>\n\t<p><a data-theme=\"light\" href=\"https:\/\/twitter.com\/worldpadelTour?ref_src=twsrc%5Etfw\" rel=\"nofollow noopener\" target=\"_blank\">Tweets por worldpadelTour<\/a> <\/p>\n\t\t\t\t<a href=\"https:\/\/www.facebook.com\/sharer.php?u=https:\/\/www.padel-test.de\/?page_id=18256&#038;fl_builder&#038;title=Padel+Tennis+Twitter\">\n\t\t\t\t\t\t\t\t\t\t\t\tCompartir en Facebook\n\t\t\t\t\t\t\t\t\t<\/a>\n\t\t\t\t<a href=\"https:\/\/twitter.com\/intent\/tweet?url=https:\/\/www.padel-test.de\/?page_id=18256&#038;fl_builder&#038;text=Padel+Tennis+Twitter\">\n\t\t\t\t\t\t\t\t\t\t\t\tCompartir en Twitter\n\t\t\t\t\t\t\t\t\t<\/a>\n\t\t\t\t<a href=\"https:\/\/www.linkedin.com\/shareArticle?mini=true&#038;url=https:\/\/www.padel-test.de\/?page_id=18256&#038;fl_builder&#038;title=Padel+Tennis+Twitter\">\n\t\t\t\t\t\t\t\t\t\t\t\tCompartir en Linkedin\n\t\t\t\t\t\t\t\t\t<\/a>\n\t\t\t\t<a href=\"mailto:?body=https:\/\/www.padel-test.de\/?page_id=18256&#038;fl_builder\">\n\t\t\t\t\t\t\t\t\t\t\t\tCompartir en el correo electr\u00f3nico\n\t\t\t\t\t\t\t\t\t<\/a>","protected":false},"excerpt":{"rendered":"<p>Padel Tennis Twitter: Aqu\u00ed puedes encontrar los \u00faltimos Tweets de World Padel Tour: Padel Tennis Twitter Tweets by worldpadelTour Compartir en Facebook Compartir en Twitter Compartir en Linkedin Compartir en E-Mail<\/p>","protected":false},"author":1,"featured_media":0,"parent":0,"menu_order":0,"comment_status":"open","ping_status":"open","template":"","meta":{"_acf_changed":false,"_sitemap_exclude":false,"_sitemap_priority":"","_sitemap_frequency":"","_analytify_skip_tracking":false,"footnotes":""},"class_list":["post-18256","page","type-page","status-publish","hentry"],"acf":[],"_links":{"self":[{"href":"https:\/\/www.padel-test.de\/es\/wp-json\/wp\/v2\/pages\/18256","targetHints":{"allow":["GET"]}}],"collection":[{"href":"https:\/\/www.padel-test.de\/es\/wp-json\/wp\/v2\/pages"}],"about":[{"href":"https:\/\/www.padel-test.de\/es\/wp-json\/wp\/v2\/types\/page"}],"author":[{"embeddable":true,"href":"https:\/\/www.padel-test.de\/es\/wp-json\/wp\/v2\/users\/1"}],"replies":[{"embeddable":true,"href":"https:\/\/www.padel-test.de\/es\/wp-json\/wp\/v2\/comments?post=18256"}],"version-history":[{"count":0,"href":"https:\/\/www.padel-test.de\/es\/wp-json\/wp\/v2\/pages\/18256\/revisions"}],"wp:attachment":[{"href":"https:\/\/www.padel-test.de\/es\/wp-json\/wp\/v2\/media?parent=18256"}],"curies":[{"name":"wp","href":"https:\/\/api.w.org\/{rel}","templated":true}]}}