{"id":19807,"date":"2022-11-13T21:43:08","date_gmt":"2022-11-13T21:43:08","guid":{"rendered":"https:\/\/www.padel-test.de\/?page_id=19807"},"modified":"2022-11-13T21:47:51","modified_gmt":"2022-11-13T21:47:51","slug":"declaracion-de-padel-tenis","status":"publish","type":"page","link":"https:\/\/www.padel-test.de\/es\/conocimientos-de-padel\/declaracion-de-padel-tenis\/","title":{"rendered":"Declaraci\u00f3n de p\u00e1del"},"content":{"rendered":"<p><strong>Explicaci\u00f3n del p\u00e1del - en realidad, el p\u00e1del se explica de forma bastante sencilla:<\/strong><\/p>\n<p>El p\u00e1del es un juego r\u00e1pido y emocionante que cada vez cautiva a m\u00e1s gente. Originalmente <a href=\"\/es\/conocimientos-de-padel\/historia-del-padel\/\">El p\u00e1del se desarrolla en M\u00e9xico<\/a>pero ha ganado gran popularidad en los \u00faltimos a\u00f1os, primero en Espa\u00f1a y luego en toda Europa y otras partes del mundo.<\/p>\n<p>El p\u00e1del es una mezcla de tenis y squash y se juega en una peque\u00f1a pista con altas paredes de cristal complementadas con una especie de rejilla en la parte superior. El <a href=\"\/es\/conocimientos-de-padel\/reglas-del-padel\/\">Reglas del p\u00e1del<\/a> son similares al tenis, pero hay algunas diferencias importantes que hacen que el juego sea m\u00e1s emocionante. En este art\u00edculo explicaremos algunos de los fundamentos del p\u00e1del.<\/p>\n<p>El p\u00e1del es un juego r\u00e1pido y emocionante basado en el principio del tenis. Se juega con cuatro jugadores -dos en cada lado- que juegan sobre una red en el centro de la pista. Cada equipo est\u00e1 formado por dos jugadores, y cada uno tiene su propio <a href=\"\/es\/conocimientos-de-padel\/batidor-de-palas\/\">Raqueta de p\u00e1del<\/a>. El p\u00e1del es un juego de espalda en el que los jugadores se turnan para golpear una pelota por encima de la red e intentan jugarla de forma que el adversario no pueda alcanzarla.<\/p>\n<p>En los \u00faltimos a\u00f1os, el n\u00famero de jugadores de p\u00e1del ha aumentado r\u00e1pidamente, tanto en Espa\u00f1a como en otros pa\u00edses. En Europa, despu\u00e9s de Espa\u00f1a, Italia y Suecia son los pa\u00edses m\u00e1s aficionados al p\u00e1del, pero los franceses y los portugueses tambi\u00e9n lo son. En Alemania, Austria y Suiza, el boom del p\u00e1del comenz\u00f3 un poco m\u00e1s tarde, \u00a1pero el crecimiento de nuevas pistas y lugares para jugar al p\u00e1del es ahora tambi\u00e9n enorme en los pa\u00edses de habla alemana!<\/p>\n<p>Porque: el p\u00e1del es EL deporte perfecto para todas las edades y niveles de habilidad. Es una forma estupenda de mantenerse en forma (mucho m\u00e1s f\u00e1cil para las articulaciones que el tenis y a\u00fan m\u00e1s el squash) y de divertirse.<\/p>\n<p>Y: El p\u00e1del ofrece una gran oportunidad para conocer gente nueva.<\/p>\n<p>Esto se debe a los numerosos y divertidos torneos que se celebran a todos los niveles y en los que puedes conocer r\u00e1pidamente a nuevos amigos deportistas \ud83d\ude42 .<\/p>\n<p>&nbsp;<\/p>\n<h2>Historia del p\u00e1del<\/h2>\n<p>El p\u00e1del es un juego relativamente joven que se desarroll\u00f3 en M\u00e9xico en la d\u00e9cada de 1970. El p\u00e1del es una combinaci\u00f3n de tenis y squash. Las primeras pistas de p\u00e1del se construyeron en M\u00e9xico, aunque su aspecto era muy diferente al de las actuales. En la d\u00e9cada de 1980, el juego pas\u00f3 de Centroam\u00e9rica a Espa\u00f1a, donde se populariz\u00f3 r\u00e1pidamente.<\/p>\n<p>Hoy en d\u00eda, hay miles de pistas de p\u00e1del en todo el mundo.<\/p>\n<p>&nbsp;<\/p>\n<h3>El p\u00e1del en la actualidad<\/h3>\n<p>El p\u00e1del es ahora uno de los deportes m\u00e1s populares en Espa\u00f1a (\u00a1incluso muy por delante del tenis all\u00ed!), Sudam\u00e9rica y Centroam\u00e9rica, y tambi\u00e9n en muchos otros pa\u00edses del mundo. A pesar de las impresionantes cifras, \u00a1el p\u00e1del crece y crece!<\/p>\n<p>Actualmente se practica sobre todo en Europa y los pa\u00edses \u00e1rabes. En pa\u00edses grandes como EE.UU., China, Rusia e India, el p\u00e1del sigue siendo un deporte tranquilo, por lo que el potencial de crecimiento es enorme.<\/p>\n<p>Probablemente dentro de unos a\u00f1os habr\u00e1 m\u00e1s de 100 millones de jugadores de p\u00e1del en todo el mundo.<\/p>\n<p>&nbsp;<\/p>\n<h3>\u00bfPor qu\u00e9 es tan popular el p\u00e1del?<\/h3>\n<p>El p\u00e1del es tan popular porque se puede practicar este deporte \"s\u00f3lo por diversi\u00f3n\", pero tambi\u00e9n profesionalmente. Se pueden quemar muchas calor\u00edas en poco tiempo y hacer ejercicio de verdad. Adem\u00e1s, el p\u00e1del es un deporte muy social: se juega de a cuatro en un espacio mucho m\u00e1s reducido que el del tenis, y los numerosos tipos de torneos (por ejemplo, el Americano) y el ambiente sociable ofrecen constantemente la oportunidad de conocer gente nueva.<\/p>\n<p>Y lo mejor para los principiantes: tras s\u00f3lo 20 minutos de instrucci\u00f3n, los principiantes pueden empezar su primer partido.<\/p>\n<p>Y se divertir\u00e1 tanto como los mejores jugadores. \u00a1Prometido!<\/p>\n<p>&nbsp;<\/p>\n<h3>\u00bfD\u00f3nde se puede jugar al p\u00e1del?<\/h3>\n<p>El p\u00e1del se puede jugar b\u00e1sicamente en muchos lugares diferentes. En Espa\u00f1a, Argentina y otros pa\u00edses en los que el boom del p\u00e1del comenz\u00f3 pronto, tambi\u00e9n se pueden encontrar pistas de p\u00e1del en muchas ciudades y pueblos peque\u00f1os.<\/p>\n<p>En los \"nuevos\" pa\u00edses del p\u00e1del, como Alemania, la mayor\u00eda de las pistas se encuentran en \u00e1reas metropolitanas.<\/p>\n<p>Pero gracias a nuestro <strong>Tarjetas de p\u00e1del<\/strong> puede encontrar r\u00e1pidamente la pista de p\u00e1del m\u00e1s cercana:<\/p>\n<ul>\n<li><a href=\"\/es\/lugares-de-padel-alemania\/\">Mapa de las pistas de p\u00e1del en Alemania<\/a><\/li>\n<li><a href=\"\/es\/pistas-de-padel-austria\/\">Mapa de las pistas de p\u00e1del de Austria<\/a><\/li>\n<li><a href=\"\/es\/pistas-de-padel-suiza\/\">Pistas de p\u00e1del en Suiza Mapa<\/a><\/li>\n<li><a href=\"\/es\/pistas-de-padel-internacionales\/\">Mapa internacional de pistas de p\u00e1del<\/a><\/li>\n<\/ul>","protected":false},"excerpt":{"rendered":"<p>Explicaci\u00f3n del p\u00e1del - En realidad, el p\u00e1del se explica de forma bastante sencilla: el p\u00e1del es un juego r\u00e1pido y emocionante que cada vez cautiva a m\u00e1s gente. El p\u00e1del se desarroll\u00f3 originalmente en M\u00e9xico, pero se ha hecho muy popular en los \u00faltimos a\u00f1os, primero en Espa\u00f1a y luego en toda Europa y otras partes del mundo....<\/p>","protected":false},"author":1,"featured_media":0,"parent":18170,"menu_order":0,"comment_status":"closed","ping_status":"closed","template":"","meta":{"_acf_changed":false,"_sitemap_exclude":false,"_sitemap_priority":"","_sitemap_frequency":"","_analytify_skip_tracking":false,"footnotes":""},"class_list":["post-19807","page","type-page","status-publish","hentry"],"acf":[],"_links":{"self":[{"href":"https:\/\/www.padel-test.de\/es\/wp-json\/wp\/v2\/pages\/19807","targetHints":{"allow":["GET"]}}],"collection":[{"href":"https:\/\/www.padel-test.de\/es\/wp-json\/wp\/v2\/pages"}],"about":[{"href":"https:\/\/www.padel-test.de\/es\/wp-json\/wp\/v2\/types\/page"}],"author":[{"embeddable":true,"href":"https:\/\/www.padel-test.de\/es\/wp-json\/wp\/v2\/users\/1"}],"replies":[{"embeddable":true,"href":"https:\/\/www.padel-test.de\/es\/wp-json\/wp\/v2\/comments?post=19807"}],"version-history":[{"count":0,"href":"https:\/\/www.padel-test.de\/es\/wp-json\/wp\/v2\/pages\/19807\/revisions"}],"up":[{"embeddable":true,"href":"https:\/\/www.padel-test.de\/es\/wp-json\/wp\/v2\/pages\/18170"}],"wp:attachment":[{"href":"https:\/\/www.padel-test.de\/es\/wp-json\/wp\/v2\/media?parent=19807"}],"curies":[{"name":"wp","href":"https:\/\/api.w.org\/{rel}","templated":true}]}}