{"id":20232,"date":"2023-01-09T10:20:00","date_gmt":"2023-01-09T10:20:00","guid":{"rendered":"https:\/\/www.padel-test.de\/?page_id=20232"},"modified":"2023-01-09T10:21:34","modified_gmt":"2023-01-09T10:21:34","slug":"costes-de-construccion-de-pistas-de-tenis","status":"publish","type":"page","link":"https:\/\/www.padel-test.de\/es\/conocimientos-de-padel\/costes-de-construccion-de-pistas-de-tenis\/","title":{"rendered":"Costes de construcci\u00f3n de una pista de tenis"},"content":{"rendered":"<p><strong>Costes de las pistas de tenis<\/strong>Construir una pista de tenis es caro. El coste depende, por supuesto, del tama\u00f1o y la complejidad de la pista, pero tambi\u00e9n influyen la regi\u00f3n en la que se construya y el tipo de construcci\u00f3n. En las zonas urbanas, el coste de construcci\u00f3n de una pista de tenis suele ser m\u00e1s elevado que en las zonas rurales. Para un presupuesto aproximado, hay que prever entre 25.000 y 80.000 euros. Sin embargo, tambi\u00e9n hay opciones bastante m\u00e1s caras.<\/p>\n<p>Los aspectos m\u00e1s costosos de la construcci\u00f3n de una pista de tenis son el movimiento de tierras, el drenaje y los cimientos de la pista. Otro factor importante en la construcci\u00f3n de una pista de tenis es el tipo de tratamiento de la superficie. El asfalto se utiliza actualmente en muchas pistas de nueva construcci\u00f3n. Sin embargo, el asfalto tambi\u00e9n es bastante m\u00e1s caro que otras opciones de tratamiento, como la piedra triturada o la mezcla bituminosa de pol\u00edmeros (EPDM). As\u00ed, por t\u00e9rmino medio, construir una pista de tenis de asfalto cuesta unos 30-60 euros por m2, mientras que unas pistas de tenis similares de grava o EPDM costar\u00edan unos 15 euros por m2.<\/p>\n<p>Por lo general, un campo de tierra batida o ceniza es m\u00e1s barato que uno de c\u00e9sped artificial.<\/p>\n<p>La construcci\u00f3n de una pista profesional de tenis de tierra batida, por ejemplo, puede costar hasta 150.000 euros si incluye elementos m\u00e1s sofisticados, como pistas de tierra batida con calefacci\u00f3n o sistemas de iluminaci\u00f3n. Por supuesto, el coste de construcci\u00f3n del tribunal no s\u00f3lo viene determinado por la compra del material y el alquiler del equipo, sino tambi\u00e9n por el trabajo del personal profesional necesario para construir y mantener el tribunal.<\/p>\n<p>&nbsp;<\/p>\n<h2>Costes aproximados de la construcci\u00f3n de una pista de tenis:<\/h2>\n<ul>\n<li>Construcci\u00f3n de pistas de tenis - aprox. de 15.000 a 23.000 euros<\/li>\n<li>Superficie de pista de tenis (ceniza\/arena, c\u00e9sped artificial, mezcla de bet\u00fan y pol\u00edmero (EPDM), pista dura) 8.000 a 30.000 euros<\/li>\n<li>Red de tenis completa con postes 1.000 a 1.500 euros<\/li>\n<li>Sistema de riego de pistas de tenis2.5000 a 5.000 euros<\/li>\n<li>Iluminaci\u00f3n LED por pista de tenis De 10.000 a 15.000 euros<\/li>\n<\/ul>\n<p>&nbsp;<\/p>\n<h3>Construya su propia pista de tenis<\/h3>\n<p>Tambi\u00e9n es posible abordar la construcci\u00f3n de una pista de tenis como proyecto de bricolaje, pero incluso en ese caso hay que tener en cuenta los costes: Hay que comprar materiales como redes, materiales para marcar l\u00edneas y clavijas; tambi\u00e9n hay que considerar si se quiere una superficie especial o si se trabaja con el terreno existente; todos estos factores pueden afectar al precio. Algunas de las piezas individuales, como las redes, las l\u00edneas, etc., pueden comprarse a bajo precio en Alibaba o mercados similares.<\/p>\n<p>Sin embargo, los plazos de entrega pueden ser bastante m\u00e1s largos que si se encarga localmente a un constructor de pistas de tenis con experiencia. Las devoluciones y las reclamaciones de garant\u00eda tambi\u00e9n son m\u00e1s dif\u00edciles de tramitar cuando se hacen pedidos por Internet que a socios locales.<\/p>\n<p>En definitiva, construir una pista de tenis es una inversi\u00f3n, no s\u00f3lo de dinero, sino tambi\u00e9n de tiempo y energ\u00eda, pero merece la pena.<\/p>\n<p>Si eliges bien y dise\u00f1as tu pista de tenis para que tanto t\u00fa como los dem\u00e1s jugadores disfrut\u00e9is, tendr\u00e1s una fuente de actividad deportiva durante muchos a\u00f1os.<\/p>\n<p>&nbsp;<\/p>\n<h3>Construir una pista de p\u00e1del<\/h3>\n<p>Si prefiere construir una pista de p\u00e1del, podemos informarle sobre los costes de construcci\u00f3n de una pista de p\u00e1del y nombrarle algunos socios que ya tienen mucha experiencia en la construcci\u00f3n de pistas de p\u00e1del.<\/p>\n<ul>\n<li><a href=\"\/es\/conocimientos-de-padel\/costas-judiciales\/\">Costes judiciales del p\u00e1del<\/a><\/li>\n<li><a href=\"\/es\/constructor-de-cursos-de-padel-2\/\">Constructor de pistas de p\u00e1del<\/a><\/li>\n<\/ul>","protected":false},"excerpt":{"rendered":"<p>Costes de las pistas de tenis: construir una pista de tenis es un asunto caro. El coste depende, por supuesto, del tama\u00f1o y la complejidad de la pista, pero tambi\u00e9n influyen la regi\u00f3n en la que se construya y el tipo de construcci\u00f3n. En las zonas urbanas, el coste de construir una pista de tenis suele ser m\u00e1s elevado que en...<\/p>","protected":false},"author":1,"featured_media":12017,"parent":18170,"menu_order":0,"comment_status":"closed","ping_status":"closed","template":"","meta":{"_acf_changed":false,"_sitemap_exclude":false,"_sitemap_priority":"","_sitemap_frequency":"","_analytify_skip_tracking":false,"footnotes":""},"class_list":["post-20232","page","type-page","status-publish","has-post-thumbnail","hentry"],"acf":[],"_links":{"self":[{"href":"https:\/\/www.padel-test.de\/es\/wp-json\/wp\/v2\/pages\/20232","targetHints":{"allow":["GET"]}}],"collection":[{"href":"https:\/\/www.padel-test.de\/es\/wp-json\/wp\/v2\/pages"}],"about":[{"href":"https:\/\/www.padel-test.de\/es\/wp-json\/wp\/v2\/types\/page"}],"author":[{"embeddable":true,"href":"https:\/\/www.padel-test.de\/es\/wp-json\/wp\/v2\/users\/1"}],"replies":[{"embeddable":true,"href":"https:\/\/www.padel-test.de\/es\/wp-json\/wp\/v2\/comments?post=20232"}],"version-history":[{"count":0,"href":"https:\/\/www.padel-test.de\/es\/wp-json\/wp\/v2\/pages\/20232\/revisions"}],"up":[{"embeddable":true,"href":"https:\/\/www.padel-test.de\/es\/wp-json\/wp\/v2\/pages\/18170"}],"wp:featuredmedia":[{"embeddable":true,"href":"https:\/\/www.padel-test.de\/es\/wp-json\/wp\/v2\/media\/12017"}],"wp:attachment":[{"href":"https:\/\/www.padel-test.de\/es\/wp-json\/wp\/v2\/media?parent=20232"}],"curies":[{"name":"wp","href":"https:\/\/api.w.org\/{rel}","templated":true}]}}