{"id":20933,"date":"2024-02-04T21:57:55","date_gmt":"2024-02-04T21:57:55","guid":{"rendered":"https:\/\/www.padel-test.de\/?page_id=20933"},"modified":"2024-02-04T22:01:47","modified_gmt":"2024-02-04T22:01:47","slug":"padel-o-tenis-la-gran-comparacion-que-deporte-es-mas-facil-de-aprender-o-mas-divertido-de-jugar","status":"publish","type":"page","link":"https:\/\/www.padel-test.de\/es\/conocimientos-de-padel\/padel-o-tenis-la-gran-comparacion-que-deporte-es-mas-facil-de-aprender-o-mas-divertido-de-jugar\/","title":{"rendered":"\u00bfP\u00e1del o tenis? La gran comparaci\u00f3n: \u00bfqu\u00e9 deporte es mejor, m\u00e1s f\u00e1cil de aprender o m\u00e1s divertido?"},"content":{"rendered":"<p><strong>P\u00e1del y tenis en comparaci\u00f3n:<\/strong> Dos deportes de raqueta que comparten lo necesario: una raqueta, una pelota y la voluntad absoluta de burlar al adversario con un golpe h\u00e1bil. Mientras que el tenis, con su prestigio secular, saluda al mundo del deporte como un caballero distinguido en Wimbledon, el p\u00e1del se cuela en escena con un gui\u00f1o y un choque de manos casual.<\/p>\n<p>Es como si el tenis fuera el hermano mayor que se aferra a la tradici\u00f3n, mientras que el p\u00e1del es el hermano peque\u00f1o, de esp\u00edritu libre, que desaf\u00eda a la familia a un partido en el patio trasero.<\/p>\n<p>Ambos proporcionan interminables horas de entretenimiento, pero sus personalidades no podr\u00edan ser m\u00e1s diferentes.<\/p>\n<p>&nbsp;<\/p>\n<h2>Ventajas e inconvenientes del p\u00e1del:<\/h2>\n<p><strong>Ventajas:<\/strong><br \/>\n1. m\u00e1s f\u00e1cil de aprender: el p\u00e1del suele ser m\u00e1s f\u00e1cil de aprender que el tenis, ya que las raquetas son m\u00e1s peque\u00f1as y f\u00e1ciles de manejar y, adem\u00e1s, se pueden jugar las pelotas contra las paredes. Esto permite a los principiantes progresar m\u00e1s r\u00e1pidamente.<br \/>\n2. Menor riesgo de lesiones: en general, el p\u00e1del se considera un deporte seguro, apto tambi\u00e9n para deportistas de edad avanzada.<br \/>\n3. juego social: el p\u00e1del es un deporte de equipo que suele jugarse en parejas. Fomenta la interacci\u00f3n social, refuerza el esp\u00edritu de equipo y es divertido porque siempre se juega con otros.<\/p>\n<p><strong>Desventajas:<\/strong><br \/>\n1. popularidad limitada: el p\u00e1del es menos conocido y est\u00e1 menos extendido que el tenis en algunos pa\u00edses. Esto puede significar que haya menos oportunidades de jugar al p\u00e1del o de competir con otros jugadores.<br \/>\n2. menos atletismo: las pistas de p\u00e1del son m\u00e1s peque\u00f1as que las de tenis, lo que significa menos carreras. Los jugadores no tienen que recorrer distancias tan largas para alcanzar la pelota.<br \/>\n3. Limitadas oportunidades de carrera profesional: El p\u00e1del a\u00fan no cuenta con un panorama de torneos profesionales tan establecido y extenso como el tenis. Esto podr\u00eda suponer una limitaci\u00f3n para los jugadores que quieran seguir una carrera en el deporte profesional. Sin embargo, el p\u00e1del est\u00e1 en alza y se est\u00e1 profesionalizando cada vez m\u00e1s.<\/p>\n<h3><\/h3>\n<h3>Ventajas e inconvenientes del tenis:<\/h3>\n<p><strong>Ventajas:<\/strong><br \/>\n1. versatilidad deportiva: el tenis ofrece una amplia gama de t\u00e9cnicas de golpeo, estrategias de juego y desaf\u00edos f\u00edsicos. Requiere tanto fuerza como resistencia y ofrece muchas oportunidades para desarrollar habilidades t\u00e9cnicas y atl\u00e9ticas.<br \/>\n2. mayor popularidad: el tenis es uno de los deportes m\u00e1s populares del mundo, con un gran n\u00famero de jugadores y aficionados. Esto significa que hay m\u00e1s oportunidades de jugar al tenis, competir y formar parte de una comunidad ten\u00edstica activa.<br \/>\n3. oportunidades profesionales: El tenis tiene una escena de torneos profesionales establecida con numerosas oportunidades para establecerse como jugador profesional y tener \u00e9xito financiero.<\/p>\n<p><strong>Desventajas:<\/strong><br \/>\n1. M\u00e1s dif\u00edcil de aprender: el tenis requiere m\u00e1s tiempo y pr\u00e1ctica para dominar las t\u00e9cnicas b\u00e1sicas de golpeo. Las raquetas m\u00e1s grandes y las pelotas m\u00e1s r\u00e1pidas pueden dificultar el proceso de aprendizaje de los principiantes.<br \/>\n2. Mayor riesgo de lesiones: el tenis se juega en superficies muy diferentes, lo que aumenta el riesgo de lesiones por movimientos r\u00e1pidos y paradas bruscas (pistas duras) y resbalones (pistas de hierba y tierra batida), especialmente en las pistas de hierba y duras.<br \/>\n3. Competici\u00f3n individual: el tenis suele jugarse en individuales, lo que implica menos interacci\u00f3n social y trabajo en equipo. Algunos jugadores pueden encontrar esto menos entretenido o menos motivador.<\/p>\n<p>&nbsp;<\/p>\n<h3>Numerosos deportistas utilizan el tenis y el p\u00e1del como contrapeso al f\u00fatbol.<\/h3>\n<p>He aqu\u00ed algunos ejemplos bien conocidos:<\/p>\n<ol>\n<li><strong>Zlatan Ibrahimovi\u0107<\/strong> - La estrella sueca del f\u00fatbol es conocida por su pasi\u00f3n por el p\u00e1del. Incluso ha invertido en clubes de p\u00e1del y muestra regularmente sus habilidades en la pista.<\/li>\n<li><strong>Gerard Piqu\u00e9<\/strong> - El ex defensa del f\u00fatbol espa\u00f1ol ha hecho p\u00fablica su afici\u00f3n al p\u00e1del y participa activamente en partidos.<\/li>\n<li><strong>Andr\u00e9s Iniesta<\/strong> - Otro futbolista que demuestra su inter\u00e9s y compromiso con el p\u00e1del paralelamente a su carrera futbol\u00edstica.<\/li>\n<li><strong>Peter Sagan<\/strong> - El ciclista profesional eslovaco tambi\u00e9n es aficionado al p\u00e1del, lo que demuestra que el juego tiene atractivo m\u00e1s all\u00e1 del f\u00fatbol.<\/li>\n<li><strong>Carlo Ancelotti<\/strong> - El entrenador italiano, actualmente en el Real Madrid, es tambi\u00e9n un gran aficionado al p\u00e1del.<\/li>\n<\/ol>\n<p>&nbsp;<\/p>\n<h3>Y a los futbolistas profesionales alemanes tambi\u00e9n les gusta el p\u00e1del:<\/h3>\n<ol>\n<li><strong>J\u00fcrgen Klopp<\/strong> - El entrenador del Liverpool FC es conocido por su afici\u00f3n al p\u00e1del y lo ha compartido en entrevistas.<\/li>\n<li><strong>Thomas M\u00fcller<\/strong> - El jugador del FC Bayern de M\u00fanich ha hecho p\u00fablico su entusiasmo por el p\u00e1del.<\/li>\n<li><strong>Hansi Flick<\/strong> - El entrenador de f\u00fatbol alem\u00e1n, ex jugador del FC Bayern de M\u00fanich y ahora de la selecci\u00f3n alemana, tambi\u00e9n es aficionado al p\u00e1del.<\/li>\n<li><strong>Mario G\u00f6tze<\/strong> - El futbolista profesional ha mostrado su afici\u00f3n al p\u00e1del en las redes sociales.<\/li>\n<li>y muchos m\u00e1s \ud83d\ude42 .<\/li>\n<\/ol>\n<p>https:\/\/www.padel-test.de\/padel-wissen\/padel-regeln\/<\/p>","protected":false},"excerpt":{"rendered":"<p>Una comparaci\u00f3n entre el p\u00e1del y el tenis: dos deportes de raqueta que comparten lo necesario: una raqueta, una pelota y la voluntad absoluta de burlar al adversario con un golpe h\u00e1bil. Mientras que el tenis, con su prestigio secular, saluda al mundo del deporte como un caballero distinguido en Wimbledon, el p\u00e1del se escabulle con un gui\u00f1o y un choque de manos casual...<\/p>","protected":false},"author":1,"featured_media":12017,"parent":18170,"menu_order":0,"comment_status":"closed","ping_status":"closed","template":"","meta":{"_acf_changed":false,"_sitemap_exclude":false,"_sitemap_priority":"","_sitemap_frequency":"","_analytify_skip_tracking":false,"footnotes":""},"class_list":["post-20933","page","type-page","status-publish","has-post-thumbnail","hentry"],"acf":[],"_links":{"self":[{"href":"https:\/\/www.padel-test.de\/es\/wp-json\/wp\/v2\/pages\/20933","targetHints":{"allow":["GET"]}}],"collection":[{"href":"https:\/\/www.padel-test.de\/es\/wp-json\/wp\/v2\/pages"}],"about":[{"href":"https:\/\/www.padel-test.de\/es\/wp-json\/wp\/v2\/types\/page"}],"author":[{"embeddable":true,"href":"https:\/\/www.padel-test.de\/es\/wp-json\/wp\/v2\/users\/1"}],"replies":[{"embeddable":true,"href":"https:\/\/www.padel-test.de\/es\/wp-json\/wp\/v2\/comments?post=20933"}],"version-history":[{"count":0,"href":"https:\/\/www.padel-test.de\/es\/wp-json\/wp\/v2\/pages\/20933\/revisions"}],"up":[{"embeddable":true,"href":"https:\/\/www.padel-test.de\/es\/wp-json\/wp\/v2\/pages\/18170"}],"wp:featuredmedia":[{"embeddable":true,"href":"https:\/\/www.padel-test.de\/es\/wp-json\/wp\/v2\/media\/12017"}],"wp:attachment":[{"href":"https:\/\/www.padel-test.de\/es\/wp-json\/wp\/v2\/media?parent=20933"}],"curies":[{"name":"wp","href":"https:\/\/api.w.org\/{rel}","templated":true}]}}