{"id":17607,"date":"2022-10-31T22:59:02","date_gmt":"2022-10-31T22:59:02","guid":{"rendered":"http:\/\/www.padel-test.de\/padel-nachrichten\/padelplatz-kosten\/"},"modified":"2023-01-09T10:13:20","modified_gmt":"2023-01-09T10:13:20","slug":"cout-du-terrain-de-padel","status":"publish","type":"page","link":"https:\/\/www.padel-test.de\/fr\/savoir-padel\/cout-du-terrain-de-padel\/","title":{"rendered":"Co\u00fbts d'un terrain de padel - c'est le prix d'un terrain de padel !"},"content":{"rendered":"<h2 class=\"has-medium-font-size\">Combien co\u00fbte un terrain de padel ?<\/h2>\n<p>Nous entendons r\u00e9guli\u00e8rement cette question - mais il n'est malheureusement pas possible d'y r\u00e9pondre aussi simplement.<\/p>\n<p>Parce que<\/p>\n<ul>\n<li>S'agit-il de la construction d'un terrain de padel en plein air ?<\/li>\n<li>Ou de la transformation d'une salle de tennis en salle de padel ?<\/li>\n<li>Y a-t-il d\u00e9j\u00e0 des fondations correctes ?<\/li>\n<li>Quelles sont les diff\u00e9rences entre les diff\u00e9rents fabricants de courts de padel ?<\/li>\n<li>&#8230;<\/li>\n<\/ul>\n<p>Mais nous pouvons bien s\u00fbr d\u00e9j\u00e0 donner quelques r\u00e9ponses et un simple calcul approximatif !<\/p>\n<p>Une chose tout d'abord :<br \/>\nLa construction de courts de padel permet aux clubs de tennis non seulement de maintenir leur nombre de membres, mais aussi de le faire remonter.<\/p>\n<p>Et les chiffres d'affaires repartent naturellement \u00e0 la hausse !<\/p>\n<p>&nbsp;<\/p>\n<h3>Pourquoi ? Et quelle est la taille d'un terrain de padel ?<\/h3>\n<p>Parce qu'il est possible de construire 2 \u00e0 3 terrains de padel (10x20m chacun - c'est la taille d'un terrain de padel sans zone de d\u00e9gagement) sur un terrain de tennis ext\u00e9rieur.<\/p>\n<p>Il y a donc une bien meilleure utilisation de l'espace.<\/p>\n<p>&nbsp;<\/p>\n<p>Et alors que sur un court de tennis, on ne joue g\u00e9n\u00e9ralement qu'en simple (donc 2 joueurs), au padel, il n'y a toujours que des doubles ; il y a donc toujours 4 joueurs sur le court de padel (voir aussi <a href=\"\/fr\/savoir-padel\/regles-de-padel\/\">R\u00e8gles du padel<\/a>).<\/p>\n<p>Ainsi, lorsque 2 \u00e0 3 courts de padel sont utilis\u00e9s au maximum de leur capacit\u00e9, 8 \u00e0 12 joueurs de padel jouent simultan\u00e9ment sur la surface d'un court de tennis.<\/p>\n<p>M\u00eame si les tarifs du padel sont g\u00e9n\u00e9ralement moins \u00e9lev\u00e9s que ceux du tennis - avec une utilisation aussi importante de la surface, il est \u00e9vident que l'on peut g\u00e9n\u00e9rer plus de chiffre d'affaires au m\u00b2.<\/p>\n<p>&nbsp;<\/p>\n<p><strong>Mais un autre facteur entre en ligne de compte :<\/strong><\/p>\n<p>Plus de joueurs = plus de convivialit\u00e9.<\/p>\n<p>Le padel est un sport tr\u00e8s social. On aime s'asseoir ensemble apr\u00e8s le match et boire une ou deux bi\u00e8res. La gastronomie y trouve son compte.<\/p>\n<p>Dans ce contexte, c'est-\u00e0-dire l'augmentation des recettes, on peut aussi mieux situer les investissements dans la construction de terrains de padel.<\/p>\n<p>&nbsp;<\/p>\n<h3 class=\"has-medium-font-size\">Combien co\u00fbte un court de padel ?<\/h3>\n<p>Un terrain de padel indoor sans travaux de fondation co\u00fbte environ 15 000 \u00e0 25 000 euros, selon le constructeur du terrain de padel. Les courts panoramiques peuvent \u00eatre encore un peu plus chers, mais ils sont plus pour les yeux et ne sont pas obligatoires.<\/p>\n<p>Les travaux de fondation peuvent varier consid\u00e9rablement en fonction de la nature du sol ou de son utilisation ant\u00e9rieure. Il faut compter entre 10.000 et 20.000 euros. Il est \u00e9galement possible d'acheter un court de padel d'occasion - mais dans ce cas, il faut absolument aller voir le court de padel avant et r\u00e9gler contractuellement le transport et la construction de mani\u00e8re tr\u00e8s pr\u00e9cise.<\/p>\n<p>&nbsp;<\/p>\n<h3>Calcul pour la construction d'un terrain de padel<\/h3>\n<table style=\"height: 111px;\" width=\"619\">\n<thead>\n<tr class=\"ui-sortable\">\n<th class=\"wps-sort-row ui-sortable-handle\"><\/th>\n<th class=\"wps-sort-row ui-sortable-handle\">Co\u00fbts<\/th>\n<\/tr>\n<\/thead>\n<tbody>\n<tr>\n<td>Court de padel, y compris montage, statique &amp; contr\u00f4le<\/td>\n<td>21.500,- euros<\/td>\n<\/tr>\n<tr>\n<td>Travaux de fondation<\/td>\n<td>13 500 euros<\/td>\n<\/tr>\n<tr>\n<td><strong>Co\u00fbt total<\/strong><\/td>\n<td><strong>35 000 euros<\/strong><\/td>\n<\/tr>\n<\/tbody>\n<\/table>\n<p>&nbsp;<\/p>\n<p>&nbsp;<\/p>\n<p>Bien entendu, toutes les questions ne sont pas encore r\u00e9solues.<\/p>\n<p>Mais ici, vous pouvez voir les diff\u00e9rents <a href=\"\/fr\/constructeur-de-terrains-de-padel-2\/\">Comparer les fabricants de courts de padel<\/a> et <a href=\"\/fr\/savoir-padel\/construire-un-terrain-de-padel\/\">contacter<\/a>.<\/p>\n<p>Et ensuite, j'esp\u00e8re que vous aurez une r\u00e9ponse \u00e0 toutes vos questions \ud83d\ude42<\/p>","protected":false},"excerpt":{"rendered":"<p>Quel est le prix d'un terrain de padel ? Nous entendons souvent cette question - mais il n'est malheureusement pas possible d'y r\u00e9pondre aussi simplement. N\u00e9anmoins, vous trouverez ici un premier calcul approximatif ...<\/p>","protected":false},"author":1,"featured_media":14384,"parent":18170,"menu_order":0,"comment_status":"closed","ping_status":"closed","template":"","meta":{"_acf_changed":false,"_sitemap_exclude":false,"_sitemap_priority":"","_sitemap_frequency":"","_analytify_skip_tracking":false,"footnotes":""},"class_list":["post-17607","page","type-page","status-publish","has-post-thumbnail","hentry"],"acf":[],"_links":{"self":[{"href":"https:\/\/www.padel-test.de\/fr\/wp-json\/wp\/v2\/pages\/17607","targetHints":{"allow":["GET"]}}],"collection":[{"href":"https:\/\/www.padel-test.de\/fr\/wp-json\/wp\/v2\/pages"}],"about":[{"href":"https:\/\/www.padel-test.de\/fr\/wp-json\/wp\/v2\/types\/page"}],"author":[{"embeddable":true,"href":"https:\/\/www.padel-test.de\/fr\/wp-json\/wp\/v2\/users\/1"}],"replies":[{"embeddable":true,"href":"https:\/\/www.padel-test.de\/fr\/wp-json\/wp\/v2\/comments?post=17607"}],"version-history":[{"count":0,"href":"https:\/\/www.padel-test.de\/fr\/wp-json\/wp\/v2\/pages\/17607\/revisions"}],"up":[{"embeddable":true,"href":"https:\/\/www.padel-test.de\/fr\/wp-json\/wp\/v2\/pages\/18170"}],"wp:featuredmedia":[{"embeddable":true,"href":"https:\/\/www.padel-test.de\/fr\/wp-json\/wp\/v2\/media\/14384"}],"wp:attachment":[{"href":"https:\/\/www.padel-test.de\/fr\/wp-json\/wp\/v2\/media?parent=17607"}],"curies":[{"name":"wp","href":"https:\/\/api.w.org\/{rel}","templated":true}]}}