{"id":18154,"date":"2017-10-25T15:34:31","date_gmt":"2017-10-25T15:34:31","guid":{"rendered":"http:\/\/www.padel-test.de\/media\/"},"modified":"2025-08-05T21:02:31","modified_gmt":"2025-08-05T21:02:31","slug":"media","status":"publish","type":"page","link":"https:\/\/www.padel-test.de\/fr\/media\/","title":{"rendered":"Media"},"content":{"rendered":"<h1>Media<\/h1>\n<p>Padel-Test.de est le plus ancien portail sportif francophone sur le sport qui conna\u00eet la plus forte croissance au monde : le padel !<\/p>\n<p>Et Padel-Test cro\u00eet lui aussi rapidement d'ann\u00e9e en ann\u00e9e et est d\u00e9sormais publi\u00e9 en 8 langues dans le monde entier.<\/p>\n<p>Une port\u00e9e \u00e9lev\u00e9e tout en \u00e9tant tr\u00e8s cibl\u00e9e !<\/p>\n<p>Nous mettons \u00e9galement volontiers \u00e0 votre disposition nos donn\u00e9es m\u00e9diatiques :<\/p>\n<p><a href=\"https:\/\/www.ernsting.com\/kontakt\/media\/\" target=\"_blank\" rel=\"noopener noreferrer nofollow\">https:\/\/www.ernsting.com\/kontakt\/media\/<\/a><\/p>\n<p>&nbsp;<\/p>\n<p>Si vous \u00eates int\u00e9ress\u00e9 par des campagnes d'image ou de r\u00e9ponse sur Padel-Test.fr, n'h\u00e9sitez pas \u00e0 nous contacter.<\/p>\n<p>&nbsp;<\/p>\n\t\t\t\t\t\t\t\t<a href=\"https:\/\/www.facebook.com\/sharer.php?u=https:\/\/www.padel-test.de\/?page_id=18154&#038;fl_builder&#038;title=Media\">\n\t\t\t\t\t\t\t\t\t\t\t\tPartager sur Facebook\n\t\t\t\t\t\t\t\t\t<\/a>\n\t\t\t\t\t\t\t\t<a href=\"https:\/\/twitter.com\/intent\/tweet?url=https:\/\/www.padel-test.de\/?page_id=18154&#038;fl_builder&#038;text=Media\">\n\t\t\t\t\t\t\t\t\t\t\t\t\t<i>\ud835\udd4f<\/i>\n\t\t\t\t\t\t\t\t\t\t\t\tShare on X\n\t\t\t\t\t\t\t\t\t<\/a>\n\t\t\t\t\t\t\t\t<a href=\"https:\/\/www.linkedin.com\/shareArticle?mini=true&#038;url=https:\/\/www.padel-test.de\/?page_id=18154&#038;fl_builder&#038;title=Media\">\n\t\t\t\t\t\t\t\t\t\t\t\tPartager sur Linkedin\n\t\t\t\t\t\t\t\t\t<\/a>\n\t\t\t\t\t\t\t\t<a href=\"mailto:?body=https:\/\/www.padel-test.de\/?page_id=18154&#038;fl_builder\">\n\t\t\t\t\t\t\t\t\t\t\t\tPartager par e-mail\n\t\t\t\t\t\t\t\t\t<\/a>","protected":false},"excerpt":{"rendered":"<p>Media Padel-Test.de est le plus ancien portail sportif francophone sur le sport qui conna\u00eet la plus forte croissance au monde : le padel ! Et Padel-Test cro\u00eet lui aussi rapidement d'ann\u00e9e en ann\u00e9e et est d\u00e9sormais publi\u00e9 en 8 langues dans le monde entier. Une grande port\u00e9e et pourtant un groupe cible tr\u00e8s sp\u00e9cifique ! Nous mettons volontiers nos donn\u00e9es m\u00e9diatiques \u00e0 votre disposition : https:\/\/www.ernsting.com\/kontakt\/media\/ Si vous \u00eates int\u00e9ress\u00e9 par...<\/p>","protected":false},"author":1,"featured_media":0,"parent":0,"menu_order":7,"comment_status":"closed","ping_status":"closed","template":"","meta":{"_acf_changed":false,"_sitemap_exclude":false,"_sitemap_priority":"","_sitemap_frequency":"","_analytify_skip_tracking":false,"footnotes":""},"class_list":["post-18154","page","type-page","status-publish","hentry"],"acf":[],"_links":{"self":[{"href":"https:\/\/www.padel-test.de\/fr\/wp-json\/wp\/v2\/pages\/18154","targetHints":{"allow":["GET"]}}],"collection":[{"href":"https:\/\/www.padel-test.de\/fr\/wp-json\/wp\/v2\/pages"}],"about":[{"href":"https:\/\/www.padel-test.de\/fr\/wp-json\/wp\/v2\/types\/page"}],"author":[{"embeddable":true,"href":"https:\/\/www.padel-test.de\/fr\/wp-json\/wp\/v2\/users\/1"}],"replies":[{"embeddable":true,"href":"https:\/\/www.padel-test.de\/fr\/wp-json\/wp\/v2\/comments?post=18154"}],"version-history":[{"count":2,"href":"https:\/\/www.padel-test.de\/fr\/wp-json\/wp\/v2\/pages\/18154\/revisions"}],"predecessor-version":[{"id":24157,"href":"https:\/\/www.padel-test.de\/fr\/wp-json\/wp\/v2\/pages\/18154\/revisions\/24157"}],"wp:attachment":[{"href":"https:\/\/www.padel-test.de\/fr\/wp-json\/wp\/v2\/media?parent=18154"}],"curies":[{"name":"wp","href":"https:\/\/api.w.org\/{rel}","templated":true}]}}