{"id":18157,"date":"2017-10-26T09:38:06","date_gmt":"2017-10-26T09:38:06","guid":{"rendered":"http:\/\/www.padel-test.de\/newsletter\/"},"modified":"2022-10-31T22:34:44","modified_gmt":"2022-10-31T22:34:44","slug":"newsletter","status":"publish","type":"page","link":"https:\/\/www.padel-test.de\/fr\/newsletter\/","title":{"rendered":"Bulletin d'information"},"content":{"rendered":"<h1>Bulletin d'information Padel Test<\/h1>\r\n\t<h5>Inscription \u00e0 la newsletter<\/h5>\r\n<p>Durch Klicken auf &#8222;Abschicken&#8220; erkl\u00e4re ich mich mit der Verarbeitung meiner pers\u00f6nlichen Daten gem\u00e4\u00df der\u00a0<a href=\"\/fr\/mentions-legales-conditions-generales-protection-des-donnees\/\">D\u00e9claration de confidentialit\u00e9<\/a>\u00a0d'accord.<\/p>","protected":false},"excerpt":{"rendered":"<p>Padel Test Newsletter Newsletter Anmeldung Durch Klicken auf &#8222;Abschicken&#8220; erkl\u00e4re ich mich mit der Verarbeitung meiner pers\u00f6nlichen Daten gem\u00e4\u00df der\u00a0Datenschutzerkl\u00e4rung\u00a0einverstanden.<\/p>","protected":false},"author":1,"featured_media":0,"parent":0,"menu_order":12,"comment_status":"closed","ping_status":"closed","template":"","meta":{"_acf_changed":false,"_sitemap_exclude":false,"_sitemap_priority":"","_sitemap_frequency":"","_analytify_skip_tracking":false,"footnotes":""},"class_list":["post-18157","page","type-page","status-publish","hentry"],"acf":[],"_links":{"self":[{"href":"https:\/\/www.padel-test.de\/fr\/wp-json\/wp\/v2\/pages\/18157","targetHints":{"allow":["GET"]}}],"collection":[{"href":"https:\/\/www.padel-test.de\/fr\/wp-json\/wp\/v2\/pages"}],"about":[{"href":"https:\/\/www.padel-test.de\/fr\/wp-json\/wp\/v2\/types\/page"}],"author":[{"embeddable":true,"href":"https:\/\/www.padel-test.de\/fr\/wp-json\/wp\/v2\/users\/1"}],"replies":[{"embeddable":true,"href":"https:\/\/www.padel-test.de\/fr\/wp-json\/wp\/v2\/comments?post=18157"}],"version-history":[{"count":0,"href":"https:\/\/www.padel-test.de\/fr\/wp-json\/wp\/v2\/pages\/18157\/revisions"}],"wp:attachment":[{"href":"https:\/\/www.padel-test.de\/fr\/wp-json\/wp\/v2\/media?parent=18157"}],"curies":[{"name":"wp","href":"https:\/\/api.w.org\/{rel}","templated":true}]}}