{"id":18159,"date":"2017-10-26T09:39:36","date_gmt":"2017-10-26T09:39:36","guid":{"rendered":"http:\/\/www.padel-test.de\/padel-tennis\/"},"modified":"2022-11-28T21:31:13","modified_gmt":"2022-11-28T21:31:13","slug":"padel-tennis","status":"publish","type":"page","link":"https:\/\/www.padel-test.de\/fr\/savoir-padel\/padel-tennis\/","title":{"rendered":"Padel-Tennis"},"content":{"rendered":"<p><strong>Padel Tennis<\/strong> est un m\u00e9lange de tennis et de squash qui pr\u00e9sente l'\u00e9norme avantage de pouvoir commencer \u00e0 jouer d\u00e8s la premi\u00e8re heure d'entra\u00eenement. Le padel se joue toujours \u00e0 quatre, c'est-\u00e0-dire que deux doubles jouent l'un contre l'autre. Les balles utilis\u00e9es ressemblent tellement \u00e0 des balles de tennis qu'il est difficile de faire la diff\u00e9rence.<\/p>\r\n<p>En fait, les balles de padel et de tennis sont \u00e9galement identiques - mais elles ont une pression d'air diff\u00e9rente. <a href=\"https:\/\/www.padel-test.de\/fr\/savoir-padel\/palettes-de-padel\/\">Balles de padel<\/a> sont un peu plus souples et ne rebondissent pas aussi haut.<\/p>\r\n<p>Tu trouveras ici des explications sur ce qu'est exactement le <a href=\"\/fr\/savoir-padel\/palettes-de-padel\/\">Diff\u00e9rence entre les balles de tennis et les balles de padel<\/a> est<\/p>\r\n<p>Au padel, tu joues avec des raquettes de padel. Celles-ci sont \u00e0 peu pr\u00e8s de la m\u00eame taille que les raquettes de bacon, p\u00e8sent entre 350 et 400 grammes et sont g\u00e9n\u00e9ralement en carbone et\/ou en aluminium.<\/p>\r\n<p>Tu trouveras ici une description pr\u00e9cise de ce qui fait la particularit\u00e9 des raquettes de padel et de quel type de raquette il s'agit. <a href=\"\/fr\/savoir-padel\/raquettes-de-padel\/\">Raquettes de padel<\/a> \u00e0 quel type de joueur il convient le mieux.<\/p>\r\n<p>Il existe bien s\u00fbr d'autres similitudes entre le padel et le tennis. Par exemple, la mani\u00e8re de compter (0, 15, 30 et 40) ou les sets qui se jouent jusqu'\u00e0 6 et se d\u00e9partagent \u00e0 6:6 dans un tie break.<\/p>\r\n<p>&nbsp;<\/p>\r\n<p style=\"text-align: center;\"><strong>Vid\u00e9o de padel<\/strong><\/p>\r\n<p><iframe loading=\"lazy\" title=\"Lecteur vid\u00e9o YouTube\" src=\"https:\/\/www.youtube.com\/embed\/P6yfa7rfc6o\" width=\"840\" height=\"473\" frameborder=\"0\" allowfullscreen=\"allowfullscreen\"><\/iframe><\/p>\r\n<h2>Padel Tennis<\/h2>\r\n<p>Bien qu'il existe de nombreuses similitudes entre le tennis et le padel, les diff\u00e9rences l'emportent. Au plus tard lorsque tu te tiendras pour la premi\u00e8re fois sur un terrain de padel, tu <a href=\"\/fr\/savoir-padel\/differences-tennis-padel\/\">Diff\u00e9rences entre le tennis et le padel<\/a> remarquer. Heureusement, de nouveaux sites de padel sont ajout\u00e9s chaque mois, ce qui te permet de jouer au padel pr\u00e8s de chez toi.<\/p>\r\n<p>&nbsp;<\/p>\r\n<h3>Tennis en paddle<\/h3>\r\n<p>Certains parlent encore de paddle ou de paddle tennis. Mais dans les pays germanophones, le padel tennis ou simplement le paddle tennis s'est impos\u00e9. <strong>Padel<\/strong> est \u00e9tablie.<\/p>\r\n<p>Vous trouverez ci-dessous un aper\u00e7u des principaux sites de padel :<\/p>\r\n<ul>\r\n<li><a href=\"\/fr\/terrains-de-padel\/padel-tennis-berlin\/\">Padel Berlin<\/a><\/li>\r\n<li><a href=\"\/fr\/terrains-de-padel\/padel-bremen\/\">Padel Bremen<\/a><\/li>\r\n<li><a href=\"\/fr\/terrains-de-padel\/padel-cuxhaven\/\">Padel Cuxhaven<\/a><\/li>\r\n<li><a href=\"\/fr\/terrains-de-padel\/padel-frankfurt\/\">Padel Francfort<\/a><\/li>\r\n<li><a href=\"\/fr\/terrains-de-padel\/padel-hambourg\/\">Padel Hambourg<\/a><\/li>\r\n<li><a href=\"\/fr\/terrains-de-padel\/padel-karlsruhe\/\">Padel Karlsruhe<\/a><\/li>\r\n<li><a href=\"\/fr\/terrains-de-padel\/padel-koeln\/\">Padel Cologne<\/a><\/li>\r\n<li><a href=\"\/fr\/terrains-de-padel\/padel-muenchen\/\">Padel Munich<\/a><\/li>\r\n<li><a href=\"\/fr\/terrains-de-padel\/padel-region-de-la-ruhr\/\">Padel r\u00e9gion de la Ruhr<\/a><\/li>\r\n<li><a href=\"\/fr\/terrains-de-padel\/\">Carte des terrains de padel en Allemagne, Autriche &amp; Suisse<\/a><\/li>\r\n<li><a href=\"\/fr\/paddle-plaetze-deutschland\/\">Padel Allemagne<\/a><\/li>\r\n<li><a href=\"\/fr\/terrains-de-padel-en-autriche\/\">Padel Autriche<\/a><\/li>\r\n<li><a href=\"\/fr\/terrains-de-padel-suisse\/\">Padel Suisse<\/a><\/li>\r\n<li><a href=\"\/fr\/federation-allemande-de-padel\/\">F\u00e9d\u00e9ration de padel<\/a><\/li>\r\n<\/ul>\r\n<p>&nbsp;<\/p>\r\n<h3>Terrains de padel Allemagne<\/h3>\r\n<ul id=\"menu-padel-standorte-deutschland\">\r\n<li id=\"menu-item-2903\"><a href=\"https:\/\/www.padel-test.de\/fr\/paddle-plaetze-deutschland\/\">Sites de padel Allemagne<\/a><\/li>\r\n<li id=\"menu-item-3022\"><a href=\"https:\/\/www.padel-test.de\/fr\/padel-court4-baden-baden\/\">Padel Baden-Baden - Court4<\/a><\/li>\r\n<li><a href=\"\/fr\/sites-de-padel-2\/padel-world-bochum\/\">Padel Bochum<\/a><\/li>\r\n<li id=\"menu-item-2906\"><a href=\"https:\/\/www.padel-test.de\/fr\/padel-berlin-friedrichshain\/\">Padel Berlin - Friedrichshain<\/a><\/li>\r\n<li id=\"menu-item-2904\"><a href=\"https:\/\/www.padel-test.de\/fr\/padel-club-berlin-international\/\">Padel Berlin - Club International<\/a><\/li>\r\n<li id=\"menu-item-2905\"><a href=\"https:\/\/www.padel-test.de\/fr\/padel-berlin-reinickendorf\/\">Padel Berlin Reinickendorf<\/a><\/li>\r\n<li id=\"menu-item-3023\"><a href=\"https:\/\/www.padel-test.de\/fr\/padel-bremen-weyhe\/\">Padel Bremen - Weyhe<\/a><\/li>\r\n<li id=\"menu-item-3025\"><a href=\"https:\/\/www.padel-test.de\/fr\/padel-sc-cuxhaven\/\">Padel SC Cuxhaven<\/a><\/li>\r\n<li><a href=\"\/fr\/sites-de-padel-2\/padel-dortmund\/\">Padel Dortmund<\/a><\/li>\r\n<li id=\"menu-item-3027\"><a href=\"https:\/\/www.padel-test.de\/fr\/padel-tv-espelkamp\/\">Padel Espelkamp<\/a><\/li>\r\n<li id=\"menu-item-3028\"><a href=\"https:\/\/www.padel-test.de\/fr\/tvn-padel-essen\/\">Padel TVN Essen<\/a><\/li>\r\n<li id=\"menu-item-3029\"><a href=\"https:\/\/www.padel-test.de\/fr\/padel-francfort-niddapark\/\">Padel Francfort Niddapark<\/a><\/li>\r\n<li id=\"menu-item-3030\"><a href=\"https:\/\/www.padel-test.de\/fr\/padel-hambourg-sc-condor-2\/\">Padel Hambourg - Condor<\/a><\/li>\r\n<li id=\"menu-item-3031\"><a href=\"https:\/\/www.padel-test.de\/fr\/padel-hambourg-hsv\/\">Padel Hambourg HSV<\/a><\/li>\r\n<li id=\"menu-item-3032\"><a href=\"https:\/\/www.padel-test.de\/fr\/padel-heilbronn-schwaigern\/\">Padel Heilbronn-Schwaigern<\/a><\/li>\r\n<li id=\"menu-item-3033\"><a href=\"https:\/\/www.padel-test.de\/fr\/padel-point-center-herzebrock\/\">Padel Point Herzebrock<\/a><\/li>\r\n<li id=\"menu-item-3034\"><a href=\"https:\/\/www.padel-test.de\/fr\/padel-durlach-aue\/\">Padel Karlsruhe Durlach-Aue<\/a><\/li>\r\n<li id=\"menu-item-4097\"><a href=\"https:\/\/www.padel-test.de\/fr\/padel-tennis-ettlingen\/\">Padel Karlsruhe Ettlingen<\/a><\/li>\r\n<li id=\"menu-item-3035\"><a href=\"https:\/\/www.padel-test.de\/fr\/padel-karlsruhe-ketv\/\">Padel Karlsruhe KETV<\/a><\/li>\r\n<li id=\"menu-item-3036\"><a href=\"https:\/\/www.padel-test.de\/fr\/padel-karlsruhe-tc-groetzingen\/\">Padel Karlsruhe TC Gr\u00f6tzingen<\/a><\/li>\r\n<li id=\"menu-item-3037\"><a href=\"https:\/\/www.padel-test.de\/fr\/padel-colonia\/\">Padel Cologne - Colonia<\/a><\/li>\r\n<li id=\"menu-item-3038\"><a href=\"https:\/\/www.padel-test.de\/fr\/padel-koeln-walls\/\">Padel Cologne - Walls<\/a><\/li>\r\n<li id=\"menu-item-3039\"><a href=\"https:\/\/www.padel-test.de\/fr\/padel-club-muenchen\/\">Padel Munich - Club<\/a><\/li>\r\n<li id=\"menu-item-4287\"><a href=\"https:\/\/www.padel-test.de\/fr\/padel-muenchen-geretsried\/\">Padel Munich Geretsried<\/a><\/li>\r\n<li id=\"menu-item-3040\"><a href=\"https:\/\/www.padel-test.de\/fr\/padelwelt-muenchen\/\">Padel Munich - SportScheck<\/a><\/li>\r\n<li id=\"menu-item-3041\"><a href=\"https:\/\/www.padel-test.de\/fr\/padel-muenster\/\">Club de padel de M\u00fcnster<\/a><\/li>\r\n<li id=\"menu-item-3042\"><a href=\"https:\/\/www.padel-test.de\/fr\/padel-nuernberg-marienberg\/\">Padel N\u00fcrnberg - CAM<\/a><\/li>\r\n<li><a href=\"\/fr\/sites-de-padel-2\/parc-de-padel-osnabrueck-racket-sport\/\">Padel Osnabr\u00fcck<\/a><\/li>\r\n<li id=\"menu-item-3044\"><a href=\"https:\/\/www.padel-test.de\/fr\/padel-trier\/\">Padel Tr\u00e8ves<\/a><\/li>\r\n<li id=\"menu-item-3045\"><a href=\"https:\/\/www.padel-test.de\/fr\/padel-wiesbaden-wallau\/\">Padel RheinMain<\/a><\/li>\r\n<li id=\"menu-item-4279\"><a href=\"https:\/\/www.padel-test.de\/fr\/padel-tennis-werne\/\">Padel Base Werne<\/a><\/li>\r\n<li id=\"menu-item-3046\"><a href=\"https:\/\/www.padel-test.de\/fr\/padel-worms-2\/\">Padel Worms<\/a><\/li>\r\n<\/ul>\r\n<p>&nbsp;<\/p>\r\n<p>&nbsp;<\/p>","protected":false},"excerpt":{"rendered":"<p>Padel tennis : le padel tennis est un m\u00e9lange de tennis et de squash qui pr\u00e9sente l'\u00e9norme avantage de pouvoir commencer \u00e0 jouer d\u00e8s la premi\u00e8re heure d'entra\u00eenement. Le padel se joue toujours \u00e0 quatre, c'est-\u00e0-dire que deux doubles jouent l'un contre l'autre. On utilise des balles qui ressemblent tellement \u00e0 des balles de tennis que ...<\/p>","protected":false},"author":1,"featured_media":0,"parent":18170,"menu_order":8,"comment_status":"closed","ping_status":"closed","template":"","meta":{"_acf_changed":false,"_sitemap_exclude":false,"_sitemap_priority":"","_sitemap_frequency":"","_analytify_skip_tracking":false,"footnotes":""},"class_list":["post-18159","page","type-page","status-publish","hentry"],"acf":[],"_links":{"self":[{"href":"https:\/\/www.padel-test.de\/fr\/wp-json\/wp\/v2\/pages\/18159","targetHints":{"allow":["GET"]}}],"collection":[{"href":"https:\/\/www.padel-test.de\/fr\/wp-json\/wp\/v2\/pages"}],"about":[{"href":"https:\/\/www.padel-test.de\/fr\/wp-json\/wp\/v2\/types\/page"}],"author":[{"embeddable":true,"href":"https:\/\/www.padel-test.de\/fr\/wp-json\/wp\/v2\/users\/1"}],"replies":[{"embeddable":true,"href":"https:\/\/www.padel-test.de\/fr\/wp-json\/wp\/v2\/comments?post=18159"}],"version-history":[{"count":0,"href":"https:\/\/www.padel-test.de\/fr\/wp-json\/wp\/v2\/pages\/18159\/revisions"}],"up":[{"embeddable":true,"href":"https:\/\/www.padel-test.de\/fr\/wp-json\/wp\/v2\/pages\/18170"}],"wp:attachment":[{"href":"https:\/\/www.padel-test.de\/fr\/wp-json\/wp\/v2\/media?parent=18159"}],"curies":[{"name":"wp","href":"https:\/\/api.w.org\/{rel}","templated":true}]}}