{"id":18161,"date":"2017-12-23T20:05:11","date_gmt":"2017-12-23T20:05:11","guid":{"rendered":"http:\/\/www.padel-test.de\/padel-bundesliga\/"},"modified":"2022-11-01T19:55:41","modified_gmt":"2022-11-01T19:55:41","slug":"ligue-nationale-de-padel","status":"publish","type":"page","link":"https:\/\/www.padel-test.de\/fr\/ligue-nationale-de-padel\/","title":{"rendered":"Ligue f\u00e9d\u00e9rale de padel"},"content":{"rendered":"<p>Bient\u00f4t, pour la premi\u00e8re fois en Allemagne, il y aura aussi une ligue f\u00e9d\u00e9rale de padel !<\/p>\n<p>Le site <a href=\"\/fr\/federation-allemande-de-padel\/\">F\u00e9d\u00e9ration allemande de padel<\/a> a pris en charge l'organisation en tant qu'organisation fa\u00eeti\u00e8re du padel allemand et fournira prochainement des d\u00e9tails sur les calendriers et les dates des matchs, ainsi que sur les r\u00e8gles qui s'y rapportent.<\/p>\n<p>Les personnes int\u00e9ress\u00e9es par une participation \u00e0 la Padelbundesliga peuvent nous contacter directement. <a href=\"\/fr\/kontakt\/\">contacter<\/a>.<\/p>\n<p>Nous transmettons volontiers les demandes \u00e0 Deutsche Padel Bund.<\/p>\n<p>En attendant, tu peux par exemple participer au German Padel Tour et te mesurer aux meilleurs joueurs de padel.<\/p>\n<p>Tu trouveras ici un aper\u00e7u de tous les <a href=\"\/fr\/tournois-de-padel-2\/\">Tournois de padel<\/a>!<\/p>\n\t<h3>Terrains de padel de la Bundesliga - Carte<\/h3>\n\n<!-- iframe plugin v.6.0 wordpress.org\/plugins\/iframe\/ -->\n<iframe loading=\"lazy\" src=\"https:\/\/www.google.com\/maps\/d\/embed?mid=18OVW4FiG4noVz4vFAYmYzmjpOW8\" width=\"900\" 0=\"height=&quot;300&quot;&amp;gt;&amp;lt;\/iframe\" height=\"500\" scrolling=\"yes\" class=\"iframe-class\" frameborder=\"0\"><\/iframe>\n\n<h4>\n\t\tActualit\u00e9s de la Bundesliga Padel\n\t<\/h4>\n\t\t\t\t<a href=\"https:\/\/www.facebook.com\/sharer.php?u=https:\/\/www.padel-test.de\/?page_id=18161&#038;fl_builder&#038;title=Padel+Bundesliga\">\n\t\t\t\t\t\t\t\t\t\t\t\tPartager sur Facebook\n\t\t\t\t\t\t\t\t\t<\/a>\n\t\t\t\t<a href=\"https:\/\/twitter.com\/intent\/tweet?url=https:\/\/www.padel-test.de\/?page_id=18161&#038;fl_builder&#038;text=Padel+Bundesliga\">\n\t\t\t\t\t\t\t\t\t\t\t\tPartager sur Twitter\n\t\t\t\t\t\t\t\t\t<\/a>\n\t\t\t\t<a href=\"https:\/\/www.linkedin.com\/shareArticle?mini=true&#038;url=https:\/\/www.padel-test.de\/?page_id=18161&#038;fl_builder&#038;title=Padel+Bundesliga\">\n\t\t\t\t\t\t\t\t\t\t\t\tPartager sur Linkedin\n\t\t\t\t\t\t\t\t\t<\/a>\n\t\t\t\t<a href=\"mailto:?body=https:\/\/www.padel-test.de\/?page_id=18161&#038;fl_builder\">\n\t\t\t\t\t\t\t\t\t\t\t\tPartager par e-mail\n\t\t\t\t\t\t\t\t\t<\/a>","protected":false},"excerpt":{"rendered":"<p>Bient\u00f4t, une ligue f\u00e9d\u00e9rale de padel verra le jour pour la premi\u00e8re fois en Allemagne ! En tant qu'organisation fa\u00eeti\u00e8re du padel allemand, la Deutsche Padel Bund a pris en charge l'organisation et fournira prochainement des d\u00e9tails sur les calendriers et les dates des matchs, ainsi que sur les r\u00e8gles qui s'y rapportent. Les personnes int\u00e9ress\u00e9es par une participation \u00e0 la Padelbundesliga peuvent nous contacter directement. Nous dirigeons...<\/p>","protected":false},"author":1,"featured_media":18162,"parent":0,"menu_order":6,"comment_status":"open","ping_status":"open","template":"","meta":{"_acf_changed":false,"_sitemap_exclude":false,"_sitemap_priority":"","_sitemap_frequency":"","_analytify_skip_tracking":false,"footnotes":""},"class_list":["post-18161","page","type-page","status-publish","has-post-thumbnail","hentry"],"acf":[],"_links":{"self":[{"href":"https:\/\/www.padel-test.de\/fr\/wp-json\/wp\/v2\/pages\/18161","targetHints":{"allow":["GET"]}}],"collection":[{"href":"https:\/\/www.padel-test.de\/fr\/wp-json\/wp\/v2\/pages"}],"about":[{"href":"https:\/\/www.padel-test.de\/fr\/wp-json\/wp\/v2\/types\/page"}],"author":[{"embeddable":true,"href":"https:\/\/www.padel-test.de\/fr\/wp-json\/wp\/v2\/users\/1"}],"replies":[{"embeddable":true,"href":"https:\/\/www.padel-test.de\/fr\/wp-json\/wp\/v2\/comments?post=18161"}],"version-history":[{"count":0,"href":"https:\/\/www.padel-test.de\/fr\/wp-json\/wp\/v2\/pages\/18161\/revisions"}],"wp:featuredmedia":[{"embeddable":true,"href":"https:\/\/www.padel-test.de\/fr\/wp-json\/wp\/v2\/media\/18162"}],"wp:attachment":[{"href":"https:\/\/www.padel-test.de\/fr\/wp-json\/wp\/v2\/media?parent=18161"}],"curies":[{"name":"wp","href":"https:\/\/api.w.org\/{rel}","templated":true}]}}