{"id":18172,"date":"2017-10-26T09:56:19","date_gmt":"2017-10-26T09:56:19","guid":{"rendered":"http:\/\/www.padel-test.de\/padel-plaetze\/padel-tennis-berlin\/"},"modified":"2024-11-25T17:05:40","modified_gmt":"2024-11-25T17:05:40","slug":"padel-tennis-berlin","status":"publish","type":"page","link":"https:\/\/www.padel-test.de\/fr\/terrains-de-padel\/padel-tennis-berlin\/","title":{"rendered":"Padel Berlin"},"content":{"rendered":"<p>Berlin a \u00e9t\u00e9 l'un des premiers foyers du padel en Allemagne et reste l'un des principaux foyers du padel en Allemagne. Le plus ancien club de padel existant <a href=\"\/fr\/padel-berlin\/\">L'installation de padel est celle d'Alexander Hillbricht<\/a>L'entreprise a install\u00e9 sa propre salle de padel en plus de deux courts de padel ext\u00e9rieurs.<\/p>\n<p>So kann man drinnen und drau\u00dfen spielen &#8211; das war zum Zeitpunkt der Er\u00f6ffnung in Deutschland so bisher einzigartig. Ein echter Pionier Padel Standort!<\/p>\n<h3><strong>Padel Berlin - Padel FC<\/strong><\/h3>\n<p>Ici, la soci\u00e9t\u00e9 de padel de J<a href=\"\/fr\/savoir-padel\/fans-de-padel\/juergen-klopp-padel-tennis\/\" target=\"_blank\" rel=\"noopener\">J\u00fcrgen Klopp<\/a> et son fils Marc ont ouvert leur premier site de padel :<\/p>\n<p><a href=\"\/fr\/sites-de-padel-2\/padel-fc-berlin-rummelsburg\/\" target=\"_blank\" rel=\"noopener\">Padel FC Berlin<\/a><\/p>\n<p>7 topmoderne Indoor Padelcourts &#8211; im gleichen Flair wie fr\u00fcher bei Ralf Stoffers Playthewall in einer alten Batteriefabrik. Allerdings sollte man sich hier zumindest im Winter dick anziehen.<\/p>\n<h3>Padel Reinickendorfer F\u00fcchse<\/h3>\n<p>Une autre <a href=\"\/fr\/padel-berlin-reinickendorf\/\">L'installation de padel de Berlin se trouve chez les Reinickendorfer F\u00fcchsen<\/a> &#8211; bisher steht hier zwar nur ein Padelplatz, aber es gibt Planungen hier einen der gr\u00f6\u00dften <strong>Sites de padel \u00e0 Berlin<\/strong> \u00e0 construire !<\/p>\n<p>Autrefois, il y avait m\u00eame un autre terrain de padel \u00e0 Berlin. Beaucoup de pionniers du padel n'oublieront pas l'atmosph\u00e8re incomparable de la salle de padel de Ralf Stoffers (Play the Wall) (voir \"Mais o\u00f9 que ce soit \u00e0 Berlin\"), <a href=\"\/fr\/padel-tennis\/\">Padel Tennis<\/a> est d\u00e9sormais bien \u00e9tabli dans le programme sportif de la capitale !<\/p>\n\t<h3>Terrains de paddle tennis - Carte<\/h3>\n\n<!-- iframe plugin v.6.0 wordpress.org\/plugins\/iframe\/ -->\n<iframe loading=\"lazy\" src=\"https:\/\/www.google.com\/maps\/d\/embed?mid=18OVW4FiG4noVz4vFAYmYzmjpOW8\" width=\"900\" 0=\"height=&quot;300&quot;&amp;gt;&amp;lt;\/iframe\" height=\"500\" scrolling=\"yes\" class=\"iframe-class\" frameborder=\"0\"><\/iframe>\n\n<h4>\n\t\tActualit\u00e9s du padel\n\t<\/h4>\n\t\t\t\t\t\t\t\t<a href=\"https:\/\/www.facebook.com\/sharer.php?u=https:\/\/www.padel-test.de\/?page_id=18172&#038;fl_builder&#038;title=Padel+Berlin\">\n\t\t\t\t\t\t\t\t\t\t\t\tPartager sur Facebook\n\t\t\t\t\t\t\t\t\t<\/a>\n\t\t\t\t\t\t\t\t<a href=\"https:\/\/twitter.com\/intent\/tweet?url=https:\/\/www.padel-test.de\/?page_id=18172&#038;fl_builder&#038;text=Padel+Berlin\">\n\t\t\t\t\t\t\t\t\t\t\t\t\t<i>\ud835\udd4f<\/i>\n\t\t\t\t\t\t\t\t\t\t\t\tShare on X\n\t\t\t\t\t\t\t\t\t<\/a>\n\t\t\t\t\t\t\t\t<a href=\"https:\/\/www.linkedin.com\/shareArticle?mini=true&#038;url=https:\/\/www.padel-test.de\/?page_id=18172&#038;fl_builder&#038;title=Padel+Berlin\">\n\t\t\t\t\t\t\t\t\t\t\t\tPartager sur Linkedin\n\t\t\t\t\t\t\t\t\t<\/a>\n\t\t\t\t\t\t\t\t<a href=\"mailto:?body=https:\/\/www.padel-test.de\/?page_id=18172&#038;fl_builder\">\n\t\t\t\t\t\t\t\t\t\t\t\tPartager par e-mail\n\t\t\t\t\t\t\t\t\t<\/a>","protected":false},"excerpt":{"rendered":"<p>Berlin war eine der ersten Padel Hochburgen in Deutschland und ist immer noch eine der f\u00fchrenden Padelhochburgen Deutschlands. Die \u00e4lteste bestehende Padel Anlage ist die von Alexander Hillbricht, der neben zwei Outdoor Padelcourts auch eine eigene Padelhalle installiert hat. So kann man drinnen und drau\u00dfen spielen &#8211; das war zum Zeitpunkt der Er\u00f6ffnung in Deutschland&hellip;<\/p>","protected":false},"author":1,"featured_media":16683,"parent":18160,"menu_order":8,"comment_status":"closed","ping_status":"closed","template":"","meta":{"_acf_changed":false,"_sitemap_exclude":false,"_sitemap_priority":"","_sitemap_frequency":"","_analytify_skip_tracking":false,"footnotes":""},"class_list":["post-18172","page","type-page","status-publish","has-post-thumbnail","hentry"],"acf":[],"_links":{"self":[{"href":"https:\/\/www.padel-test.de\/fr\/wp-json\/wp\/v2\/pages\/18172","targetHints":{"allow":["GET"]}}],"collection":[{"href":"https:\/\/www.padel-test.de\/fr\/wp-json\/wp\/v2\/pages"}],"about":[{"href":"https:\/\/www.padel-test.de\/fr\/wp-json\/wp\/v2\/types\/page"}],"author":[{"embeddable":true,"href":"https:\/\/www.padel-test.de\/fr\/wp-json\/wp\/v2\/users\/1"}],"replies":[{"embeddable":true,"href":"https:\/\/www.padel-test.de\/fr\/wp-json\/wp\/v2\/comments?post=18172"}],"version-history":[{"count":1,"href":"https:\/\/www.padel-test.de\/fr\/wp-json\/wp\/v2\/pages\/18172\/revisions"}],"predecessor-version":[{"id":21306,"href":"https:\/\/www.padel-test.de\/fr\/wp-json\/wp\/v2\/pages\/18172\/revisions\/21306"}],"up":[{"embeddable":true,"href":"https:\/\/www.padel-test.de\/fr\/wp-json\/wp\/v2\/pages\/18160"}],"wp:featuredmedia":[{"embeddable":true,"href":"https:\/\/www.padel-test.de\/fr\/wp-json\/wp\/v2\/media\/16683"}],"wp:attachment":[{"href":"https:\/\/www.padel-test.de\/fr\/wp-json\/wp\/v2\/media?parent=18172"}],"curies":[{"name":"wp","href":"https:\/\/api.w.org\/{rel}","templated":true}]}}