{"id":18178,"date":"2017-10-26T10:06:22","date_gmt":"2017-10-26T10:06:22","guid":{"rendered":"http:\/\/www.padel-test.de\/padel-plaetze\/padel-hamburg\/"},"modified":"2022-11-01T18:42:36","modified_gmt":"2022-11-01T18:42:36","slug":"padel-hambourg","status":"publish","type":"page","link":"https:\/\/www.padel-test.de\/fr\/terrains-de-padel\/padel-hambourg\/","title":{"rendered":"Padel Hambourg"},"content":{"rendered":"<p>Il existe d\u00e9j\u00e0 deux installations de padel \u00e0 Hambourg. Tim Neidhart et sa femme Bernadett exploitent avec succ\u00e8s deux terrains de padel en plein air au SC Condor \u00e0 Farmsen. <a href=\"\/fr\/padel-hambourg-sc-condor-2\/\">Padel Condor<\/a> et les remplit de vie avec les \u00e9v\u00e9nements les plus divers.<\/p>\n<p>Qu'il s'agisse d'un <a href=\"\/fr\/tournois-de-padel-2\/\">Tournoi de padel<\/a> ou camp de vacances de padel-tennis pour enfants ou entra\u00eenement professionnel de padel avec les cracks du padel de Padeltrainer.com en Andalousie.<\/p>\n<p>Et entre-temps, le Hamburger Sport Verein a lui aussi son propre terrain de padel (le terrain de padel du HSV Fu\u00dfball AG est un terrain non ouvert au public !) voir aussi <a href=\"\/fr\/padel-hambourg-hsv\/\"><strong>Terrain de padel HSV<\/strong><\/a>.<\/p>\n<p>Un troisi\u00e8me site de padel est en cours de planification \u00e0 Hambourg (voir aussi <a href=\"\/fr\/paddle-plaetze-deutschland\/\">Terrains de padel Allemagne<\/a>). Des informations suivront prochainement.<\/p>\n<p>Conclusion : il se passe beaucoup de choses \u00e0 Hambourg en mati\u00e8re de pagaie !<\/p>\n\t<h3>Terrains de paddle tennis - Carte<\/h3>\n\n<!-- iframe plugin v.6.0 wordpress.org\/plugins\/iframe\/ -->\n<iframe loading=\"lazy\" src=\"https:\/\/www.google.com\/maps\/d\/embed?mid=18OVW4FiG4noVz4vFAYmYzmjpOW8\" width=\"900\" 0=\"height=&quot;300&quot;&amp;gt;&amp;lt;\/iframe\" height=\"500\" scrolling=\"yes\" class=\"iframe-class\" frameborder=\"0\"><\/iframe>\n\n<h4>\n\t\tActualit\u00e9s du padel \u00e0 Hambourg\n\t<\/h4>\n\t\t\t\t<a href=\"https:\/\/www.facebook.com\/sharer.php?u=https:\/\/www.padel-test.de\/?page_id=18178&#038;fl_builder&#038;title=Padel+Hamburg\">\n\t\t\t\t\t\t\t\t\t\t\t\tPartager sur Facebook\n\t\t\t\t\t\t\t\t\t<\/a>\n\t\t\t\t<a href=\"https:\/\/twitter.com\/intent\/tweet?url=https:\/\/www.padel-test.de\/?page_id=18178&#038;fl_builder&#038;text=Padel+Hamburg\">\n\t\t\t\t\t\t\t\t\t\t\t\tPartager sur Twitter\n\t\t\t\t\t\t\t\t\t<\/a>\n\t\t\t\t<a href=\"https:\/\/www.linkedin.com\/shareArticle?mini=true&#038;url=https:\/\/www.padel-test.de\/?page_id=18178&#038;fl_builder&#038;title=Padel+Hamburg\">\n\t\t\t\t\t\t\t\t\t\t\t\tPartager sur Linkedin\n\t\t\t\t\t\t\t\t\t<\/a>\n\t\t\t\t<a href=\"mailto:?body=https:\/\/www.padel-test.de\/?page_id=18178&#038;fl_builder\">\n\t\t\t\t\t\t\t\t\t\t\t\tPartager par e-mail\n\t\t\t\t\t\t\t\t\t<\/a>","protected":false},"excerpt":{"rendered":"<p>Il existe d\u00e9j\u00e0 deux installations de padel \u00e0 Hambourg - Tim Neidhart y exploite avec succ\u00e8s, avec sa femme Bernadett, deux terrains de padel ext\u00e9rieurs du nom de Padel Condor au SC Condor \u00e0 Farmsen et les remplit de vie avec les \u00e9v\u00e9nements les plus divers. Qu'il s'agisse d'un tournoi de padel de haut niveau, d'un camp de vacances de padel pour enfants ou d'un entra\u00eenement professionnel de padel avec les cracks du padel de...<\/p>","protected":false},"author":1,"featured_media":16842,"parent":18160,"menu_order":11,"comment_status":"open","ping_status":"open","template":"","meta":{"_acf_changed":false,"_sitemap_exclude":false,"_sitemap_priority":"","_sitemap_frequency":"","_analytify_skip_tracking":false,"footnotes":""},"class_list":["post-18178","page","type-page","status-publish","has-post-thumbnail","hentry"],"acf":[],"_links":{"self":[{"href":"https:\/\/www.padel-test.de\/fr\/wp-json\/wp\/v2\/pages\/18178","targetHints":{"allow":["GET"]}}],"collection":[{"href":"https:\/\/www.padel-test.de\/fr\/wp-json\/wp\/v2\/pages"}],"about":[{"href":"https:\/\/www.padel-test.de\/fr\/wp-json\/wp\/v2\/types\/page"}],"author":[{"embeddable":true,"href":"https:\/\/www.padel-test.de\/fr\/wp-json\/wp\/v2\/users\/1"}],"replies":[{"embeddable":true,"href":"https:\/\/www.padel-test.de\/fr\/wp-json\/wp\/v2\/comments?post=18178"}],"version-history":[{"count":0,"href":"https:\/\/www.padel-test.de\/fr\/wp-json\/wp\/v2\/pages\/18178\/revisions"}],"up":[{"embeddable":true,"href":"https:\/\/www.padel-test.de\/fr\/wp-json\/wp\/v2\/pages\/18160"}],"wp:featuredmedia":[{"embeddable":true,"href":"https:\/\/www.padel-test.de\/fr\/wp-json\/wp\/v2\/media\/16842"}],"wp:attachment":[{"href":"https:\/\/www.padel-test.de\/fr\/wp-json\/wp\/v2\/media?parent=18178"}],"curies":[{"name":"wp","href":"https:\/\/api.w.org\/{rel}","templated":true}]}}