{"id":18181,"date":"2017-10-26T10:14:37","date_gmt":"2017-10-26T10:14:37","guid":{"rendered":"http:\/\/www.padel-test.de\/padel-plaetze\/padel-karlsruhe\/"},"modified":"2022-11-01T18:48:41","modified_gmt":"2022-11-01T18:48:41","slug":"padel-karlsruhe","status":"publish","type":"page","link":"https:\/\/www.padel-test.de\/fr\/terrains-de-padel\/padel-karlsruhe\/","title":{"rendered":"Padel Karlsruhe"},"content":{"rendered":"<p>A Karlsruhe, il y a actuellement 4 installations o\u00f9 l'on peut jouer au padel. Ce sont <a href=\"\/fr\/padel-durlach-aue\/\">Padel Durlach-Aue<\/a>, <a href=\"\/fr\/padel-karlsruhe-ketv\/\">Padel au KETV<\/a> et <a href=\"\/fr\/padel-karlsruhe-tc-groetzingen\/\">Padel Gr\u00f6tzingen<\/a>\u00a0ainsi que du padel en salle \u00e0 <a href=\"\/fr\/padel-tennis-ettlingen\/\">Salle de padel d'Ettlingen<\/a>.<\/p>\n<p>Ces 4\u00a0<a href=\"\/fr\/terrains-de-padel\/\">Sites de padel<\/a> ne sont pas seulement utilis\u00e9s par de nombreux joueurs de padel amateurs, mais accueillent aussi souvent des comp\u00e9titions de padel. <a href=\"\/fr\/tournois-de-padel-2\/\">Tournois de padel<\/a> et des championnats de padel (par exemple le championnat de padel d'Allemagne du Sud).<\/p>\n<p>L'universit\u00e9 de Karlsruhe a \u00e9galement int\u00e9gr\u00e9 le padel dans son programme de sport universitaire et propose des cours de padel. <\/p>\n<p>A l'avenir, l'universit\u00e9 de Karlsruhe veut m\u00eame cr\u00e9er ses propres <a href=\"\/fr\/constructeur-de-terrains-de-padel-2\/\">Construire des terrains de padel<\/a> et l'exploiter.<\/p>\n\t<h3>Terrains de paddle tennis - Carte<\/h3>\n\n<!-- iframe plugin v.6.0 wordpress.org\/plugins\/iframe\/ -->\n<iframe loading=\"lazy\" src=\"https:\/\/www.google.com\/maps\/d\/embed?mid=18OVW4FiG4noVz4vFAYmYzmjpOW8\" width=\"900\" 0=\"height=&quot;300&quot;&amp;gt;&amp;lt;\/iframe\" height=\"500\" scrolling=\"yes\" class=\"iframe-class\" frameborder=\"0\"><\/iframe>\n\n<h4>\n\t\tActualit\u00e9s Padel Karlsruhe\n\t<\/h4>\n\t\t\t\t<a href=\"https:\/\/www.facebook.com\/sharer.php?u=https:\/\/www.padel-test.de\/?page_id=18181&#038;fl_builder&#038;title=Padel+Karlsruhe\">\n\t\t\t\t\t\t\t\t\t\t\t\tPartager sur Facebook\n\t\t\t\t\t\t\t\t\t<\/a>\n\t\t\t\t<a href=\"https:\/\/twitter.com\/intent\/tweet?url=https:\/\/www.padel-test.de\/?page_id=18181&#038;fl_builder&#038;text=Padel+Karlsruhe\">\n\t\t\t\t\t\t\t\t\t\t\t\tPartager sur Twitter\n\t\t\t\t\t\t\t\t\t<\/a>\n\t\t\t\t<a href=\"https:\/\/www.linkedin.com\/shareArticle?mini=true&#038;url=https:\/\/www.padel-test.de\/?page_id=18181&#038;fl_builder&#038;title=Padel+Karlsruhe\">\n\t\t\t\t\t\t\t\t\t\t\t\tPartager sur Linkedin\n\t\t\t\t\t\t\t\t\t<\/a>\n\t\t\t\t<a href=\"mailto:?body=https:\/\/www.padel-test.de\/?page_id=18181&#038;fl_builder\">\n\t\t\t\t\t\t\t\t\t\t\t\tPartager par e-mail\n\t\t\t\t\t\t\t\t\t<\/a>","protected":false},"excerpt":{"rendered":"<p>A Karlsruhe, il y a actuellement 4 installations o\u00f9 l'on peut jouer au padel. Il s'agit du padel de Durlach-Aue, du padel du KETV, du padel de Gr\u00f6tzingen et du padel en salle \u00e0 Ettlingen. Ces 4 sites de padel ne sont pas seulement utilis\u00e9s par de nombreux joueurs de padel amateurs, mais accueillent aussi souvent des tournois et des championnats de padel (par ex. le championnat d'Allemagne du Sud...<\/p>","protected":false},"author":1,"featured_media":16821,"parent":18160,"menu_order":12,"comment_status":"open","ping_status":"open","template":"","meta":{"_acf_changed":false,"_sitemap_exclude":false,"_sitemap_priority":"","_sitemap_frequency":"","_analytify_skip_tracking":false,"footnotes":""},"class_list":["post-18181","page","type-page","status-publish","has-post-thumbnail","hentry"],"acf":[],"_links":{"self":[{"href":"https:\/\/www.padel-test.de\/fr\/wp-json\/wp\/v2\/pages\/18181","targetHints":{"allow":["GET"]}}],"collection":[{"href":"https:\/\/www.padel-test.de\/fr\/wp-json\/wp\/v2\/pages"}],"about":[{"href":"https:\/\/www.padel-test.de\/fr\/wp-json\/wp\/v2\/types\/page"}],"author":[{"embeddable":true,"href":"https:\/\/www.padel-test.de\/fr\/wp-json\/wp\/v2\/users\/1"}],"replies":[{"embeddable":true,"href":"https:\/\/www.padel-test.de\/fr\/wp-json\/wp\/v2\/comments?post=18181"}],"version-history":[{"count":0,"href":"https:\/\/www.padel-test.de\/fr\/wp-json\/wp\/v2\/pages\/18181\/revisions"}],"up":[{"embeddable":true,"href":"https:\/\/www.padel-test.de\/fr\/wp-json\/wp\/v2\/pages\/18160"}],"wp:featuredmedia":[{"embeddable":true,"href":"https:\/\/www.padel-test.de\/fr\/wp-json\/wp\/v2\/media\/16821"}],"wp:attachment":[{"href":"https:\/\/www.padel-test.de\/fr\/wp-json\/wp\/v2\/media?parent=18181"}],"curies":[{"name":"wp","href":"https:\/\/api.w.org\/{rel}","templated":true}]}}