{"id":18183,"date":"2017-10-26T10:17:28","date_gmt":"2017-10-26T10:17:28","guid":{"rendered":"http:\/\/www.padel-test.de\/padel-plaetze\/padel-koeln\/"},"modified":"2022-11-01T18:58:33","modified_gmt":"2022-11-01T18:58:33","slug":"padel-koeln","status":"publish","type":"page","link":"https:\/\/www.padel-test.de\/fr\/terrains-de-padel\/padel-koeln\/","title":{"rendered":"Padel Cologne"},"content":{"rendered":"<p>Il existe actuellement 3 centres de padel \u00e0 Cologne - d'une part le K\u00f6lner Outdoor <a href=\"\/fr\/padel-colonia\/\">Terrains de padel de l'universit\u00e9 de Cologne<\/a> et d'autre part, 4 terrains de padel indoor en <a href=\"\/fr\/padel-koeln-walls\/\">Padelbox Walls Cologne<\/a> ainsi que, juste \u00e0 c\u00f4t\u00e9, des courts de padel ext\u00e9rieurs au TC Weiden K\u00f6ln.<\/p>\n<p>Ainsi, on trouve \u00e0 Cologne, quelles que soient les conditions m\u00e9t\u00e9orologiques, la possibilit\u00e9 optimale de jouer un match de padel.<\/p>\n<p>Mais Cologne n'est pas seulement un endroit g\u00e9nial pour les joueurs de padel locaux - les nombreux joueurs les mieux class\u00e9s y sont \u00e9galement pr\u00e9sents. <a href=\"\/fr\/tournois-de-padel-2\/\">Tournois de paddle<\/a> avec des joueurs de padel internationaux venus des Pays-Bas, de Belgique, de Su\u00e8de, d'Espagne et de bien d'autres pays ont entre-temps valu \u00e0 Cologne une r\u00e9putation plus que respectable sur la sc\u00e8ne du padel allemand !<\/p>\n\t<h3>Terrains de padeltennis - Carte<\/h3>\n\n<!-- iframe plugin v.6.0 wordpress.org\/plugins\/iframe\/ -->\n<iframe loading=\"lazy\" src=\"https:\/\/www.google.com\/maps\/d\/embed?mid=18OVW4FiG4noVz4vFAYmYzmjpOW8\" width=\"900\" 0=\"height=&quot;300&quot;&amp;gt;&amp;lt;\/iframe\" height=\"500\" scrolling=\"yes\" class=\"iframe-class\" frameborder=\"0\"><\/iframe>\n\n<h4>\n\t\tActualit\u00e9s du padel \u00e0 Cologne\n\t<\/h4>\n\t\t\t\t<a href=\"https:\/\/www.facebook.com\/sharer.php?u=https:\/\/www.padel-test.de\/?page_id=18183&#038;fl_builder&#038;title=Padel+K%C3%B6ln\">\n\t\t\t\t\t\t\t\t\t\t\t\tPartager sur Facebook\n\t\t\t\t\t\t\t\t\t<\/a>\n\t\t\t\t<a href=\"https:\/\/twitter.com\/intent\/tweet?url=https:\/\/www.padel-test.de\/?page_id=18183&#038;fl_builder&#038;text=Padel+K%C3%B6ln\">\n\t\t\t\t\t\t\t\t\t\t\t\tPartager sur Twitter\n\t\t\t\t\t\t\t\t\t<\/a>\n\t\t\t\t<a href=\"https:\/\/www.linkedin.com\/shareArticle?mini=true&#038;url=https:\/\/www.padel-test.de\/?page_id=18183&#038;fl_builder&#038;title=Padel+K%C3%B6ln\">\n\t\t\t\t\t\t\t\t\t\t\t\tPartager sur Linkedin\n\t\t\t\t\t\t\t\t\t<\/a>\n\t\t\t\t<a href=\"mailto:?body=https:\/\/www.padel-test.de\/?page_id=18183&#038;fl_builder\">\n\t\t\t\t\t\t\t\t\t\t\t\tPartager par e-mail\n\t\t\t\t\t\t\t\t\t<\/a>","protected":false},"excerpt":{"rendered":"<p>A Cologne, il y a actuellement 3 installations sportives de padel - d'une part les terrains de padel ext\u00e9rieurs de l'universit\u00e9 de Cologne et d'autre part 4 terrains de padel int\u00e9rieurs \u00e0 la Padelbox Walls K\u00f6ln ainsi que, juste \u00e0 c\u00f4t\u00e9, des courts de padel ext\u00e9rieurs au TC Weiden K\u00f6ln. Ainsi, on trouve \u00e0 Cologne la possibilit\u00e9 optimale de disputer un match de padel par tous les temps....<\/p>","protected":false},"author":1,"featured_media":16743,"parent":18160,"menu_order":13,"comment_status":"open","ping_status":"open","template":"","meta":{"_acf_changed":false,"_sitemap_exclude":false,"_sitemap_priority":"","_sitemap_frequency":"","_analytify_skip_tracking":false,"footnotes":""},"class_list":["post-18183","page","type-page","status-publish","has-post-thumbnail","hentry"],"acf":[],"_links":{"self":[{"href":"https:\/\/www.padel-test.de\/fr\/wp-json\/wp\/v2\/pages\/18183","targetHints":{"allow":["GET"]}}],"collection":[{"href":"https:\/\/www.padel-test.de\/fr\/wp-json\/wp\/v2\/pages"}],"about":[{"href":"https:\/\/www.padel-test.de\/fr\/wp-json\/wp\/v2\/types\/page"}],"author":[{"embeddable":true,"href":"https:\/\/www.padel-test.de\/fr\/wp-json\/wp\/v2\/users\/1"}],"replies":[{"embeddable":true,"href":"https:\/\/www.padel-test.de\/fr\/wp-json\/wp\/v2\/comments?post=18183"}],"version-history":[{"count":0,"href":"https:\/\/www.padel-test.de\/fr\/wp-json\/wp\/v2\/pages\/18183\/revisions"}],"up":[{"embeddable":true,"href":"https:\/\/www.padel-test.de\/fr\/wp-json\/wp\/v2\/pages\/18160"}],"wp:featuredmedia":[{"embeddable":true,"href":"https:\/\/www.padel-test.de\/fr\/wp-json\/wp\/v2\/media\/16743"}],"wp:attachment":[{"href":"https:\/\/www.padel-test.de\/fr\/wp-json\/wp\/v2\/media?parent=18183"}],"curies":[{"name":"wp","href":"https:\/\/api.w.org\/{rel}","templated":true}]}}