{"id":18185,"date":"2017-11-09T13:07:08","date_gmt":"2017-11-09T13:07:08","guid":{"rendered":"http:\/\/www.padel-test.de\/padel-plaetze\/padel-frankfurt\/"},"modified":"2022-11-01T19:32:13","modified_gmt":"2022-11-01T19:32:13","slug":"padel-frankfurt","status":"publish","type":"page","link":"https:\/\/www.padel-test.de\/fr\/terrains-de-padel\/padel-frankfurt\/","title":{"rendered":"Padel Francfort"},"content":{"rendered":"<p>En Hesse, on peut jouer au padel surtout \u00e0 Francfort-sur-le-Main et dans ses environs. Un court est disponible chez <a href=\"\/fr\/padel-francfort-niddapark\/\">Padel Francfort Niddapark<\/a>. Depuis l'ach\u00e8vement du terrain de padel en plein air, plusieurs tournois de haut niveau et championnats nationaux de padel ont d\u00e9j\u00e0 \u00e9t\u00e9 organis\u00e9s ici !<\/p>\n<p>Un peu plus loin, en direction du Taunus, se trouve <a href=\"\/fr\/padel-wiesbaden-wallau\/\">Padel RheinMain Wiesbaden-Wallau<\/a>. Sur le terrain multisports, il est possible de jouer sur deux courts de padel int\u00e9rieurs dot\u00e9s d'un \u00e9quipement moderne. Gr\u00e2ce \u00e0 l'\u00e9cole de padel qualifi\u00e9e, chaque personne int\u00e9ress\u00e9e peut tester le padel et d\u00e9velopper ses comp\u00e9tences.<\/p>\n<p>Pour Wiesbaden-Schierstein, deux courts de padel sont \u00e9galement pr\u00e9vus.<\/p>\n\t<h3>Terrains de paddle tennis - Carte<\/h3>\n\n<!-- iframe plugin v.6.0 wordpress.org\/plugins\/iframe\/ -->\n<iframe loading=\"lazy\" src=\"https:\/\/www.google.com\/maps\/d\/embed?mid=18OVW4FiG4noVz4vFAYmYzmjpOW8\" width=\"900\" 0=\"height=&quot;300&quot;&amp;gt;&amp;lt;\/iframe\" height=\"500\" scrolling=\"yes\" class=\"iframe-class\" frameborder=\"0\"><\/iframe>\n\n<h4>\n\t\tActualit\u00e9s du padel\n\t<\/h4>\n\t\t\t\t<a href=\"https:\/\/www.facebook.com\/sharer.php?u=https:\/\/www.padel-test.de\/?page_id=18185&#038;fl_builder&#038;title=Padel+Frankfurt\">\n\t\t\t\t\t\t\t\t\t\t\t\tPartager sur Facebook\n\t\t\t\t\t\t\t\t\t<\/a>\n\t\t\t\t<a href=\"https:\/\/twitter.com\/intent\/tweet?url=https:\/\/www.padel-test.de\/?page_id=18185&#038;fl_builder&#038;text=Padel+Frankfurt\">\n\t\t\t\t\t\t\t\t\t\t\t\tPartager sur Twitter\n\t\t\t\t\t\t\t\t\t<\/a>\n\t\t\t\t<a href=\"https:\/\/www.linkedin.com\/shareArticle?mini=true&#038;url=https:\/\/www.padel-test.de\/?page_id=18185&#038;fl_builder&#038;title=Padel+Frankfurt\">\n\t\t\t\t\t\t\t\t\t\t\t\tPartager sur Linkedin\n\t\t\t\t\t\t\t\t\t<\/a>\n\t\t\t\t<a href=\"mailto:?body=https:\/\/www.padel-test.de\/?page_id=18185&#038;fl_builder\">\n\t\t\t\t\t\t\t\t\t\t\t\tPartager par e-mail\n\t\t\t\t\t\t\t\t\t<\/a>","protected":false},"excerpt":{"rendered":"<p>En Hesse, on peut jouer au padel surtout \u00e0 Francfort-sur-le-Main et dans ses environs. Un court se trouve au Padel Frankfurt Niddapark. Depuis l'ach\u00e8vement du terrain de padel en plein air, plusieurs tournois de haut niveau et championnats nationaux de padel y ont d\u00e9j\u00e0 \u00e9t\u00e9 organis\u00e9s ! Un peu plus loin, en direction du Taunus, se trouve Padel RheinMain Wiesbaden-Wallau. Sur le terrain multisports, il est possible de jouer au padel sur deux...<\/p>","protected":false},"author":1,"featured_media":18186,"parent":18160,"menu_order":14,"comment_status":"open","ping_status":"open","template":"","meta":{"_acf_changed":false,"_sitemap_exclude":false,"_sitemap_priority":"","_sitemap_frequency":"","_analytify_skip_tracking":false,"footnotes":""},"class_list":["post-18185","page","type-page","status-publish","has-post-thumbnail","hentry"],"acf":[],"_links":{"self":[{"href":"https:\/\/www.padel-test.de\/fr\/wp-json\/wp\/v2\/pages\/18185","targetHints":{"allow":["GET"]}}],"collection":[{"href":"https:\/\/www.padel-test.de\/fr\/wp-json\/wp\/v2\/pages"}],"about":[{"href":"https:\/\/www.padel-test.de\/fr\/wp-json\/wp\/v2\/types\/page"}],"author":[{"embeddable":true,"href":"https:\/\/www.padel-test.de\/fr\/wp-json\/wp\/v2\/users\/1"}],"replies":[{"embeddable":true,"href":"https:\/\/www.padel-test.de\/fr\/wp-json\/wp\/v2\/comments?post=18185"}],"version-history":[{"count":0,"href":"https:\/\/www.padel-test.de\/fr\/wp-json\/wp\/v2\/pages\/18185\/revisions"}],"up":[{"embeddable":true,"href":"https:\/\/www.padel-test.de\/fr\/wp-json\/wp\/v2\/pages\/18160"}],"wp:featuredmedia":[{"embeddable":true,"href":"https:\/\/www.padel-test.de\/fr\/wp-json\/wp\/v2\/media\/18186"}],"wp:attachment":[{"href":"https:\/\/www.padel-test.de\/fr\/wp-json\/wp\/v2\/media?parent=18185"}],"curies":[{"name":"wp","href":"https:\/\/api.w.org\/{rel}","templated":true}]}}