{"id":18188,"date":"2017-12-03T20:36:58","date_gmt":"2017-12-03T20:36:58","guid":{"rendered":"http:\/\/www.padel-test.de\/padel-plaetze\/padel-ruhrgebiet\/"},"modified":"2022-10-25T22:44:36","modified_gmt":"2022-10-25T22:44:36","slug":"padel-region-de-la-ruhr","status":"publish","type":"page","link":"https:\/\/www.padel-test.de\/fr\/terrains-de-padel\/padel-region-de-la-ruhr\/","title":{"rendered":"Padel r\u00e9gion de la Ruhr"},"content":{"rendered":"<p>Le padel allemand a bien s\u00fbr de nombreux supporters dans la r\u00e9gion de la Ruhr, quelques joueurs de haut niveau de renom et surtout : des terrains de padel !<\/p>\n<p>&nbsp;<\/p>\n<strong>Il est actuellement possible de jouer au padel sur les sites suivants dans la r\u00e9gion de la Ruhr :<\/strong><br \/>\nManger : <a href=\"\/fr\/sites-de-padel-2\/tvn-padel-essen\/\">Padel Essen<\/a>\u00a0(2 terrains de padel en salle)<br \/>\nKamen : <a href=\"\/fr\/sites-de-padel-2\/padel-kamen-heeren\/\">Padel Kamen-Heeren<\/a> (2 courts ext\u00e9rieurs)<br \/>\nGladbeck : en cours de planification<br \/>\nBochum : <a href=\"\/fr\/sites-de-padel-2\/padel-world-bochum\/\">PadelWorld Bochum<\/a> (au d\u00e9part, 4 courts de padel ext\u00e9rieurs, 4 autres courts de padel suivront)<br \/>\nHerne (malheureusement ferm\u00e9) : <a href=\"\/fr\/padel-point-nrw-herne\/\">Padel Point Herne<\/a> (autrefois 3 terrains de padel en salle)<br \/>\nWerne : <a href=\"\/fr\/sites-de-padel-2\/padel-tennis-werne\/\">Padel Base Werne<\/a> (2 courts de padel int\u00e9rieurs et 1 court de padel ext\u00e9rieur)<br \/>\nDortmund : <a href=\"\/fr\/sites-de-padel-2\/padel-dortmund\/\">Padel Dortmund<\/a> - ici, \u00e0 proximit\u00e9 du Signal Iduna Park, il y a 8 terrains de padel : 6 courts de padel en plein air et 2 courts de padel en salle\n<p>D'autres clubs de padel dans la r\u00e9gion de la Ruhr ont \u00e9t\u00e9 cr\u00e9\u00e9s en collaboration avec le <a href=\"\/fr\/federation-allemande-de-padel\/\">F\u00e9d\u00e9ration allemande de padel<\/a> sont d\u00e9j\u00e0 en cours de planification et ouvriront leurs portes tr\u00e8s prochainement. Des informations sp\u00e9cifiques seront publi\u00e9es \u00e0 ce sujet.<\/p>\n<p>Et non loin de l\u00e0, il y a aussi le site\u00a0<a href=\"\/fr\/terrains-de-padel\/padel-koeln\/\">Padel Cologne<\/a> et le <a href=\"\/fr\/sites-de-padel-2\/padel-muenster\/\">Club de padel de M\u00fcnster<\/a>.<\/p>\n<p>Remarque : <a href=\"\/fr\/terrains-de-padel\/\">Aper\u00e7u de tous les terrains de padel en Allemagne<\/a><\/p>\n\t<h3>Terrains de paddle tennis - Carte<\/h3>\n\n<!-- iframe plugin v.6.0 wordpress.org\/plugins\/iframe\/ -->\n<iframe loading=\"lazy\" src=\"https:\/\/www.google.com\/maps\/d\/embed?mid=18OVW4FiG4noVz4vFAYmYzmjpOW8\" width=\"900\" 0=\"height=&quot;300&quot;&amp;gt;&amp;lt;\/iframe\" height=\"500\" scrolling=\"yes\" class=\"iframe-class\" frameborder=\"0\"><\/iframe>\n\n<h4>\n\t\tActualit\u00e9s du padel\n\t<\/h4>\n\t\t\t\t<a href=\"https:\/\/www.facebook.com\/sharer.php?u=https:\/\/www.padel-test.de\/padel-plaetze\/padel-ruhrgebiet\/?fl_builder&#038;title=Padel+Ruhrgebiet\">\n\t\t\t\t\t\t\t\t\t\t\t\tPartager sur Facebook\n\t\t\t\t\t\t\t\t\t<\/a>\n\t\t\t\t<a href=\"https:\/\/twitter.com\/intent\/tweet?url=https:\/\/www.padel-test.de\/padel-plaetze\/padel-ruhrgebiet\/?fl_builder&#038;text=Padel+Ruhrgebiet\">\n\t\t\t\t\t\t\t\t\t\t\t\tPartager sur Twitter\n\t\t\t\t\t\t\t\t\t<\/a>\n\t\t\t\t<a href=\"https:\/\/www.linkedin.com\/shareArticle?mini=true&#038;url=https:\/\/www.padel-test.de\/padel-plaetze\/padel-ruhrgebiet\/?fl_builder&#038;title=Padel+Ruhrgebiet\">\n\t\t\t\t\t\t\t\t\t\t\t\tPartager sur Linkedin\n\t\t\t\t\t\t\t\t\t<\/a>\n\t\t\t\t<a href=\"mailto:?body=https:\/\/www.padel-test.de\/padel-plaetze\/padel-ruhrgebiet\/?fl_builder\">\n\t\t\t\t\t\t\t\t\t\t\t\tPartager par e-mail\n\t\t\t\t\t\t\t\t\t<\/a>","protected":false},"excerpt":{"rendered":"<p>Le padel allemand a bien s\u00fbr de nombreux supporters dans la r\u00e9gion de la Ruhr, quelques joueurs de haut niveau de renom et surtout : des terrains de padel !   Il est actuellement possible de jouer au padel dans les endroits suivants de la Ruhr : Essen : Padel Essen (2 terrains de padel en salle) Kamen : Padel Kamen-Heeren (2 courts ext\u00e9rieurs) Gladbeck : en cours de planification Bochum : PadelWorld Bochum (pour commencer, 4 courts de padel ext\u00e9rieurs, 4 autres...<\/p>","protected":false},"author":1,"featured_media":16852,"parent":18160,"menu_order":7,"comment_status":"open","ping_status":"open","template":"","meta":{"_acf_changed":false,"_sitemap_exclude":false,"_sitemap_priority":"","_sitemap_frequency":"","_analytify_skip_tracking":false,"footnotes":""},"class_list":["post-18188","page","type-page","status-publish","has-post-thumbnail","hentry"],"acf":[],"_links":{"self":[{"href":"https:\/\/www.padel-test.de\/fr\/wp-json\/wp\/v2\/pages\/18188","targetHints":{"allow":["GET"]}}],"collection":[{"href":"https:\/\/www.padel-test.de\/fr\/wp-json\/wp\/v2\/pages"}],"about":[{"href":"https:\/\/www.padel-test.de\/fr\/wp-json\/wp\/v2\/types\/page"}],"author":[{"embeddable":true,"href":"https:\/\/www.padel-test.de\/fr\/wp-json\/wp\/v2\/users\/1"}],"replies":[{"embeddable":true,"href":"https:\/\/www.padel-test.de\/fr\/wp-json\/wp\/v2\/comments?post=18188"}],"version-history":[{"count":0,"href":"https:\/\/www.padel-test.de\/fr\/wp-json\/wp\/v2\/pages\/18188\/revisions"}],"up":[{"embeddable":true,"href":"https:\/\/www.padel-test.de\/fr\/wp-json\/wp\/v2\/pages\/18160"}],"wp:featuredmedia":[{"embeddable":true,"href":"https:\/\/www.padel-test.de\/fr\/wp-json\/wp\/v2\/media\/16852"}],"wp:attachment":[{"href":"https:\/\/www.padel-test.de\/fr\/wp-json\/wp\/v2\/media?parent=18188"}],"curies":[{"name":"wp","href":"https:\/\/api.w.org\/{rel}","templated":true}]}}