{"id":18196,"date":"2017-12-19T10:42:42","date_gmt":"2017-12-19T10:42:42","guid":{"rendered":"http:\/\/www.padel-test.de\/padel-plaetze\/padel-osnabrueck\/"},"modified":"2022-11-01T19:28:43","modified_gmt":"2022-11-01T19:28:43","slug":"padel-osnabrueck","status":"publish","type":"page","link":"https:\/\/www.padel-test.de\/fr\/terrains-de-padel\/padel-osnabrueck\/","title":{"rendered":"Padel Osnabr\u00fcck"},"content":{"rendered":"<p><strong>Jouer au padel \u00e0 Osnabr\u00fcck et dans les environs<\/strong><\/p>\n<p>Autour d'Osnabr\u00fcck, on peut jouer au padel \u00e0 Espelkamp, Herzebrock-Clarholz ainsi qu'\u00e0 M\u00fcnster. Les trois sites de padel se trouvent \u00e0 30-50 minutes d'Osnabr\u00fcck et sont donc rapidement accessibles en voiture.<\/p>\n<p>Qui <a href=\"\/fr\/padel-tv-espelkamp\/\">Padel \u00e0 Espelkamp<\/a> peut utiliser l'un des deux courts de padel ext\u00e9rieurs situ\u00e9s sur le terrain de sport du club de tennis TV Espelkamp. Le site accueille d\u00e9sormais r\u00e9guli\u00e8rement des comp\u00e9titions nationales et locales. <a href=\"\/fr\/tournois-de-padel-2\/\">Tournois de paddle<\/a>.<\/p>\n<p>De mani\u00e8re pratique, il y a une tribune pour les spectateurs directement sur le court. Ainsi, ce n'est pas seulement le plaisir de jouer au padel, mais aussi celui d'assister aux nombreux \u00e9v\u00e9nements.<\/p>\n<p>\u00c0 seulement 20 minutes en voiture de G\u00fctersloh se trouve le <a href=\"\/fr\/padel-point-center-herzebrock\/\">Centre Padel Point Herzebrock<\/a>. Il s'agit d'un terrain de padel ext\u00e9rieur en gazon synth\u00e9tique et \u00e9clair\u00e9 par des projecteurs. Le terrain de padel est g\u00e9r\u00e9 par Tennis-Point GmbH.<\/p>\n<p>Et \u00e0 M\u00fcnster, on trouve la <a href=\"\/fr\/padel-muenster\/\">Salle de padel de M\u00fcnster<\/a>Le site propose \u00e9galement du padel, du soccer et un grand espace de restauration !<\/p>\n<p><em>-&gt; Retour \u00e0 la <a href=\"\/fr\/terrains-de-padel\/\">Carte des terrains de padel allemands<\/a><\/em><\/p>\n\t<h3>Terrains de paddle tennis - Carte<\/h3>\n\n<!-- iframe plugin v.6.0 wordpress.org\/plugins\/iframe\/ -->\n<iframe loading=\"lazy\" src=\"https:\/\/www.google.com\/maps\/d\/embed?mid=18OVW4FiG4noVz4vFAYmYzmjpOW8\" width=\"900\" 0=\"height=&quot;300&quot;&amp;gt;&amp;lt;\/iframe\" height=\"500\" scrolling=\"yes\" class=\"iframe-class\" frameborder=\"0\"><\/iframe>\n\n<h4>\n\t\tActualit\u00e9s du padel\n\t<\/h4>\n\t\t\t\t<a href=\"https:\/\/www.facebook.com\/sharer.php?u=https:\/\/www.padel-test.de\/?page_id=18196&#038;fl_builder&#038;title=Padel+Osnabr%C3%BCck\">\n\t\t\t\t\t\t\t\t\t\t\t\tPartager sur Facebook\n\t\t\t\t\t\t\t\t\t<\/a>\n\t\t\t\t<a href=\"https:\/\/twitter.com\/intent\/tweet?url=https:\/\/www.padel-test.de\/?page_id=18196&#038;fl_builder&#038;text=Padel+Osnabr%C3%BCck\">\n\t\t\t\t\t\t\t\t\t\t\t\tPartager sur Twitter\n\t\t\t\t\t\t\t\t\t<\/a>\n\t\t\t\t<a href=\"https:\/\/www.linkedin.com\/shareArticle?mini=true&#038;url=https:\/\/www.padel-test.de\/?page_id=18196&#038;fl_builder&#038;title=Padel+Osnabr%C3%BCck\">\n\t\t\t\t\t\t\t\t\t\t\t\tPartager sur Linkedin\n\t\t\t\t\t\t\t\t\t<\/a>\n\t\t\t\t<a href=\"mailto:?body=https:\/\/www.padel-test.de\/?page_id=18196&#038;fl_builder\">\n\t\t\t\t\t\t\t\t\t\t\t\tPartager par e-mail\n\t\t\t\t\t\t\t\t\t<\/a>","protected":false},"excerpt":{"rendered":"<p>Jouer au padel \u00e0 Osnabr\u00fcck et dans les environs Autour d'Osnabr\u00fcck, on peut jouer au padel \u00e0 Espelkamp, Herzebrock-Clarholz ainsi qu'\u00e0 M\u00fcnster. Les trois sites de padel se trouvent \u00e0 30-50 minutes d'Osnabr\u00fcck et sont donc rapidement accessibles en voiture. Pour jouer au padel \u00e0 Espelkamp, il est possible d'utiliser l'un des deux courts de padel ext\u00e9rieurs situ\u00e9s sur le terrain de...<\/p>","protected":false},"author":1,"featured_media":16857,"parent":18160,"menu_order":16,"comment_status":"open","ping_status":"open","template":"","meta":{"_acf_changed":false,"_sitemap_exclude":false,"_sitemap_priority":"","_sitemap_frequency":"","_analytify_skip_tracking":false,"footnotes":""},"class_list":["post-18196","page","type-page","status-publish","has-post-thumbnail","hentry"],"acf":[],"_links":{"self":[{"href":"https:\/\/www.padel-test.de\/fr\/wp-json\/wp\/v2\/pages\/18196","targetHints":{"allow":["GET"]}}],"collection":[{"href":"https:\/\/www.padel-test.de\/fr\/wp-json\/wp\/v2\/pages"}],"about":[{"href":"https:\/\/www.padel-test.de\/fr\/wp-json\/wp\/v2\/types\/page"}],"author":[{"embeddable":true,"href":"https:\/\/www.padel-test.de\/fr\/wp-json\/wp\/v2\/users\/1"}],"replies":[{"embeddable":true,"href":"https:\/\/www.padel-test.de\/fr\/wp-json\/wp\/v2\/comments?post=18196"}],"version-history":[{"count":0,"href":"https:\/\/www.padel-test.de\/fr\/wp-json\/wp\/v2\/pages\/18196\/revisions"}],"up":[{"embeddable":true,"href":"https:\/\/www.padel-test.de\/fr\/wp-json\/wp\/v2\/pages\/18160"}],"wp:featuredmedia":[{"embeddable":true,"href":"https:\/\/www.padel-test.de\/fr\/wp-json\/wp\/v2\/media\/16857"}],"wp:attachment":[{"href":"https:\/\/www.padel-test.de\/fr\/wp-json\/wp\/v2\/media?parent=18196"}],"curies":[{"name":"wp","href":"https:\/\/api.w.org\/{rel}","templated":true}]}}