{"id":18199,"date":"2017-12-24T15:58:34","date_gmt":"2017-12-24T15:58:34","guid":{"rendered":"http:\/\/www.padel-test.de\/padel-plaetze\/padel-duesseldorf\/"},"modified":"2022-10-31T22:20:39","modified_gmt":"2022-10-31T22:20:39","slug":"padel-duesseldorf","status":"publish","type":"page","link":"https:\/\/www.padel-test.de\/fr\/terrains-de-padel\/padel-duesseldorf\/","title":{"rendered":"Padel D\u00fcsseldorf"},"content":{"rendered":"<p>A D\u00fcsseldorf aussi, on trouve d\u00e9sormais des terrains de padel. Alors que son rival local, Cologne, dispose depuis un certain temps d\u00e9j\u00e0 de trois sites de padel, D\u00fcsseldorf peut enfin lui embo\u00eeter le pas.<\/p>\n<p>En effet, un nouveau projet de padel a vu le jour au sein du TG Nord Lohausen :<\/p>\n<p><a href=\"\/fr\/padel-duesseldorf-tg-nord\/\">Padel D\u00fcsseldorf TG Nord<\/a><\/p>\n<p>&nbsp;<\/p>\n<p>Le potentiel de joueurs de padel est en tout cas pr\u00e9sent dans la r\u00e9gion de D\u00fcsseldorf et nous esp\u00e9rons voir d'autres courts de padel \u00e0 D\u00fcsseldorf !<\/p>\n<p>Sinon, le terrain de padel le plus proche est celui du <a href=\"https:\/\/www.padel-test.de\/fr\/tvn-padel-essen\/\">TVN Padel Essen<\/a>. Alternativement, les terrains de padel comme <a href=\"https:\/\/www.padel-test.de\/fr\/padel-colonia\/\">Padel Colonia \u00e0 Cologne<\/a>\u00a0\u00e0 seulement 40 minutes en voiture du centre de D\u00fcsseldorf.<\/p>\n<p>En g\u00e9n\u00e9ral, il y a beaucoup <a href=\"\/fr\/terrains-de-padel\/padel-region-de-la-ruhr\/\">Terrains de padel dans la Ruhr<\/a>\u00a0- par exemple \u00e0 Werne, Essen, Herne et bient\u00f4t \u00e0 Bochum.<\/p>\n<p><em>Sur notre carte de padel, vous pouvez voir o\u00f9 il y a d\u00e9j\u00e0 des <a href=\"https:\/\/www.padel-test.de\/fr\/terrains-de-padel\/\">Terrains de padel en Allemagne<\/a> donne.<\/em><\/p>","protected":false},"excerpt":{"rendered":"<p>A D\u00fcsseldorf aussi, on trouve d\u00e9sormais des terrains de padel. Alors que son rival local, Cologne, dispose depuis un certain temps d\u00e9j\u00e0 de trois sites de padel, D\u00fcsseldorf peut enfin lui embo\u00eeter le pas. En effet, un nouveau projet de padel a vu le jour au TG Nord Lohausen : Padel D\u00fcsseldorf TG Nord Le potentiel de joueurs de padel est certainement pr\u00e9sent dans la r\u00e9gion de D\u00fcsseldorf et nous...<\/p>","protected":false},"author":1,"featured_media":0,"parent":18160,"menu_order":17,"comment_status":"closed","ping_status":"closed","template":"","meta":{"_acf_changed":false,"_sitemap_exclude":false,"_sitemap_priority":"","_sitemap_frequency":"","_analytify_skip_tracking":false,"footnotes":""},"class_list":["post-18199","page","type-page","status-publish","hentry"],"acf":[],"_links":{"self":[{"href":"https:\/\/www.padel-test.de\/fr\/wp-json\/wp\/v2\/pages\/18199","targetHints":{"allow":["GET"]}}],"collection":[{"href":"https:\/\/www.padel-test.de\/fr\/wp-json\/wp\/v2\/pages"}],"about":[{"href":"https:\/\/www.padel-test.de\/fr\/wp-json\/wp\/v2\/types\/page"}],"author":[{"embeddable":true,"href":"https:\/\/www.padel-test.de\/fr\/wp-json\/wp\/v2\/users\/1"}],"replies":[{"embeddable":true,"href":"https:\/\/www.padel-test.de\/fr\/wp-json\/wp\/v2\/comments?post=18199"}],"version-history":[{"count":0,"href":"https:\/\/www.padel-test.de\/fr\/wp-json\/wp\/v2\/pages\/18199\/revisions"}],"up":[{"embeddable":true,"href":"https:\/\/www.padel-test.de\/fr\/wp-json\/wp\/v2\/pages\/18160"}],"wp:attachment":[{"href":"https:\/\/www.padel-test.de\/fr\/wp-json\/wp\/v2\/media?parent=18199"}],"curies":[{"name":"wp","href":"https:\/\/api.w.org\/{rel}","templated":true}]}}