{"id":18200,"date":"2017-12-24T20:30:02","date_gmt":"2017-12-24T20:30:02","guid":{"rendered":"http:\/\/www.padel-test.de\/padel-plaetze\/padel-heilbronn\/"},"modified":"2022-10-26T00:01:14","modified_gmt":"2022-10-26T00:01:14","slug":"padel-heilbronn","status":"publish","type":"page","link":"https:\/\/www.padel-test.de\/fr\/terrains-de-padel\/padel-heilbronn\/","title":{"rendered":"Padel Heilbronn"},"content":{"rendered":"<p><strong>Jouer au padel \u00e0 Heilbronn et dans les environs<\/strong><\/p>\n<p>Le padel \u00e0 Heilbronn est possible sur le terrain de sport du club de tennis TC Schwaigern. \u00c0 seulement 5 km d'Heilbronn, il est possible de jouer sur un terrain de padel en plein air.<\/p>\n<p>Comme le <a href=\"\/fr\/sites-de-padel-2\/padel-heilbronn-schwaigern\/\">Terrain de padel du TC Schwaigern<\/a> est \u00e9quip\u00e9 de projecteurs LED, il est possible d'y jouer jusque tard dans la soir\u00e9e.<\/p>\n<p>Tout pr\u00e8s de l\u00e0, \u00e0 Bad Friedrichshall, un autre terrain de padel est pr\u00e9vu. Nous vous informerons prochainement du calendrier exact.<\/p>\n<em>Conseil<br \/>\n<\/em><em>Tous les <a href=\"\/fr\/terrains-de-padel\/\">Installations de padel en Allemagne, en Autriche et en Suisse<\/a> vous trouverez chez nous un aper\u00e7u !\n\t<h3>Terrains de paddle tennis - Carte<\/h3>\n\n<!-- iframe plugin v.6.0 wordpress.org\/plugins\/iframe\/ -->\n<iframe loading=\"lazy\" src=\"https:\/\/www.google.com\/maps\/d\/embed?mid=18OVW4FiG4noVz4vFAYmYzmjpOW8\" width=\"900\" 0=\"height=&quot;300&quot;&amp;gt;&amp;lt;\/iframe\" height=\"500\" scrolling=\"yes\" class=\"iframe-class\" frameborder=\"0\"><\/iframe>\n\n<h4>\n\t\tNouvelles du padel \u00e0 Heilbronn\n\t<\/h4>\n\t\t\t\t<a href=\"https:\/\/www.facebook.com\/sharer.php?u=https:\/\/www.padel-test.de\/padel-plaetze\/padel-heilbronn\/?fl_builder&#038;title=Padel+Heilbronn\">\n\t\t\t\t\t\t\t\t\t\t\t\tPartager sur Facebook\n\t\t\t\t\t\t\t\t\t<\/a>\n\t\t\t\t<a href=\"https:\/\/twitter.com\/intent\/tweet?url=https:\/\/www.padel-test.de\/padel-plaetze\/padel-heilbronn\/?fl_builder&#038;text=Padel+Heilbronn\">\n\t\t\t\t\t\t\t\t\t\t\t\tPartager sur Twitter\n\t\t\t\t\t\t\t\t\t<\/a>\n\t\t\t\t<a href=\"https:\/\/www.linkedin.com\/shareArticle?mini=true&#038;url=https:\/\/www.padel-test.de\/padel-plaetze\/padel-heilbronn\/?fl_builder&#038;title=Padel+Heilbronn\">\n\t\t\t\t\t\t\t\t\t\t\t\tPartager sur Linkedin\n\t\t\t\t\t\t\t\t\t<\/a>\n\t\t\t\t<a href=\"mailto:?body=https:\/\/www.padel-test.de\/padel-plaetze\/padel-heilbronn\/?fl_builder\">\n\t\t\t\t\t\t\t\t\t\t\t\tPartager par e-mail\n\t\t\t\t\t\t\t\t\t<\/a>\n<\/em>","protected":false},"excerpt":{"rendered":"<p>Jouer au padel \u00e0 Heilbronn et dans les environs Le padel \u00e0 Heilbronn est possible sur le terrain de sport du club de tennis TC Schwaigern. Il est possible de jouer au padel sur un court ext\u00e9rieur \u00e0 seulement 5 km d'Heilbronn. Comme le terrain de padel du TC Schwaigern est \u00e9quip\u00e9 de projecteurs LED, il est possible d'y jouer jusque tard dans la soir\u00e9e. Enti\u00e8rement ...<\/p>","protected":false},"author":1,"featured_media":16826,"parent":18160,"menu_order":0,"comment_status":"closed","ping_status":"closed","template":"","meta":{"_acf_changed":false,"_sitemap_exclude":false,"_sitemap_priority":"","_sitemap_frequency":"","_analytify_skip_tracking":false,"footnotes":""},"class_list":["post-18200","page","type-page","status-publish","has-post-thumbnail","hentry"],"acf":[],"_links":{"self":[{"href":"https:\/\/www.padel-test.de\/fr\/wp-json\/wp\/v2\/pages\/18200","targetHints":{"allow":["GET"]}}],"collection":[{"href":"https:\/\/www.padel-test.de\/fr\/wp-json\/wp\/v2\/pages"}],"about":[{"href":"https:\/\/www.padel-test.de\/fr\/wp-json\/wp\/v2\/types\/page"}],"author":[{"embeddable":true,"href":"https:\/\/www.padel-test.de\/fr\/wp-json\/wp\/v2\/users\/1"}],"replies":[{"embeddable":true,"href":"https:\/\/www.padel-test.de\/fr\/wp-json\/wp\/v2\/comments?post=18200"}],"version-history":[{"count":0,"href":"https:\/\/www.padel-test.de\/fr\/wp-json\/wp\/v2\/pages\/18200\/revisions"}],"up":[{"embeddable":true,"href":"https:\/\/www.padel-test.de\/fr\/wp-json\/wp\/v2\/pages\/18160"}],"wp:featuredmedia":[{"embeddable":true,"href":"https:\/\/www.padel-test.de\/fr\/wp-json\/wp\/v2\/media\/16826"}],"wp:attachment":[{"href":"https:\/\/www.padel-test.de\/fr\/wp-json\/wp\/v2\/media?parent=18200"}],"curies":[{"name":"wp","href":"https:\/\/api.w.org\/{rel}","templated":true}]}}