{"id":18202,"date":"2017-12-24T16:16:32","date_gmt":"2017-12-24T16:16:32","guid":{"rendered":"http:\/\/www.padel-test.de\/padel-plaetze\/padel-stuttgart\/"},"modified":"2022-10-25T23:58:25","modified_gmt":"2022-10-25T23:58:25","slug":"padel-stuttgart","status":"publish","type":"page","link":"https:\/\/www.padel-test.de\/fr\/terrains-de-padel\/padel-stuttgart\/","title":{"rendered":"Padel Stuttgart"},"content":{"rendered":"<p>Les terrains de padel dans la capitale du Bade-Wurtemberg, Stuttgart, ont \u00e9t\u00e9 tr\u00e8s longtemps en phase de planification. Jusqu'\u00e0 pr\u00e9sent, la r\u00e8gle \u00e9tait la suivante : si l'on vient de Stuttgart, il faut \u00eatre mobile pour pouvoir jouer au padel.<\/p>\n<p>Mais depuis juin 2019, il n'est plus n\u00e9cessaire de conduire beaucoup.<\/p>\n<p>En effet, il existe d\u00e9sormais un terrain de padel en plein air chez les Stuttgarter Kickers.<\/p>\n<p>Ici, vous trouverez plus d'informations sur <a href=\"\/fr\/sites-de-padel-2\/padel-stuttgarter-kickers\/\">Padel Stuttgarter Kickers<\/a>.<\/p>\n<p>&nbsp;<\/p>\n<p>Et \u00e0 proximit\u00e9, il y a une tr\u00e8s forte <a href=\"\/fr\/terrains-de-padel\/padel-karlsruhe\/\">Communaut\u00e9 de padel \u00e0 Karlsruhe<\/a> avec entre-temps 6 terrains de padel (courts de padel int\u00e9rieurs et ext\u00e9rieurs, chaque ann\u00e9e de nouveaux terrains de padel) ou sur les <a href=\"\/fr\/sites-de-padel-2\/padel-heilbronn-schwaigern\/\">Terrain de padel \u00e0 Schwaigern<\/a> de l'autre c\u00f4t\u00e9 de la fronti\u00e8re. La dur\u00e9e du trajet en voiture est d'environ 60 minutes depuis Stuttgart.<\/p>\n<p>Comme il y avait d\u00e9j\u00e0 un terrain de padel mobile \u00e0 Stuttgart \u00e0 titre d'essai, qui a \u00e9t\u00e9 tr\u00e8s bien accueilli par les sportifs de Stuttgart, nous nous r\u00e9jouissons que le padel soit enfin solidement ancr\u00e9 \u00e0 Stuttgart et nous souhaitons au site de padel de Stuttgart une bonne croissance avec de nombreux autres courts de padel !<\/p>\n\t<h3>Terrains de paddle tennis - Carte<\/h3>\n\n<!-- iframe plugin v.6.0 wordpress.org\/plugins\/iframe\/ -->\n<iframe loading=\"lazy\" src=\"https:\/\/www.google.com\/maps\/d\/embed?mid=18OVW4FiG4noVz4vFAYmYzmjpOW8\" width=\"900\" 0=\"height=&quot;300&quot;&amp;gt;&amp;lt;\/iframe\" height=\"500\" scrolling=\"yes\" class=\"iframe-class\" frameborder=\"0\"><\/iframe>\n\n<h4>\n\t\tActualit\u00e9s du padel \u00e0 Stuttgart\n\t<\/h4>\n\t\t\t\t<a href=\"https:\/\/www.facebook.com\/sharer.php?u=https:\/\/www.padel-test.de\/padel-plaetze\/padel-stuttgart\/?fl_builder&#038;title=Padel+Stuttgart\">\n\t\t\t\t\t\t\t\t\t\t\t\tPartager sur Facebook\n\t\t\t\t\t\t\t\t\t<\/a>\n\t\t\t\t<a href=\"https:\/\/twitter.com\/intent\/tweet?url=https:\/\/www.padel-test.de\/padel-plaetze\/padel-stuttgart\/?fl_builder&#038;text=Padel+Stuttgart\">\n\t\t\t\t\t\t\t\t\t\t\t\tPartager sur Twitter\n\t\t\t\t\t\t\t\t\t<\/a>\n\t\t\t\t<a href=\"https:\/\/www.linkedin.com\/shareArticle?mini=true&#038;url=https:\/\/www.padel-test.de\/padel-plaetze\/padel-stuttgart\/?fl_builder&#038;title=Padel+Stuttgart\">\n\t\t\t\t\t\t\t\t\t\t\t\tPartager sur Linkedin\n\t\t\t\t\t\t\t\t\t<\/a>\n\t\t\t\t<a href=\"mailto:?body=https:\/\/www.padel-test.de\/padel-plaetze\/padel-stuttgart\/?fl_builder\">\n\t\t\t\t\t\t\t\t\t\t\t\tPartager par e-mail\n\t\t\t\t\t\t\t\t\t<\/a>","protected":false},"excerpt":{"rendered":"<p>Les terrains de padel dans la capitale du Bade-Wurtemberg, Stuttgart, ont \u00e9t\u00e9 tr\u00e8s longtemps en phase de planification. Jusqu'\u00e0 pr\u00e9sent, la r\u00e8gle \u00e9tait la suivante : si l'on vient de Stuttgart, il faut \u00eatre mobile pour pouvoir jouer au padel. Mais depuis juin 2019, il n'est plus n\u00e9cessaire de se d\u00e9placer beaucoup. En effet, il existe d\u00e9sormais un terrain de padel en ext\u00e9rieur chez les Stuttgarter Kickers. Ici, il y a plus d'infos sur...<\/p>","protected":false},"author":1,"featured_media":17038,"parent":18160,"menu_order":1,"comment_status":"closed","ping_status":"closed","template":"","meta":{"_acf_changed":false,"_sitemap_exclude":false,"_sitemap_priority":"","_sitemap_frequency":"","_analytify_skip_tracking":false,"footnotes":""},"class_list":["post-18202","page","type-page","status-publish","has-post-thumbnail","hentry"],"acf":[],"_links":{"self":[{"href":"https:\/\/www.padel-test.de\/fr\/wp-json\/wp\/v2\/pages\/18202","targetHints":{"allow":["GET"]}}],"collection":[{"href":"https:\/\/www.padel-test.de\/fr\/wp-json\/wp\/v2\/pages"}],"about":[{"href":"https:\/\/www.padel-test.de\/fr\/wp-json\/wp\/v2\/types\/page"}],"author":[{"embeddable":true,"href":"https:\/\/www.padel-test.de\/fr\/wp-json\/wp\/v2\/users\/1"}],"replies":[{"embeddable":true,"href":"https:\/\/www.padel-test.de\/fr\/wp-json\/wp\/v2\/comments?post=18202"}],"version-history":[{"count":0,"href":"https:\/\/www.padel-test.de\/fr\/wp-json\/wp\/v2\/pages\/18202\/revisions"}],"up":[{"embeddable":true,"href":"https:\/\/www.padel-test.de\/fr\/wp-json\/wp\/v2\/pages\/18160"}],"wp:featuredmedia":[{"embeddable":true,"href":"https:\/\/www.padel-test.de\/fr\/wp-json\/wp\/v2\/media\/17038"}],"wp:attachment":[{"href":"https:\/\/www.padel-test.de\/fr\/wp-json\/wp\/v2\/media?parent=18202"}],"curies":[{"name":"wp","href":"https:\/\/api.w.org\/{rel}","templated":true}]}}