{"id":18204,"date":"2017-12-24T21:35:48","date_gmt":"2017-12-24T21:35:48","guid":{"rendered":"http:\/\/www.padel-test.de\/padel-plaetze\/padel-baden-baden\/"},"modified":"2022-10-25T23:46:15","modified_gmt":"2022-10-25T23:46:15","slug":"padel-baden-baden","status":"publish","type":"page","link":"https:\/\/www.padel-test.de\/fr\/terrains-de-padel\/padel-baden-baden\/","title":{"rendered":"Padel Baden-Baden"},"content":{"rendered":"<p><strong>Jouer au padel \u00e0 Baden-Baden et dans les environs<\/strong><\/p>\n<p>Il existe actuellement un terrain de padel \u00e0 Baden-Baden. Dans le <a href=\"\/fr\/sites-de-padel-2\/padel-court4-baden-baden\/\">Baden-Baden Court4<\/a> peut \u00eatre jou\u00e9 dans un court panoramique. Gr\u00e2ce \u00e0 l'\u00e9clairage par projecteurs, le terrain en plein air est praticable \u00e0 tout moment.<\/p>\n<p>Le complexe sportif du Court4 accueille aussi r\u00e9guli\u00e8rement des <a href=\"\/fr\/tournois-de-padel-2\/\">Tournois de paddle<\/a>des \u00e9v\u00e9nements et des ateliers. De plus, il y a une \u00e9cole de padel avec Axel Bernhard, qui a \u00e9t\u00e9 form\u00e9 par l'\u00e9cole de padel. <a href=\"\/fr\/federation-mondiale-de-padel\/\">F\u00e9d\u00e9ration internationale de padel FIP<\/a> a \u00e9t\u00e9 form\u00e9.<\/p>\n<p><em>Non loin de l\u00e0, on peut aussi se rendre \u00e0\u00a0<a href=\"\/fr\/terrains-de-padel\/padel-karlsruhe\/\">Jouer au padel \u00e0 Karlsruhe<\/a>!<\/em><\/p>\n\t<h3>Terrains de paddle tennis - Carte<\/h3>\n\n<!-- iframe plugin v.6.0 wordpress.org\/plugins\/iframe\/ -->\n<iframe loading=\"lazy\" src=\"https:\/\/www.google.com\/maps\/d\/embed?mid=18OVW4FiG4noVz4vFAYmYzmjpOW8\" width=\"900\" 0=\"height=&quot;300&quot;&amp;gt;&amp;lt;\/iframe\" height=\"500\" scrolling=\"yes\" class=\"iframe-class\" frameborder=\"0\"><\/iframe>\n\n<h4>\n\t\tActualit\u00e9s du padel \u00e0 Baden-Baden\n\t<\/h4>\n\t\t\t\t<a href=\"https:\/\/www.facebook.com\/sharer.php?u=https:\/\/www.padel-test.de\/padel-plaetze\/padel-baden-baden\/?fl_builder&#038;title=Padel+Baden-Baden\">\n\t\t\t\t\t\t\t\t\t\t\t\tPartager sur Facebook\n\t\t\t\t\t\t\t\t\t<\/a>\n\t\t\t\t<a href=\"https:\/\/twitter.com\/intent\/tweet?url=https:\/\/www.padel-test.de\/padel-plaetze\/padel-baden-baden\/?fl_builder&#038;text=Padel+Baden-Baden\">\n\t\t\t\t\t\t\t\t\t\t\t\tPartager sur Twitter\n\t\t\t\t\t\t\t\t\t<\/a>\n\t\t\t\t<a href=\"https:\/\/www.linkedin.com\/shareArticle?mini=true&#038;url=https:\/\/www.padel-test.de\/padel-plaetze\/padel-baden-baden\/?fl_builder&#038;title=Padel+Baden-Baden\">\n\t\t\t\t\t\t\t\t\t\t\t\tPartager sur Linkedin\n\t\t\t\t\t\t\t\t\t<\/a>\n\t\t\t\t<a href=\"mailto:?body=https:\/\/www.padel-test.de\/padel-plaetze\/padel-baden-baden\/?fl_builder\">\n\t\t\t\t\t\t\t\t\t\t\t\tPartager par e-mail\n\t\t\t\t\t\t\t\t\t<\/a>","protected":false},"excerpt":{"rendered":"<p>Jouer au padel \u00e0 Baden-Baden et dans les environs Il existe actuellement un terrain de padel \u00e0 Baden-Baden. Au Baden-Baden Court4, on peut jouer sur un court panoramique. Gr\u00e2ce aux projecteurs, le terrain en plein air est praticable \u00e0 tout moment. Des tournois de padel, des \u00e9v\u00e9nements et des ateliers sont r\u00e9guli\u00e8rement organis\u00e9s sur le terrain de sport du Court4. De plus, il y a une \u00e9cole de padel avec Axel Bernhard, qui a \u00e9t\u00e9 form\u00e9 par la f\u00e9d\u00e9ration mondiale de padel FIP....<\/p>","protected":false},"author":1,"featured_media":16688,"parent":18160,"menu_order":2,"comment_status":"closed","ping_status":"closed","template":"","meta":{"_acf_changed":false,"_sitemap_exclude":false,"_sitemap_priority":"","_sitemap_frequency":"","_analytify_skip_tracking":false,"footnotes":""},"class_list":["post-18204","page","type-page","status-publish","has-post-thumbnail","hentry"],"acf":[],"_links":{"self":[{"href":"https:\/\/www.padel-test.de\/fr\/wp-json\/wp\/v2\/pages\/18204","targetHints":{"allow":["GET"]}}],"collection":[{"href":"https:\/\/www.padel-test.de\/fr\/wp-json\/wp\/v2\/pages"}],"about":[{"href":"https:\/\/www.padel-test.de\/fr\/wp-json\/wp\/v2\/types\/page"}],"author":[{"embeddable":true,"href":"https:\/\/www.padel-test.de\/fr\/wp-json\/wp\/v2\/users\/1"}],"replies":[{"embeddable":true,"href":"https:\/\/www.padel-test.de\/fr\/wp-json\/wp\/v2\/comments?post=18204"}],"version-history":[{"count":0,"href":"https:\/\/www.padel-test.de\/fr\/wp-json\/wp\/v2\/pages\/18204\/revisions"}],"up":[{"embeddable":true,"href":"https:\/\/www.padel-test.de\/fr\/wp-json\/wp\/v2\/pages\/18160"}],"wp:featuredmedia":[{"embeddable":true,"href":"https:\/\/www.padel-test.de\/fr\/wp-json\/wp\/v2\/media\/16688"}],"wp:attachment":[{"href":"https:\/\/www.padel-test.de\/fr\/wp-json\/wp\/v2\/media?parent=18204"}],"curies":[{"name":"wp","href":"https:\/\/api.w.org\/{rel}","templated":true}]}}