{"id":18206,"date":"2017-12-24T09:35:18","date_gmt":"2017-12-24T09:35:18","guid":{"rendered":"http:\/\/www.padel-test.de\/padel-plaetze\/padel-nuernberg\/"},"modified":"2022-10-25T23:36:50","modified_gmt":"2022-10-25T23:36:50","slug":"padel-nuernberg","status":"publish","type":"page","link":"https:\/\/www.padel-test.de\/fr\/terrains-de-padel\/padel-nuernberg\/","title":{"rendered":"Padel Nuremberg"},"content":{"rendered":"<p>Les joueurs de padel de Franconie peuvent jouer des matchs de padel \u00e0 Nuremberg au Club am Marienberg (CAM). Le site <a href=\"\/fr\/sites-de-padel-2\/padel-nuernberg-marienberg\/\">Padel N\u00fcrnberg CAM<\/a> est \u00e9quip\u00e9 de deux courts de padel ultramodernes et fait partie du vaste terrain de sport du club am Marienberg. Outre le padel, d'autres sports y sont propos\u00e9s, ce qui permet de faire partie d'une grande communaut\u00e9 sportive.<\/p>\n<p>Non loin de l\u00e0, il y a aussi depuis le d\u00e9but de l'ann\u00e9e 2019 un court de padel indoor - et plus pr\u00e9cis\u00e9ment au <a href=\"\/fr\/sites-de-padel-2\/padel-nuernberg-sportpark-nord\/\">Padel N\u00fcrnberg Sportpark Nord<\/a>.<\/p>\n<p>Ainsi, des tournois plus importants peuvent d\u00e9sormais \u00eatre organis\u00e9s sur les deux sites de padel r\u00e9unis !<\/p>\n<p>En outre, une autre installation de padel est en cours de planification \u00e0 proximit\u00e9 de Nuremberg : \u00e0 Herzogenaurach, il est pr\u00e9vu de construire, le cas \u00e9ch\u00e9ant, une nouvelle installation de padel \u00e0 l'occasion de la Journ\u00e9e mondiale du padel. <a href=\"\/fr\/adidas-padel\/\">adidas Padel<\/a>\u00a0cr\u00e9er un court de padel<em>.<\/em><\/p>\n<p>&nbsp;<\/p>\n<p><em>Autres possibilit\u00e9s de jeu en Bavi\u00e8re : <a href=\"\/fr\/terrains-de-padel\/padel-muenchen\/\">Terrains de padel Munich<\/a>\u00a0et les <a href=\"\/fr\/padel-wuerzburg\/\">Padelarena W\u00fcrzburg<\/a><\/em><\/p>\n\t<h3>Terrains de paddle tennis - Carte<\/h3>\n\n<!-- iframe plugin v.6.0 wordpress.org\/plugins\/iframe\/ -->\n<iframe loading=\"lazy\" src=\"https:\/\/www.google.com\/maps\/d\/embed?mid=18OVW4FiG4noVz4vFAYmYzmjpOW8\" width=\"900\" 0=\"height=&quot;300&quot;&amp;gt;&amp;lt;\/iframe\" height=\"500\" scrolling=\"yes\" class=\"iframe-class\" frameborder=\"0\"><\/iframe>\n\n<h4>\n\t\tActualit\u00e9s Padel Nuremberg\n\t<\/h4>\n\t\t\t\t<a href=\"https:\/\/www.facebook.com\/sharer.php?u=https:\/\/www.padel-test.de\/padel-plaetze\/padel-nuernberg\/?fl_builder&#038;title=Padel+N%C3%BCrnberg\">\n\t\t\t\t\t\t\t\t\t\t\t\tPartager sur Facebook\n\t\t\t\t\t\t\t\t\t<\/a>\n\t\t\t\t<a href=\"https:\/\/twitter.com\/intent\/tweet?url=https:\/\/www.padel-test.de\/padel-plaetze\/padel-nuernberg\/?fl_builder&#038;text=Padel+N%C3%BCrnberg\">\n\t\t\t\t\t\t\t\t\t\t\t\tPartager sur Twitter\n\t\t\t\t\t\t\t\t\t<\/a>\n\t\t\t\t<a href=\"https:\/\/www.linkedin.com\/shareArticle?mini=true&#038;url=https:\/\/www.padel-test.de\/padel-plaetze\/padel-nuernberg\/?fl_builder&#038;title=Padel+N%C3%BCrnberg\">\n\t\t\t\t\t\t\t\t\t\t\t\tPartager sur Linkedin\n\t\t\t\t\t\t\t\t\t<\/a>\n\t\t\t\t<a href=\"mailto:?body=https:\/\/www.padel-test.de\/padel-plaetze\/padel-nuernberg\/?fl_builder\">\n\t\t\t\t\t\t\t\t\t\t\t\tPartager par e-mail\n\t\t\t\t\t\t\t\t\t<\/a>","protected":false},"excerpt":{"rendered":"<p>Les joueurs de padel de Franconie peuvent jouer des matches de padel au Club am Marienberg (CAM) \u00e0 Nuremberg. Le centre de padel de Nuremberg CAM est \u00e9quip\u00e9 de deux courts de padel ultramodernes et fait partie du vaste terrain de sport du Club am Marienberg. Outre le padel, d'autres sports y sont propos\u00e9s, ce qui permet de faire partie d'une grande communaut\u00e9 sportive....<\/p>","protected":false},"author":1,"featured_media":16718,"parent":18160,"menu_order":3,"comment_status":"closed","ping_status":"closed","template":"","meta":{"_acf_changed":false,"_sitemap_exclude":false,"_sitemap_priority":"","_sitemap_frequency":"","_analytify_skip_tracking":false,"footnotes":""},"class_list":["post-18206","page","type-page","status-publish","has-post-thumbnail","hentry"],"acf":[],"_links":{"self":[{"href":"https:\/\/www.padel-test.de\/fr\/wp-json\/wp\/v2\/pages\/18206","targetHints":{"allow":["GET"]}}],"collection":[{"href":"https:\/\/www.padel-test.de\/fr\/wp-json\/wp\/v2\/pages"}],"about":[{"href":"https:\/\/www.padel-test.de\/fr\/wp-json\/wp\/v2\/types\/page"}],"author":[{"embeddable":true,"href":"https:\/\/www.padel-test.de\/fr\/wp-json\/wp\/v2\/users\/1"}],"replies":[{"embeddable":true,"href":"https:\/\/www.padel-test.de\/fr\/wp-json\/wp\/v2\/comments?post=18206"}],"version-history":[{"count":0,"href":"https:\/\/www.padel-test.de\/fr\/wp-json\/wp\/v2\/pages\/18206\/revisions"}],"up":[{"embeddable":true,"href":"https:\/\/www.padel-test.de\/fr\/wp-json\/wp\/v2\/pages\/18160"}],"wp:featuredmedia":[{"embeddable":true,"href":"https:\/\/www.padel-test.de\/fr\/wp-json\/wp\/v2\/media\/16718"}],"wp:attachment":[{"href":"https:\/\/www.padel-test.de\/fr\/wp-json\/wp\/v2\/media?parent=18206"}],"curies":[{"name":"wp","href":"https:\/\/api.w.org\/{rel}","templated":true}]}}