{"id":18208,"date":"2017-12-24T21:40:27","date_gmt":"2017-12-24T21:40:27","guid":{"rendered":"http:\/\/www.padel-test.de\/padel-plaetze\/padel-bodensee\/"},"modified":"2022-10-25T23:11:26","modified_gmt":"2022-10-25T23:11:26","slug":"paddle-lac-de-constance","status":"publish","type":"page","link":"https:\/\/www.padel-test.de\/fr\/terrains-de-padel\/paddle-lac-de-constance\/","title":{"rendered":"Padel du lac de Constance"},"content":{"rendered":"<p>Jouer au padel au bord du lac de Constance : dans le magnifique coin des trois pays entre l'Allemagne, l'Autriche et la Suisse, il est possible de jouer au padel \u00e0 Bregenz. Deux terrains de padel ext\u00e9rieurs en gazon synth\u00e9tique sont disponibles sur le terrain de sport du TC Hard Vorarlberg. Les courts se trouvent \u00e0 Bregenz-Hard en Autriche.<\/p>\n<p>Les deux sont encore <a href=\"\/fr\/sites-de-padel-2\/padel-tc-hard-bregenz-2\/\">Courts de padel du TC Bregenz Hard<\/a> les seuls du lac de Constance. Mais deux terrains de padel flambant neufs sont d\u00e9j\u00e0 pr\u00e9vus \u00e0 Lindau-Wasserburg !<\/p>\n<p>Il reste \u00e0 savoir si d'autres clubs \u00e0 Constance, Friedrichshafen, Bregenz ou Lindau suivront !<\/p>\n<ul>\n<li><a href=\"\/fr\/paddle-plaetze-deutschland\/\">Terrains de padel Allemagne<\/a><\/li>\n<li><a href=\"\/fr\/terrains-de-padel-en-autriche\/\">Terrains de padel en Autriche<\/a><\/li>\n<li><a href=\"\/fr\/terrains-de-padel-suisse\/\">Terrains de padel en Suisse<\/a><\/li>\n<li><a href=\"\/fr\/terrains-de-padel\/\">Carte des terrains de padel<\/a><\/li>\n<\/ul>\n\t<h3>Terrains de paddle tennis - Carte<\/h3>\n\n<!-- iframe plugin v.6.0 wordpress.org\/plugins\/iframe\/ -->\n<iframe loading=\"lazy\" src=\"https:\/\/www.google.com\/maps\/d\/embed?mid=18OVW4FiG4noVz4vFAYmYzmjpOW8\" width=\"900\" 0=\"height=&quot;300&quot;&amp;gt;&amp;lt;\/iframe\" height=\"500\" scrolling=\"yes\" class=\"iframe-class\" frameborder=\"0\"><\/iframe>\n\n<h4>\n\t\tActualit\u00e9s Padel Lac de Constance\n\t<\/h4>\n\t\t\t\t<a href=\"https:\/\/www.facebook.com\/sharer.php?u=https:\/\/www.padel-test.de\/padel-plaetze\/padel-bodensee\/?fl_builder&#038;title=Padel+Bodensee\">\n\t\t\t\t\t\t\t\t\t\t\t\tPartager sur Facebook\n\t\t\t\t\t\t\t\t\t<\/a>\n\t\t\t\t<a href=\"https:\/\/twitter.com\/intent\/tweet?url=https:\/\/www.padel-test.de\/padel-plaetze\/padel-bodensee\/?fl_builder&#038;text=Padel+Bodensee\">\n\t\t\t\t\t\t\t\t\t\t\t\tPartager sur Twitter\n\t\t\t\t\t\t\t\t\t<\/a>\n\t\t\t\t<a href=\"https:\/\/www.linkedin.com\/shareArticle?mini=true&#038;url=https:\/\/www.padel-test.de\/padel-plaetze\/padel-bodensee\/?fl_builder&#038;title=Padel+Bodensee\">\n\t\t\t\t\t\t\t\t\t\t\t\tPartager sur Linkedin\n\t\t\t\t\t\t\t\t\t<\/a>\n\t\t\t\t<a href=\"mailto:?body=https:\/\/www.padel-test.de\/padel-plaetze\/padel-bodensee\/?fl_builder\">\n\t\t\t\t\t\t\t\t\t\t\t\tPartager par e-mail\n\t\t\t\t\t\t\t\t\t<\/a>","protected":false},"excerpt":{"rendered":"<p>Jouer au padel au bord du lac de Constance : dans le magnifique coin des trois pays entre l'Allemagne, l'Autriche et la Suisse, il est possible de jouer au padel \u00e0 Bregenz. Deux terrains de padel ext\u00e9rieurs en gazon synth\u00e9tique sont disponibles sur le terrain de sport du TC Hard Vorarlberg. Les courts se trouvent \u00e0 Bregenz-Hard en Autriche. Les deux courts de padel du TC Bregenz Hard sont encore les seuls...<\/p>","protected":false},"author":1,"featured_media":16877,"parent":18160,"menu_order":4,"comment_status":"closed","ping_status":"closed","template":"","meta":{"_acf_changed":false,"_sitemap_exclude":false,"_sitemap_priority":"","_sitemap_frequency":"","_analytify_skip_tracking":false,"footnotes":""},"class_list":["post-18208","page","type-page","status-publish","has-post-thumbnail","hentry"],"acf":[],"_links":{"self":[{"href":"https:\/\/www.padel-test.de\/fr\/wp-json\/wp\/v2\/pages\/18208","targetHints":{"allow":["GET"]}}],"collection":[{"href":"https:\/\/www.padel-test.de\/fr\/wp-json\/wp\/v2\/pages"}],"about":[{"href":"https:\/\/www.padel-test.de\/fr\/wp-json\/wp\/v2\/types\/page"}],"author":[{"embeddable":true,"href":"https:\/\/www.padel-test.de\/fr\/wp-json\/wp\/v2\/users\/1"}],"replies":[{"embeddable":true,"href":"https:\/\/www.padel-test.de\/fr\/wp-json\/wp\/v2\/comments?post=18208"}],"version-history":[{"count":0,"href":"https:\/\/www.padel-test.de\/fr\/wp-json\/wp\/v2\/pages\/18208\/revisions"}],"up":[{"embeddable":true,"href":"https:\/\/www.padel-test.de\/fr\/wp-json\/wp\/v2\/pages\/18160"}],"wp:featuredmedia":[{"embeddable":true,"href":"https:\/\/www.padel-test.de\/fr\/wp-json\/wp\/v2\/media\/16877"}],"wp:attachment":[{"href":"https:\/\/www.padel-test.de\/fr\/wp-json\/wp\/v2\/media?parent=18208"}],"curies":[{"name":"wp","href":"https:\/\/api.w.org\/{rel}","templated":true}]}}