{"id":18212,"date":"2017-12-24T18:29:56","date_gmt":"2017-12-24T18:29:56","guid":{"rendered":"http:\/\/www.padel-test.de\/padel-plaetze\/padel-zuerich\/"},"modified":"2022-10-25T23:05:19","modified_gmt":"2022-10-25T23:05:19","slug":"padel-zuerich","status":"publish","type":"page","link":"https:\/\/www.padel-test.de\/fr\/terrains-de-padel\/padel-zuerich\/","title":{"rendered":"Padel Zurich"},"content":{"rendered":"<p><strong>Padel \u00e0 Zurich et dans les environs<\/strong><\/p>\n<p>C'est autour de Zurich que l'on trouve le plus de terrains de padel en Suisse. Actuellement, il est possible de jouer au padel dans 6 clubs. D'autres installations de padel sont en cours de planification.<\/p>\n<p>Sur le site <a href=\"\/fr\/padel-zuerich-unterland\/\">Padelclub Z\u00fcrich Unterland<\/a> se trouve un terrain de padel ext\u00e9rieur avec projecteurs. Le court fait partie du complexe sportif bassersdorf x aktiv et se trouve \u00e0 quelques minutes seulement de l'a\u00e9roport de Zurich.<\/p>\n<p><a href=\"\/fr\/padel-tc-unterengstringen\/\">Padel au TC Unterengstringen<\/a> on peut jouer sur trois terrains de padel en plein air. De plus, des le\u00e7ons de padel pour d\u00e9butants et des tournois de padel importants comme le Zurich Open y sont organis\u00e9s.<\/p>\n<p>Sur le <a href=\"\/fr\/padel-zuerich-sonnenberg\/\">Terrain de padel du complexe sportif du Sonnenberg<\/a> il est possible de pagayer sur un court ext\u00e9rieur. Le terrain de padel est tr\u00e8s proche de Zurich (3 km) et propose en outre une offre de bien-\u00eatre.<\/p>\n<p>Au sud de Zurich, sur les rives du lac de Zurich, se trouve le <a href=\"\/fr\/padel-horgen-zuerich\/\">Terrain de padel Horgen<\/a>. Ici aussi, il est possible de jouer sur un court ext\u00e9rieur \u00e9clair\u00e9 par des projecteurs. Il y a aussi un magasin de padel avec des \u00e9quipements de marques connues.<\/p>\n<p>Non loin de l\u00e0, \u00e0 la <a href=\"\/fr\/padelarena-waedenswil-zuerich\/\">Padelarena W\u00e4denswil<\/a> se trouve la <strong>la plus grande salle de padel indoor de Suisse<\/strong>! Le centre de padel dispose de 5 courts int\u00e9rieurs et propose r\u00e9guli\u00e8rement des camps de padel et des tournois.<\/p>\n<p>Au nord-ouest de Zurich se trouve le <a href=\"\/fr\/padel-brugg\/\">Padel Tennis Club Brugg<\/a>. Il y a \u00e9galement un court ext\u00e9rieur ! Une adh\u00e9sion d'essai pour la saison d'\u00e9t\u00e9 est sp\u00e9cialement pr\u00e9vue pour les joueurs de padel.<\/p>\n<ul>\n<li><em>Tous les <a href=\"\/fr\/terrains-de-padel-suisse\/\">Terrains de padel en Suisse<\/a> vous trouverez ici !<\/em><\/li>\n<li><em>Et une <a href=\"\/fr\/terrains-de-padel\/\">Carte des terrains de padel en Suisse<\/a> vous trouverez ici !<\/em><\/li>\n<\/ul>\n\t<h3>Terrains de paddle tennis - Carte<\/h3>\n\n<!-- iframe plugin v.6.0 wordpress.org\/plugins\/iframe\/ -->\n<iframe loading=\"lazy\" src=\"https:\/\/www.google.com\/maps\/d\/embed?mid=18OVW4FiG4noVz4vFAYmYzmjpOW8\" width=\"900\" 0=\"height=&quot;300&quot;&amp;gt;&amp;lt;\/iframe\" height=\"500\" scrolling=\"yes\" class=\"iframe-class\" frameborder=\"0\"><\/iframe>\n\n<h4>\n\t\tActualit\u00e9s Padel Zurich\n\t<\/h4>\n\t\t\t\t<a href=\"https:\/\/www.facebook.com\/sharer.php?u=https:\/\/www.padel-test.de\/padel-plaetze\/padel-zuerich\/?fl_builder&#038;title=Padel+Z%C3%BCrich\">\n\t\t\t\t\t\t\t\t\t\t\t\tPartager sur Facebook\n\t\t\t\t\t\t\t\t\t<\/a>\n\t\t\t\t<a href=\"https:\/\/twitter.com\/intent\/tweet?url=https:\/\/www.padel-test.de\/padel-plaetze\/padel-zuerich\/?fl_builder&#038;text=Padel+Z%C3%BCrich\">\n\t\t\t\t\t\t\t\t\t\t\t\tPartager sur Twitter\n\t\t\t\t\t\t\t\t\t<\/a>\n\t\t\t\t<a href=\"https:\/\/www.linkedin.com\/shareArticle?mini=true&#038;url=https:\/\/www.padel-test.de\/padel-plaetze\/padel-zuerich\/?fl_builder&#038;title=Padel+Z%C3%BCrich\">\n\t\t\t\t\t\t\t\t\t\t\t\tPartager sur Linkedin\n\t\t\t\t\t\t\t\t\t<\/a>\n\t\t\t\t<a href=\"mailto:?body=https:\/\/www.padel-test.de\/padel-plaetze\/padel-zuerich\/?fl_builder\">\n\t\t\t\t\t\t\t\t\t\t\t\tPartager par e-mail\n\t\t\t\t\t\t\t\t\t<\/a>","protected":false},"excerpt":{"rendered":"<p>Padel \u00e0 Zurich et dans les environs C'est autour de Zurich que l'on trouve le plus de terrains de padel en Suisse. Actuellement, il est possible de jouer au padel dans 6 clubs. D'autres installations de padel sont en cours de planification. Le Padelclub Z\u00fcrich Unterland dispose d'un terrain de padel ext\u00e9rieur \u00e9clair\u00e9. Le court fait partie du complexe sportif bassersdorf x aktiv et n'est qu'\u00e0 quelques...<\/p>","protected":false},"author":1,"featured_media":16989,"parent":18160,"menu_order":6,"comment_status":"closed","ping_status":"closed","template":"","meta":{"_acf_changed":false,"_sitemap_exclude":false,"_sitemap_priority":"","_sitemap_frequency":"","_analytify_skip_tracking":false,"footnotes":""},"class_list":["post-18212","page","type-page","status-publish","has-post-thumbnail","hentry"],"acf":[],"_links":{"self":[{"href":"https:\/\/www.padel-test.de\/fr\/wp-json\/wp\/v2\/pages\/18212","targetHints":{"allow":["GET"]}}],"collection":[{"href":"https:\/\/www.padel-test.de\/fr\/wp-json\/wp\/v2\/pages"}],"about":[{"href":"https:\/\/www.padel-test.de\/fr\/wp-json\/wp\/v2\/types\/page"}],"author":[{"embeddable":true,"href":"https:\/\/www.padel-test.de\/fr\/wp-json\/wp\/v2\/users\/1"}],"replies":[{"embeddable":true,"href":"https:\/\/www.padel-test.de\/fr\/wp-json\/wp\/v2\/comments?post=18212"}],"version-history":[{"count":0,"href":"https:\/\/www.padel-test.de\/fr\/wp-json\/wp\/v2\/pages\/18212\/revisions"}],"up":[{"embeddable":true,"href":"https:\/\/www.padel-test.de\/fr\/wp-json\/wp\/v2\/pages\/18160"}],"wp:featuredmedia":[{"embeddable":true,"href":"https:\/\/www.padel-test.de\/fr\/wp-json\/wp\/v2\/media\/16989"}],"wp:attachment":[{"href":"https:\/\/www.padel-test.de\/fr\/wp-json\/wp\/v2\/media?parent=18212"}],"curies":[{"name":"wp","href":"https:\/\/api.w.org\/{rel}","templated":true}]}}