{"id":18214,"date":"2019-08-02T16:46:59","date_gmt":"2019-08-02T16:46:59","guid":{"rendered":"http:\/\/www.padel-test.de\/padel-wissen\/was-ist-padel\/"},"modified":"2022-11-28T21:31:05","modified_gmt":"2022-11-28T21:31:05","slug":"quest-ce-que-le-padel","status":"publish","type":"page","link":"https:\/\/www.padel-test.de\/fr\/savoir-padel\/quest-ce-que-le-padel\/","title":{"rendered":"Qu'est-ce que le padel ?"},"content":{"rendered":"<h2>Qu'est-ce que le padel ou le p\u00e1del ? Qu'est-ce que le padel ?<\/h2>\n<p>En fait, le padel, p\u00e1del ou padel tennis est tr\u00e8s simple \u00e0 d\u00e9crire : Le padel est en fait un m\u00e9lange de tennis et de squash.<\/p>\n<p>C'est pourquoi le padel est souvent appel\u00e9 \"padel-tennis\". Toutefois, nous (les joueurs de padel) pr\u00e9f\u00e9rons parler uniquement de padel ou les Espagnols de p\u00e1del ! En effet, le padel est un sport de revers \u00e0 part enti\u00e8re, qui poss\u00e8de de nombreux \u00e9l\u00e9ments qui n'existent pas dans d'autres sports.<\/p>\n<p>Originaire du Mexique, le padel est le sport populaire par excellence, en particulier dans les pays hispanophones (pour en savoir plus sur l'histoire du padel). En Europe, c'est en Espagne que le padel est le plus repr\u00e9sent\u00e9, mais des pays comme le Portugal ou surtout l'Italie rattrapent rapidement leur retard (voir aussi <a href=\"\/fr\/test-de-padel\/nachrichten\/le-padel-italien-en-plein-essor-en-allemagne\/\">Boom du padel en Italie<\/a>).<\/p>\n<p>Le padel est avant tout facile \u00e0 apprendre et amusant d\u00e8s le d\u00e9but. M\u00eame les novices qui se trouvent pour la premi\u00e8re fois sur un terrain de padel peuvent jouer leur premier match de padel apr\u00e8s environ 30 \u00e0 45 minutes.<\/p>\n<p>Pour cela, il suffit de demander \u00e0 un entra\u00eeneur de padel ou \u00e0 un joueur de padel exp\u00e9riment\u00e9 s'il peut aider et coacher un peu.<\/p>\n<p>Alors, \u00e7a va vraiment tr\u00e8s vite !<\/p>\n<p>&nbsp;<\/p>\n<h2>Comment jouer au padel ?<\/h2>\n<p>Zum Beispiel so wie im nachfolgndem Video (&#8222;Die besten Padel Punkte der World Padel Tour 2021&#8220;). Aber so gut muss man gar nicht spielen k\u00f6nnen, um genau so viel Spa\u00df zu haben!<\/p>\n<p>Mais on peut bien s\u00fbr s'inspirer des vid\u00e9os de padel des pros du padel !<\/p>\n<p>&nbsp;<\/p>\n<p style=\"text-align: center;\"><iframe loading=\"lazy\" title=\"Lecteur vid\u00e9o YouTube\" src=\"https:\/\/www.youtube-nocookie.com\/embed\/OBR9yr9bvG8\" width=\"840\" height=\"472\" frameborder=\"0\" allowfullscreen=\"allowfullscreen\"><span style=\"display: inline-block; width: 0px; overflow: hidden; line-height: 0;\" data-mce-type=\"bookmark\" class=\"mce_SELRES_start\"><\/span><\/iframe><\/p>\n<p>&nbsp;<\/p>\n<p>Le padel est un sport tr\u00e8s dynamique, avec un nombre presque infini de combinaisons de coups et de positionnements.<\/p>\n<p>\u00c7a a l'air compliqu\u00e9, non ? Mais ce n'est pas le cas ! Cela montre simplement que m\u00eame les joueurs les plus professionnels apprennent en permanence et que l'on ne s'ennuie jamais.<\/p>\n<p>Comme le padel se joue toujours en double (donc avec 4 joueurs sur le terrain) et que le court de padel ne mesure que 20x10m, tout est un peu plus proche, plus \u00e9motionnel et plus communicatif qu'au tennis par exemple. Il n'est presque pas n\u00e9cessaire d'aller chercher les balles, car le court est entour\u00e9 d'un rev\u00eatement en plexiglas.<\/p>\n<p>&nbsp;<\/p>\n<h3>Quels sont les avantages du padel ?<\/h3>\n<ul>\n<li>Le padel a plus d'\u00e9changes longs et beaucoup plus de contacts avec la balle que les autres sports de revers.<\/li>\n<li>Au padel, la tactique et l'intelligence sont plus efficaces que l'athl\u00e9tisme pur.<\/li>\n<li>Le padel est beaucoup plus rapide\/facile \u00e0 apprendre que le tennis et le squash<\/li>\n<li>Le padel convient aux personnes de tous \u00e2ges et de tous sexes<\/li>\n<\/ul>\n<p>&nbsp;<\/p>\n<p>D'ailleurs, il n'y a pratiquement jamais de blessures au padel tennis - \u00e0 condition de s'\u00e9chauffer un peu avant, comme dans tout sport.<\/p>\n<p>&nbsp;<\/p>\n<h3>Comment jouer au padel ?<\/h3>\n<p>Comme nous l'avons d\u00e9j\u00e0 mentionn\u00e9, le padel se joue en double. Le court de padel ne ressemble pas tout \u00e0 fait \u00e0 un court de tennis, mais il est deux fois plus petit. Le terrain de padel est d\u00e9limit\u00e9 par des murs en plexiglas, parfois surmont\u00e9s d'un grillage.<\/p>\n<p>Ici, tu peux bien le voir sur la photo :<\/p>\n<p>&nbsp;<\/p>\n<div id=\"attachment_3432\" style=\"width: 640px\" class=\"wp-caption aligncenter\"><img loading=\"lazy\" decoding=\"async\" aria-describedby=\"caption-attachment-3432\" class=\"wp-image-3432 size-full\" src=\"https:\/\/www.padel-test.de\/wp-content\/uploads\/2017\/10\/ce7c64885f.jpg\" alt=\"Qu&#039;est-ce que le padel ? C&#039;est un court de padel \" width=\"630\" height=\"418\" \/><p id=\"caption-attachment-3432\" class=\"wp-caption-text\">Qu'est-ce que le padel ? C'est un terrain de padel en plein air en Espagne.<\/p><\/div>\n<p>&nbsp;<\/p>\n<p>Les r\u00e8gles du padel sont presque identiques \u00e0 celles du tennis.<\/p>\n<p><strong>Il y a toutefois deux grandes diff\u00e9rences :<\/strong><\/p>\n<ol>\n<li>Le service se fait par le bas (autrement dit : la balle ne doit pas \u00eatre jou\u00e9e au-dessus de la hanche), ce qui montre le caract\u00e8re plut\u00f4t d\u00e9fensif du padel.<\/li>\n<li>Les murs en plexiglas sont int\u00e9gr\u00e9s de mani\u00e8re intensive dans le jeu de padel. On peut donc encore jouer la balle apr\u00e8s qu'elle ait touch\u00e9 le mur (si la balle \u00e9tait auparavant au sol) et on peut aussi jouer la balle de padel par-dessus le ou les murs (oui, deux murs sont \u00e9galement possibles et autoris\u00e9s !).<\/li>\n<\/ol>\n<p>&nbsp;<\/p>\n<p>Tu veux en savoir plus sur le padel ?<br \/>\nBon, c'est ici que \u00e7a se passe :<\/p>\n<ul>\n<li><a href=\"\/fr\/savoir-padel\/regles-de-padel\/\">R\u00e8gles du padel<\/a><\/li>\n<li><a href=\"\/fr\/savoir-padel\/differences-tennis-padel\/\">Quelles sont les diff\u00e9rences entre le tennis et le padel ?<\/a><\/li>\n<li><a href=\"\/fr\/terrains-de-padel\/\">O\u00f9 peut-on jouer au padel ?<\/a><\/li>\n<\/ul>","protected":false},"excerpt":{"rendered":"<p>Qu'est-ce que le padel ou le p\u00e1del ? Qu'est-ce que le padel ? En fait, le padel, p\u00e1del ou padel tennis est tr\u00e8s simple \u00e0 d\u00e9crire : Le padel est en fait un m\u00e9lange de tennis et de squash. C'est pourquoi le padel est souvent appel\u00e9 padel-tennis. Toutefois, ...<\/p>","protected":false},"author":1,"featured_media":1118,"parent":18170,"menu_order":0,"comment_status":"closed","ping_status":"closed","template":"","meta":{"_acf_changed":false,"_sitemap_exclude":false,"_sitemap_priority":"","_sitemap_frequency":"","_analytify_skip_tracking":false,"footnotes":""},"class_list":["post-18214","page","type-page","status-publish","has-post-thumbnail","hentry"],"acf":[],"_links":{"self":[{"href":"https:\/\/www.padel-test.de\/fr\/wp-json\/wp\/v2\/pages\/18214","targetHints":{"allow":["GET"]}}],"collection":[{"href":"https:\/\/www.padel-test.de\/fr\/wp-json\/wp\/v2\/pages"}],"about":[{"href":"https:\/\/www.padel-test.de\/fr\/wp-json\/wp\/v2\/types\/page"}],"author":[{"embeddable":true,"href":"https:\/\/www.padel-test.de\/fr\/wp-json\/wp\/v2\/users\/1"}],"replies":[{"embeddable":true,"href":"https:\/\/www.padel-test.de\/fr\/wp-json\/wp\/v2\/comments?post=18214"}],"version-history":[{"count":0,"href":"https:\/\/www.padel-test.de\/fr\/wp-json\/wp\/v2\/pages\/18214\/revisions"}],"up":[{"embeddable":true,"href":"https:\/\/www.padel-test.de\/fr\/wp-json\/wp\/v2\/pages\/18170"}],"wp:featuredmedia":[{"embeddable":true,"href":"https:\/\/www.padel-test.de\/fr\/wp-json\/wp\/v2\/media\/1118"}],"wp:attachment":[{"href":"https:\/\/www.padel-test.de\/fr\/wp-json\/wp\/v2\/media?parent=18214"}],"curies":[{"name":"wp","href":"https:\/\/api.w.org\/{rel}","templated":true}]}}