{"id":18216,"date":"2019-08-02T16:46:50","date_gmt":"2019-08-02T16:46:50","guid":{"rendered":"http:\/\/www.padel-test.de\/padel-wissen\/unterschiede-tennis-padel\/"},"modified":"2022-11-03T00:07:51","modified_gmt":"2022-11-03T00:07:51","slug":"differences-tennis-padel","status":"publish","type":"page","link":"https:\/\/www.padel-test.de\/fr\/savoir-padel\/differences-tennis-padel\/","title":{"rendered":"Diff\u00e9rences entre le tennis et le padel ?"},"content":{"rendered":"<h2>Quelles sont les diff\u00e9rences entre le padel et le tennis ?<\/h2>\n<ul>\n<li>Le padel se joue sur un terrain nettement plus petit (10x20m). Un court de tennis normal avec une zone de d\u00e9gagement peut donc accueillir environ 2 \u00e0 3 courts de padel.<\/li>\n<li>Le padel se joue toujours en double. Il existe bien quelques courts de padel en simple, mais ils ne servent qu'\u00e0 s'entra\u00eener. Lors des tournois de padel, on ne joue vraiment qu'en double.<\/li>\n<li>Le padel s'apprend beaucoup, beaucoup plus vite que le tennis.<\/li>\n<li><a href=\"\/fr\/savoir-padel\/raquettes-de-padel\/\">Raquettes de padel<\/a> sont nettement plus courtes que les raquettes de tennis et n'ont pas de c\u00f4t\u00e9s, mais sont enti\u00e8rement fabriqu\u00e9es en mati\u00e8res synth\u00e9tiques (fibre de verre, \u00e9thyl\u00e8ne-ac\u00e9tate de vinyle (EVA), carbone, polyur\u00e9thane (PUR), technologie carbone-aluminium, etc.<\/li>\n<li>Bei Padel geht es mehr ums &#8222;K\u00f6pfchen&#8220;, also Spielwitz und weniger um Kraft und Athletik.<\/li>\n<li>Les \u00e9changes de balles sont beaucoup plus longs au padel qu'au tennis.<\/li>\n<li>service par le bas (la balle de padel doit \u00eatre frapp\u00e9e en dessous de la hanche)<\/li>\n<li>les balles de padel sont un peu plus molles que les balles de tennis (pression d'air plus faible)<\/li>\n<li>Le tennis existe depuis le XVIe si\u00e8cle (\u00e0 l'\u00e9poque, il s'agissait d'un sport de comp\u00e9tition). <a title=\"\" href=\"https:\/\/de.wikipedia.org\/wiki\/Jeu_de_Paume\" target=\"_blank\" rel=\"nofollow noopener noreferrer\">Jeu de Paume<\/a>\u00a0 ) - mais : le tennis de l'\u00e9poque ressemblait beaucoup plus au padel actuel. Le tennis descend donc en fait du padel ? \ud83d\ude09 Ici, tu trouveras plus d'infos sur la <a href=\"https:\/\/www.padel-test.de\/fr\/savoir-padel\/histoire-du-padel\/\">Histoire du padel<\/a>!<\/li>\n<li>Le padel, c'est plus cool ! Pas \u00e9tonnant que de nombreuses c\u00e9l\u00e9brit\u00e9s et professionnels du sport comme J\u00fcrgen Klopp jouent d\u00e9sormais presque tous les jours au padel.<\/li>\n<\/ul>\n<p>&nbsp;<\/p>\n<p>Et il y a encore bien d'autres diff\u00e9rences entre le tennis et le padel - essaie donc toi-m\u00eame !<\/p>\n<p>Tu trouveras ici un aper\u00e7u des <a href=\"\/fr\/terrains-de-padel\/\">Terrains de padel en Allemagne<\/a> - il y a certainement un terrain de padel pr\u00e8s de chez toi !<\/p>\n<p>&nbsp;<\/p>\n<div id=\"attachment_9038\" style=\"width: 356px\" class=\"wp-caption aligncenter\"><img loading=\"lazy\" decoding=\"async\" aria-describedby=\"caption-attachment-9038\" class=\"wp-image-9038 size-full\" src=\"https:\/\/www.padel-test.de\/wp-content\/uploads\/2022\/09\/Jeu_de_paume.jpg\" alt=\"Jeu De Paume - le pr\u00e9curseur du tennis et du padel\" width=\"346\" height=\"460\" \/><p id=\"caption-attachment-9038\" class=\"wp-caption-text\">Jeu De Paume - le pr\u00e9curseur du tennis et du padel<\/p><\/div>\n<p>&nbsp;<\/p>\n<p><span data-slate-fragment=\"JTVCJTdCJTIydHlwZSUyMiUzQSUyMnBhcmFncmFwaCUyMiUyQyUyMmNoaWxkcmVuJTIyJTNBJTVCJTdCJTIydGV4dCUyMiUzQSUyMldhcyUyMGlzdCUyMGJlc3NlciUyMGYlQzMlQkNyJTIwZGllJTIwS25pZWdlbGVua2UlMjAtJTIwUGFkZWwlMjBvZGVyJTIwVGVubmlzJTNGJTIwRWluaWdlJTIwU3R1ZGllbiUyMGhhYmVuJTIwZ2V6ZWlndCUyQyUyMGRhc3MlMjBQYWRlbCUyMGJlc3NlciUyMGYlQzMlQkNyJTIwZGllJTIwS25pZWdlbGVua2UlMjBpc3QlMkMlMjBkYSUyMGVzJTIwd2VuaWdlciUyMEVyc2NoJUMzJUJDdHRlcnVuZ2VuJTIwdmVydXJzYWNodC4lMjBBbmRlcmUlMjBTdHVkaWVuJTIwaGFiZW4lMjBqZWRvY2glMjBnZXplaWd0JTJDJTIwZGFzcyUyMFRlbm5pcyUyMGJlc3NlciUyMGYlQzMlQkNyJTIwZGllJTIwS25pZWdlbGVua2UlMjBpc3QlMkMlMjBkYSUyMGVzJTIwZGllJTIwR2VsZW5rZSUyMHN0JUMzJUE0cmt0LiUyMERhaGVyJTIwaXN0JTIwZXMlMjBzY2h3aWVyaWclMjB6dSUyMHNhZ2VuJTJDJTIwd2VsY2hlcyUyMFNwaWVsJTIwYmVzc2VyJTIwZiVDMyVCQ3IlMjBkaWUlMjBLbmllZ2VsZW5rZSUyMGlzdC4lMjAlMjIlN0QlNUQlN0QlNUQ=\">Et qu'est-ce qui est mieux pour les articulations du genou - le padel ou le tennis ? <\/span><\/p>\n<p><span data-slate-fragment=\"JTVCJTdCJTIydHlwZSUyMiUzQSUyMnBhcmFncmFwaCUyMiUyQyUyMmNoaWxkcmVuJTIyJTNBJTVCJTdCJTIydGV4dCUyMiUzQSUyMldhcyUyMGlzdCUyMGJlc3NlciUyMGYlQzMlQkNyJTIwZGllJTIwS25pZWdlbGVua2UlMjAtJTIwUGFkZWwlMjBvZGVyJTIwVGVubmlzJTNGJTIwRWluaWdlJTIwU3R1ZGllbiUyMGhhYmVuJTIwZ2V6ZWlndCUyQyUyMGRhc3MlMjBQYWRlbCUyMGJlc3NlciUyMGYlQzMlQkNyJTIwZGllJTIwS25pZWdlbGVua2UlMjBpc3QlMkMlMjBkYSUyMGVzJTIwd2VuaWdlciUyMEVyc2NoJUMzJUJDdHRlcnVuZ2VuJTIwdmVydXJzYWNodC4lMjBBbmRlcmUlMjBTdHVkaWVuJTIwaGFiZW4lMjBqZWRvY2glMjBnZXplaWd0JTJDJTIwZGFzcyUyMFRlbm5pcyUyMGJlc3NlciUyMGYlQzMlQkNyJTIwZGllJTIwS25pZWdlbGVua2UlMjBpc3QlMkMlMjBkYSUyMGVzJTIwZGllJTIwR2VsZW5rZSUyMHN0JUMzJUE0cmt0LiUyMERhaGVyJTIwaXN0JTIwZXMlMjBzY2h3aWVyaWclMjB6dSUyMHNhZ2VuJTJDJTIwd2VsY2hlcyUyMFNwaWVsJTIwYmVzc2VyJTIwZiVDMyVCQ3IlMjBkaWUlMjBLbmllZ2VsZW5rZSUyMGlzdC4lMjAlMjIlN0QlNUQlN0QlNUQ=\">C'est l\u00e0 que les savants se disputent ! Certaines \u00e9tudes ont montr\u00e9 que le padel est meilleur pour les articulations des genoux, car il provoque moins de chocs. <\/span><\/p>\n<p><span data-slate-fragment=\"JTVCJTdCJTIydHlwZSUyMiUzQSUyMnBhcmFncmFwaCUyMiUyQyUyMmNoaWxkcmVuJTIyJTNBJTVCJTdCJTIydGV4dCUyMiUzQSUyMldhcyUyMGlzdCUyMGJlc3NlciUyMGYlQzMlQkNyJTIwZGllJTIwS25pZWdlbGVua2UlMjAtJTIwUGFkZWwlMjBvZGVyJTIwVGVubmlzJTNGJTIwRWluaWdlJTIwU3R1ZGllbiUyMGhhYmVuJTIwZ2V6ZWlndCUyQyUyMGRhc3MlMjBQYWRlbCUyMGJlc3NlciUyMGYlQzMlQkNyJTIwZGllJTIwS25pZWdlbGVua2UlMjBpc3QlMkMlMjBkYSUyMGVzJTIwd2VuaWdlciUyMEVyc2NoJUMzJUJDdHRlcnVuZ2VuJTIwdmVydXJzYWNodC4lMjBBbmRlcmUlMjBTdHVkaWVuJTIwaGFiZW4lMjBqZWRvY2glMjBnZXplaWd0JTJDJTIwZGFzcyUyMFRlbm5pcyUyMGJlc3NlciUyMGYlQzMlQkNyJTIwZGllJTIwS25pZWdlbGVua2UlMjBpc3QlMkMlMjBkYSUyMGVzJTIwZGllJTIwR2VsZW5rZSUyMHN0JUMzJUE0cmt0LiUyMERhaGVyJTIwaXN0JTIwZXMlMjBzY2h3aWVyaWclMjB6dSUyMHNhZ2VuJTJDJTIwd2VsY2hlcyUyMFNwaWVsJTIwYmVzc2VyJTIwZiVDMyVCQ3IlMjBkaWUlMjBLbmllZ2VsZW5rZSUyMGlzdC4lMjAlMjIlN0QlNUQlN0QlNUQ=\">D'autres \u00e9tudes ont toutefois montr\u00e9 que le tennis est meilleur pour les articulations du genou, car il les renforce. <\/span><\/p>\n<p><span data-slate-fragment=\"JTVCJTdCJTIydHlwZSUyMiUzQSUyMnBhcmFncmFwaCUyMiUyQyUyMmNoaWxkcmVuJTIyJTNBJTVCJTdCJTIydGV4dCUyMiUzQSUyMldhcyUyMGlzdCUyMGJlc3NlciUyMGYlQzMlQkNyJTIwZGllJTIwS25pZWdlbGVua2UlMjAtJTIwUGFkZWwlMjBvZGVyJTIwVGVubmlzJTNGJTIwRWluaWdlJTIwU3R1ZGllbiUyMGhhYmVuJTIwZ2V6ZWlndCUyQyUyMGRhc3MlMjBQYWRlbCUyMGJlc3NlciUyMGYlQzMlQkNyJTIwZGllJTIwS25pZWdlbGVua2UlMjBpc3QlMkMlMjBkYSUyMGVzJTIwd2VuaWdlciUyMEVyc2NoJUMzJUJDdHRlcnVuZ2VuJTIwdmVydXJzYWNodC4lMjBBbmRlcmUlMjBTdHVkaWVuJTIwaGFiZW4lMjBqZWRvY2glMjBnZXplaWd0JTJDJTIwZGFzcyUyMFRlbm5pcyUyMGJlc3NlciUyMGYlQzMlQkNyJTIwZGllJTIwS25pZWdlbGVua2UlMjBpc3QlMkMlMjBkYSUyMGVzJTIwZGllJTIwR2VsZW5rZSUyMHN0JUMzJUE0cmt0LiUyMERhaGVyJTIwaXN0JTIwZXMlMjBzY2h3aWVyaWclMjB6dSUyMHNhZ2VuJTJDJTIwd2VsY2hlcyUyMFNwaWVsJTIwYmVzc2VyJTIwZiVDMyVCQ3IlMjBkaWUlMjBLbmllZ2VsZW5rZSUyMGlzdC4lMjAlMjIlN0QlNUQlN0QlNUQ=\">Il est donc difficile de dire quel jeu est le meilleur pour les articulations du genou.<\/span><\/p>\n<p>Dans les deux cas, de bonnes chaussures de padel et\/ou une semelle de sport de qualit\u00e9 qui amortit bien les chocs devraient \u00eatre utiles.<\/p>","protected":false},"excerpt":{"rendered":"<p>Diff\u00e9rences tennis padel : Quelles sont les diff\u00e9rences entre le padel et le tennis ? Le padel se joue sur un terrain nettement plus petit (10x20m). Un court de tennis normal avec une zone de d\u00e9gagement peut donc accueillir environ ...<\/p>","protected":false},"author":1,"featured_media":18217,"parent":18170,"menu_order":1,"comment_status":"closed","ping_status":"closed","template":"","meta":{"_acf_changed":false,"_sitemap_exclude":false,"_sitemap_priority":"","_sitemap_frequency":"","_analytify_skip_tracking":false,"footnotes":""},"class_list":["post-18216","page","type-page","status-publish","has-post-thumbnail","hentry"],"acf":[],"_links":{"self":[{"href":"https:\/\/www.padel-test.de\/fr\/wp-json\/wp\/v2\/pages\/18216","targetHints":{"allow":["GET"]}}],"collection":[{"href":"https:\/\/www.padel-test.de\/fr\/wp-json\/wp\/v2\/pages"}],"about":[{"href":"https:\/\/www.padel-test.de\/fr\/wp-json\/wp\/v2\/types\/page"}],"author":[{"embeddable":true,"href":"https:\/\/www.padel-test.de\/fr\/wp-json\/wp\/v2\/users\/1"}],"replies":[{"embeddable":true,"href":"https:\/\/www.padel-test.de\/fr\/wp-json\/wp\/v2\/comments?post=18216"}],"version-history":[{"count":0,"href":"https:\/\/www.padel-test.de\/fr\/wp-json\/wp\/v2\/pages\/18216\/revisions"}],"up":[{"embeddable":true,"href":"https:\/\/www.padel-test.de\/fr\/wp-json\/wp\/v2\/pages\/18170"}],"wp:featuredmedia":[{"embeddable":true,"href":"https:\/\/www.padel-test.de\/fr\/wp-json\/wp\/v2\/media\/18217"}],"wp:attachment":[{"href":"https:\/\/www.padel-test.de\/fr\/wp-json\/wp\/v2\/media?parent=18216"}],"curies":[{"name":"wp","href":"https:\/\/api.w.org\/{rel}","templated":true}]}}