{"id":18221,"date":"2019-08-08T09:12:03","date_gmt":"2019-08-08T09:12:03","guid":{"rendered":"http:\/\/www.padel-test.de\/padel-wissen\/padel-schlaeger\/"},"modified":"2025-01-01T11:00:32","modified_gmt":"2025-01-01T11:00:32","slug":"raquettes-de-padel","status":"publish","type":"page","link":"https:\/\/www.padel-test.de\/fr\/savoir-padel\/raquettes-de-padel\/","title":{"rendered":"Raquette de padel - comment trouver la bonne raquette de padel ?"},"content":{"rendered":"<h2>Comment trouver la bonne raquette de padel ?<\/h2>\n<p>Pour trouver la bonne raquette de padel, il faut d'abord savoir quel type de joueur tu es et quel est ton niveau de jeu. Ces deux \u00e9l\u00e9ments peuvent bien s\u00fbr \u00e9voluer au fil du temps, notamment en cas d'entra\u00eenement intensif au padel et de participation \u00e0 des tournois. Et bien s\u00fbr, cela d\u00e9pend aussi du prix que tu veux d\u00e9penser.<\/p>\n<p>On trouve des raquettes de padel simples \u00e0 partir de 30,- euros (par exemple chez <a href=\"\/fr\/artengo\/\">Artengo<\/a> chez Decathlon). Pour ceux qui recherchent la qualit\u00e9, il est pr\u00e9f\u00e9rable de commencer \u00e0 partir de 70 \u00e0 90 euros. Bien s\u00fbr, il n'y a pas vraiment de limite sup\u00e9rieure. Il existe des raquettes de padel \u00e0 plus de 500 euros ! La plupart des raquettes professionnelles se situent entre 150,- et 250,- euros.<\/p>\n<p>Les marques de padel connues sont :<br \/>\nAdidas, Artengo, Asics, Babolat, Black Crown, Bullpadel, Dabber, Donnay, Dunlop, Enebe, Head, Lord, Nox, Wilson et bien d'autres marques r\u00e9gionales qui ne jouent un r\u00f4le que dans certains ou quelques pays.<\/p>\n<p>&nbsp;<\/p>\n<p><strong> CONSEIL LECTURE <\/strong><\/p>\n<pre class=\"fl-heading\"><a title=\"Test de raquettes de padel avec Babolat et Dunlop \u00e0 M\u00fcnster\" href=\"https:\/\/www.padel-test.de\/fr\/nouvelles-du-padel\/raquettes-de-padel-test-babolat-dunlop\/\" target=\"_self\" rel=\"noopener\"><span class=\"fl-heading-text\">Test de raquettes de padel avec Babolat et Dunlop \u00e0 M\u00fcnster<\/span><\/a><\/pre>\n<p>&nbsp;<\/p>\n<h3>Forme de la raquette de padel<\/h3>\n<p>En principe, il existe 3 formes de raquettes de padel diff\u00e9rentes : Diamant, Rond et Goutte.<\/p>\n<ul>\n<li>Raquettes de padel en forme de diamant : tu obtiens une vitesse de frappe plus \u00e9lev\u00e9e avec ces raquettes<\/li>\n<li>Raquette de padel de forme ronde : Vous avez plus de contr\u00f4le avec une t\u00eate de raquette ronde.<\/li>\n<li>Raquettes de padel en forme de goutte : un m\u00e9lange de rond et de diamant - parfait pour les joueurs de padel \u00e9quilibr\u00e9s.<\/li>\n<\/ul>\n<p>Une raquette de padel mesure d'ailleurs au maximum 46 cm de long et 26 cm de large. Selon les r\u00e8gles officielles du padel, l'\u00e9paisseur de la raquette ne doit pas d\u00e9passer 38 mm. Son poids se situe g\u00e9n\u00e9ralement entre 340 et 395 grammes.<\/p>\n<h3>Poids de la raquette de padel<\/h3>\n<p>En principe, en ce qui concerne le poids de la raquette, un club l\u00e9ger (340 \u00e0 360 grammes) simplifie le contr\u00f4le de la balle. Mais elle a moins de puissance de frappe. Une raquette de padel lourde (370 \u00e0 390 grammes) a plus de puissance de frappe, mais moins de contr\u00f4le. Ainsi, les raquettes plus lourdes se retrouvent plut\u00f4t chez les bons joueurs.<\/p>\n<p>Les raquettes de la cat\u00e9gorie de poids 360 \u00e0 370 grammes se situent au milieu et offrent souvent un bon compromis entre contr\u00f4le de la balle et puissance de frappe.<\/p>\n<p>Les raquettes de padel ont tendance \u00e0 \u00e9voluer gr\u00e2ce aux nouvelles technologies, de sorte que les raquettes ne doivent plus \u00eatre aussi lourdes pour \u00eatre puissantes.<\/p>\n<h3>Duret\u00e9 des raquettes de padel<\/h3>\n<p>Plus la surface de la raquette est dure, plus tu as de contr\u00f4le sur la balle. Mais cela entra\u00eene aussi une perte de puissance de frappe. Et si tu as d\u00e9j\u00e0 eu un tennis-elbow, tu remarqueras rapidement qu'une surface dure absorbe moins d'\u00e9nergie et que ton bras de frappe est plus sollicit\u00e9.<\/p>\n<p>Hat der Schl\u00e4ger eine weichere Oberfl\u00e4che, die also mehr Energie absorbiert, dann ist dies auch armschonender. Gleichzeitig bleibt der Ball l\u00e4nger am Padelschl\u00e4ger &#8222;kleben&#8220; und Du hast einen schnelleren Schlag oder Smash. Allerdings geht im Vergleich zur harten Oberfl\u00e4che Kontrolle verloren.<\/p>\n<p>Les raquettes souples conviennent donc plut\u00f4t aux joueurs ayant des probl\u00e8mes de bras ou aux joueurs avanc\u00e9s et aux joueurs de comp\u00e9tition.<\/p>\n<h3>Point sensible<\/h3>\n<p>Mit dem Begriff Sweet Spot wird beim Padel Tennis die &#8222;effektivste&#8220; Zone bezeichnet. Wenn Du die <a href=\"\/fr\/savoir-padel\/palettes-de-padel\/\">Balles de padel<\/a>\u00a0Si tu frappes avec le sweetspot, le coup aura un rendement optimal.<\/p>\n<p>Les raquettes de padel avec un grand sweet spot au milieu de la raquette ont un meilleur contr\u00f4le. Les raquettes de padel avec un sweet spot plut\u00f4t petit \u00e0 l'extr\u00e9mit\u00e9 de la raquette te donnent plus de puissance de frappe, ce qui te permet d'acc\u00e9l\u00e9rer la balle de padel plus rapidement - si tu la frappes correctement. Dans le cas contraire, tu perdras beaucoup de contr\u00f4le. C'est pourquoi les d\u00e9butants devraient plut\u00f4t choisir une raquette avec un grand sweet spot. Les joueurs professionnels choisissent plus souvent la variante avec un petit sweet spot.<\/p>\n<p>Il existe \u00e9galement des raquettes avec un sweet spot elliptique. Celles-ci sont quasiment un m\u00e9lange des deux caract\u00e9ristiques pr\u00e9c\u00e9dentes et repr\u00e9sentent un compromis entre contr\u00f4le et puissance de frappe.<\/p>\n<p>&nbsp;<\/p>\n<h3>\u00c9quilibre de la raquette<\/h3>\n<p>L'\u00e9quilibre du poids joue \u00e9galement un r\u00f4le important dans les raquettes de padel.<\/p>\n<p>Les raquettes dont le centre de gravit\u00e9 se situe plut\u00f4t au niveau du manche sont plus faciles \u00e0 d\u00e9placer, demandent moins de force et te donnent beaucoup de contr\u00f4le. Mais : plus de contr\u00f4le signifie ici aussi : moins de force de frappe !<\/p>\n<p>Il en va autrement avec une raquette de padel plut\u00f4t lourde en t\u00eate. Avec ces raquettes, tu peux atteindre des vitesses de frappe nettement plus \u00e9lev\u00e9es, mais tu as aussi nettement moins de contr\u00f4le. Ces raquettes de padel sont donc plut\u00f4t destin\u00e9es aux joueurs avanc\u00e9s.<\/p>\n<p>Mais il existe aussi des raquettes dont le poids est \u00e9quilibr\u00e9. Dans ce cas, tu as toujours un bon contr\u00f4le et tu peux jouer relativement vite. Un bon choix de raquette pour le joueur normal qui joue et s'entra\u00eene r\u00e9guli\u00e8rement.<\/p>\n<p>&nbsp;<\/p>\n<p>&nbsp;<\/p>\n<h3>Acheter des raquettes de padel<\/h3>\n<p>Ici, tu peux facilement acheter des raquettes de padel (par exemple aussi des raquettes de padel Adidas ou des raquettes de padel Wilson) :<\/p>\n<table>\n<tbody>\n<tr>\n<th><iframe style=\"width: 120px; height: 240px;\" src=\"\/\/ws-eu.amazon-adsystem.com\/widgets\/q?ServiceVersion=20070822&amp;OneJS=1&amp;Operation=GetAdHtml&amp;MarketPlace=DE&amp;source=ac&amp;ref=tf_til&amp;ad_type=product_link&amp;tracking_id=brokertestde-21&amp;marketplace=amazon&amp;region=DE&amp;placement=B08NXG5FPR&amp;asins=B08NXG5FPR&amp;linkId=19135bef4d8f79bc30bab779f2427959&amp;show_border=true&amp;link_opens_in_new_window=true&amp;price_color=333333&amp;title_color=0066c0&amp;bg_color=ffffff\" frameborder=\"0\" marginwidth=\"0\" marginheight=\"0\" scrolling=\"no\"><br \/>\n<\/iframe><\/th>\n<th><iframe style=\"width: 120px; height: 240px;\" src=\"\/\/ws-eu.amazon-adsystem.com\/widgets\/q?ServiceVersion=20070822&amp;OneJS=1&amp;Operation=GetAdHtml&amp;MarketPlace=DE&amp;source=ac&amp;ref=tf_til&amp;ad_type=product_link&amp;tracking_id=brokertestde-21&amp;marketplace=amazon&amp;region=DE&amp;placement=B08T5Q5YZX&amp;asins=B08T5Q5YZX&amp;linkId=7dddad661c8a310d9f9ed7c873929a47&amp;show_border=true&amp;link_opens_in_new_window=true&amp;price_color=333333&amp;title_color=0066c0&amp;bg_color=ffffff\" frameborder=\"0\" marginwidth=\"0\" marginheight=\"0\" scrolling=\"no\"><br \/>\n<\/iframe><\/th>\n<th><iframe style=\"width: 120px; height: 240px;\" src=\"\/\/ws-eu.amazon-adsystem.com\/widgets\/q?ServiceVersion=20070822&amp;OneJS=1&amp;Operation=GetAdHtml&amp;MarketPlace=DE&amp;source=ac&amp;ref=tf_til&amp;ad_type=product_link&amp;tracking_id=brokertestde-21&amp;marketplace=amazon&amp;region=DE&amp;placement=B08NXG5FPR&amp;asins=B08NXG5FPR&amp;linkId=e6620d486a8799e8d3c827a08d98d196&amp;show_border=true&amp;link_opens_in_new_window=true&amp;price_color=333333&amp;title_color=0066c0&amp;bg_color=ffffff\" frameborder=\"0\" marginwidth=\"0\" marginheight=\"0\" scrolling=\"no\"><br \/>\n<\/iframe><\/th>\n<td><iframe style=\"width: 120px; height: 240px;\" src=\"\/\/ws-eu.amazon-adsystem.com\/widgets\/q?ServiceVersion=20070822&amp;OneJS=1&amp;Operation=GetAdHtml&amp;MarketPlace=DE&amp;source=ac&amp;ref=tf_til&amp;ad_type=product_link&amp;tracking_id=brokertestde-21&amp;marketplace=amazon&amp;region=DE&amp;placement=B08MBDH4RP&amp;asins=B08MBDH4RP&amp;linkId=912ece1315939e078b54e2189ae81af7&amp;show_border=true&amp;link_opens_in_new_window=true&amp;price_color=333333&amp;title_color=0066c0&amp;bg_color=ffffff\" frameborder=\"0\" marginwidth=\"0\" marginheight=\"0\" scrolling=\"no\"><br \/>\n<\/iframe><\/td>\n<\/tr>\n<\/tbody>\n<\/table>\n<p>&nbsp;<\/p>\n<p><strong>Tip :<\/strong><\/p>\n<p>Demande \u00e0 ton entra\u00eeneur de padel s'il ne peut pas te donner quelques raquettes pour les tester. Tu sauras ainsi \u00e0 l'avance ce que tu ach\u00e8tes !<\/p>\n<p>&nbsp;<\/p>\n<p><strong>Que sont les balles de padel ? <\/strong><\/p>\n<p>Ici, tu peux te renseigner sur <a title=\"Balles de padel\" href=\"\/fr\/savoir-padel\/palettes-de-padel\/\" target=\"_self\" rel=\"noopener\"><span class=\"fl-heading-text\">Balles de padel<\/span><\/a> informer.<\/p>","protected":false},"excerpt":{"rendered":"<p>Raquette de padel : comment trouver la bonne raquette de padel ? Pour trouver la bonne raquette de padel, il faut d'abord savoir quel type de joueur tu es et quel est ton niveau de jeu.  Les raquettes de padel simples sont disponibles \u00e0 partir d'un ...<\/p>","protected":false},"author":1,"featured_media":0,"parent":18170,"menu_order":4,"comment_status":"closed","ping_status":"closed","template":"","meta":{"_acf_changed":false,"_sitemap_exclude":false,"_sitemap_priority":"","_sitemap_frequency":"","_analytify_skip_tracking":false,"footnotes":""},"class_list":["post-18221","page","type-page","status-publish","hentry"],"acf":[],"_links":{"self":[{"href":"https:\/\/www.padel-test.de\/fr\/wp-json\/wp\/v2\/pages\/18221","targetHints":{"allow":["GET"]}}],"collection":[{"href":"https:\/\/www.padel-test.de\/fr\/wp-json\/wp\/v2\/pages"}],"about":[{"href":"https:\/\/www.padel-test.de\/fr\/wp-json\/wp\/v2\/types\/page"}],"author":[{"embeddable":true,"href":"https:\/\/www.padel-test.de\/fr\/wp-json\/wp\/v2\/users\/1"}],"replies":[{"embeddable":true,"href":"https:\/\/www.padel-test.de\/fr\/wp-json\/wp\/v2\/comments?post=18221"}],"version-history":[{"count":1,"href":"https:\/\/www.padel-test.de\/fr\/wp-json\/wp\/v2\/pages\/18221\/revisions"}],"predecessor-version":[{"id":22936,"href":"https:\/\/www.padel-test.de\/fr\/wp-json\/wp\/v2\/pages\/18221\/revisions\/22936"}],"up":[{"embeddable":true,"href":"https:\/\/www.padel-test.de\/fr\/wp-json\/wp\/v2\/pages\/18170"}],"wp:attachment":[{"href":"https:\/\/www.padel-test.de\/fr\/wp-json\/wp\/v2\/media?parent=18221"}],"curies":[{"name":"wp","href":"https:\/\/api.w.org\/{rel}","templated":true}]}}